{"id":16346,"date":"2016-03-20T13:31:34","date_gmt":"2016-03-20T13:31:34","guid":{"rendered":"http:\/\/topholds.com\/roma-campus-7cm\/"},"modified":"2024-08-26T02:30:50","modified_gmt":"2024-08-26T02:30:50","slug":"roma-campus-7cm","status":"publish","type":"product","link":"https:\/\/mail.topholds.com\/de\/angebot\/hindernisparcours\/trainingc\/griffe\/roma-campus-7cm\/","title":{"rendered":"Klettergriff Kugel Roma Campus 7 cm"},"content":{"rendered":"<p><strong>Bola Roma Campus 7 cm ist eine Klettergriffform<\/strong>, die eine abgerundete Form hat, um deine F\u00e4higkeiten herauszufordern und zu verbessern.<\/p>\n<p>Mit einer <strong>weichen und angenehmen Textur<\/strong> bietet sie einen komfortablen und sicheren Halt w\u00e4hrend deiner Klettersitzungen.<\/p>\n<p>Dieser Griff hat einen <strong>Durchmesser von 70 mm und eine H\u00f6he von 54 mm<\/strong>, was ihn f\u00fcr Kletterer unterschiedlicher F\u00e4higkeitsstufen geeignet macht.<\/p>\n<p>Um eine sichere Befestigung zu gew\u00e4hrleisten, wird empfohlen, <strong>M10x40 oder M8x60 Schrauben<\/strong> zu verwenden.<\/p>\n<p>Bitte beachte, dass die Farben des Produkts von dem abgebildeten Bild abweichen k\u00f6nnen. Wenn du eine bestimmte Farbe m\u00f6chtest, z\u00f6gere nicht, uns zu kontaktieren.<\/p>\n","protected":false},"excerpt":{"rendered":"<ul>\n<li>Vollkommen perfekter Ball.<\/li>\n<li>Weiche Textur.<\/li>\n<li>Durchmesser von 70mm x 54mm H\u00f6he.<\/li>\n<\/ul>\n","protected":false},"featured_media":5057,"comment_status":"open","ping_status":"closed","template":"","meta":[],"product_brand":[],"product_cat":[497,403,492,418,458],"product_tag":[],"class_list":{"0":"post-16346","1":"product","2":"type-product","3":"status-publish","4":"has-post-thumbnail","6":"product_cat-griffe","7":"product_cat-hindernisparcours","8":"product_cat-trainingc","9":"product_cat-klettergriffe","10":"product_cat-trainingss","12":"first","13":"instock","14":"taxable","15":"shipping-taxable","16":"purchasable","17":"product-type-simple"},"_links":{"self":[{"href":"https:\/\/mail.topholds.com\/de\/wp-json\/wp\/v2\/product\/16346","targetHints":{"allow":["GET"]}}],"collection":[{"href":"https:\/\/mail.topholds.com\/de\/wp-json\/wp\/v2\/product"}],"about":[{"href":"https:\/\/mail.topholds.com\/de\/wp-json\/wp\/v2\/types\/product"}],"replies":[{"embeddable":true,"href":"https:\/\/mail.topholds.com\/de\/wp-json\/wp\/v2\/comments?post=16346"}],"wp:featuredmedia":[{"embeddable":true,"href":"https:\/\/mail.topholds.com\/de\/wp-json\/wp\/v2\/media\/5057"}],"wp:attachment":[{"href":"https:\/\/mail.topholds.com\/de\/wp-json\/wp\/v2\/media?parent=16346"}],"wp:term":[{"taxonomy":"product_brand","embeddable":true,"href":"https:\/\/mail.topholds.com\/de\/wp-json\/wp\/v2\/product_brand?post=16346"},{"taxonomy":"product_cat","embeddable":true,"href":"https:\/\/mail.topholds.com\/de\/wp-json\/wp\/v2\/product_cat?post=16346"},{"taxonomy":"product_tag","embeddable":true,"href":"https:\/\/mail.topholds.com\/de\/wp-json\/wp\/v2\/product_tag?post=16346"}],"curies":[{"name":"wp","href":"https:\/\/api.w.org\/{rel}","templated":true}]}}