{"id":16371,"date":"2016-03-22T17:48:11","date_gmt":"2016-03-22T17:48:11","guid":{"rendered":"http:\/\/topholds.com\/nylon-sieb-20x85\/"},"modified":"2024-08-26T02:33:49","modified_gmt":"2024-08-26T02:33:49","slug":"nylon-sieb-20x85","status":"publish","type":"product","link":"https:\/\/mail.topholds.com\/de\/angebot\/befestigungen\/wandanker\/nylon-sieb-20x85\/","title":{"rendered":"Nylon-Sieb 20\u00d785"},"content":{"rendered":"<p>*<strong>Hochfester chemischer Anker und Innengewinde-D\u00fcbel<\/strong> f\u00fcr W\u00e4nde aus Beton, Stein oder Vollziegel.<\/p>\n<p>*<strong>Kombinierter chemischer Anker mit Innengewinde-D\u00fcbel und Nylon-D\u00fcbel<\/strong> f\u00fcr W\u00e4nde aus Hohlziegel.<\/p>\n<p>Diese beiden vielseitigen L\u00f6sungen erm\u00f6glichen es dir, deine Klettergriffe an jeder Art von Wand mit vollst\u00e4ndiger Sicherheit und Vertrauen zu installieren.<\/p>\n<p>Dank des Innengewinde-D\u00fcbels haftet der Anker fest an der Oberfl\u00e4che, sodass du <a href=\"https:\/\/topholds.com\/colocar-presas-de-escalada-en-una-pared-de-hormigon\/\" target=\"_blank\" rel=\"noopener\">die Griffe demontieren und wieder installieren<\/a> kannst, um die Routen zu ver\u00e4ndern oder zu reinigen, ohne Angst zu haben, die Wand zu besch\u00e4digen, im Gegensatz zu anderen Befestigungssystemen.<\/p>\n<p>Merkmale des Nylon-D\u00fcbels f\u00fcr chemische Anker in Hohlziegeln:<\/p>\n<ul>\n<li>Entwickelt f\u00fcr eine sichere und langlebige Installation von Griffen an Hohlw\u00e4nden.<\/li>\n<li>Durchmesser: 20 mm<\/li>\n<li>L\u00e4nge: 85 mm<\/li>\n<\/ul>\n<p>Sichere die maximale Garantie bei der <strong>Installation deiner Griffe an Hohlw\u00e4nden<\/strong>, indem du diesen Nylon-D\u00fcbel zusammen mit dem chemischen Anker verwendest.<\/p>\n<p>Wenn du Beratung ben\u00f6tigst, besuche unser grafisches Tutorial in <a href=\"https:\/\/topholds.com\/blog\/\" target=\"_blank\" rel=\"noopener\">unserem Blog<\/a> oder z\u00f6gere nicht, uns zu kontaktieren.<\/p>\n","protected":false},"excerpt":{"rendered":"<ul>\n<li>Nylon-Sieb f\u00fcr Anker mit chemischem D\u00fcbel in Hohlziegel<\/li>\n<li>Befestigen Sie Ihre Griffe an Hohlw\u00e4nden mit maximaler Sicherheit.<\/li>\n<\/ul>\n<p>&nbsp;<\/p>\n<p>&nbsp;<\/p>\n","protected":false},"featured_media":4634,"comment_status":"open","ping_status":"closed","template":"","meta":[],"product_brand":[],"product_cat":[419,469],"product_tag":[],"class_list":{"0":"post-16371","1":"product","2":"type-product","3":"status-publish","4":"has-post-thumbnail","6":"product_cat-befestigungen","7":"product_cat-wandanker","9":"first","10":"instock","11":"taxable","12":"shipping-taxable","13":"purchasable","14":"product-type-simple"},"_links":{"self":[{"href":"https:\/\/mail.topholds.com\/de\/wp-json\/wp\/v2\/product\/16371","targetHints":{"allow":["GET"]}}],"collection":[{"href":"https:\/\/mail.topholds.com\/de\/wp-json\/wp\/v2\/product"}],"about":[{"href":"https:\/\/mail.topholds.com\/de\/wp-json\/wp\/v2\/types\/product"}],"replies":[{"embeddable":true,"href":"https:\/\/mail.topholds.com\/de\/wp-json\/wp\/v2\/comments?post=16371"}],"wp:featuredmedia":[{"embeddable":true,"href":"https:\/\/mail.topholds.com\/de\/wp-json\/wp\/v2\/media\/4634"}],"wp:attachment":[{"href":"https:\/\/mail.topholds.com\/de\/wp-json\/wp\/v2\/media?parent=16371"}],"wp:term":[{"taxonomy":"product_brand","embeddable":true,"href":"https:\/\/mail.topholds.com\/de\/wp-json\/wp\/v2\/product_brand?post=16371"},{"taxonomy":"product_cat","embeddable":true,"href":"https:\/\/mail.topholds.com\/de\/wp-json\/wp\/v2\/product_cat?post=16371"},{"taxonomy":"product_tag","embeddable":true,"href":"https:\/\/mail.topholds.com\/de\/wp-json\/wp\/v2\/product_tag?post=16371"}],"curies":[{"name":"wp","href":"https:\/\/api.w.org\/{rel}","templated":true}]}}