{"id":16511,"date":"2016-11-01T17:11:24","date_gmt":"2016-11-01T17:11:24","guid":{"rendered":"https:\/\/topholds.com\/oferta\/presas-escalada\/kefren\/kefren\/"},"modified":"2024-08-26T02:55:36","modified_gmt":"2024-08-26T02:55:36","slug":"kefren","status":"publish","type":"product","link":"https:\/\/mail.topholds.com\/de\/angebot\/klettergriffe\/kefren\/","title":{"rendered":"Klettergriff-Paket Kefren"},"content":{"rendered":"<p><strong>Kefren ist ein Set aus 3 polyedrischen Klettergriffen<\/strong>, die durch ihre unterschiedlichen Winkel und sandsteinartige Textur gekennzeichnet sind und entwickelt wurden, um Vielseitigkeit und Herausforderung in dein Klettertraining zu bringen.<\/p>\n<p>Die sandsteinartige Textur der <em>Kefren-Griffe<\/em> sorgt f\u00fcr einen <strong>optimalen Halt und ein realistisches Gef\u00fchl<\/strong> w\u00e4hrend des Kletterns.<\/p>\n<p>F\u00fcr die Installation wird empfohlen, <strong>M10x40 oder M8x40 Schrauben<\/strong> zu verwenden. Au\u00dferdem ist jeder Griff mit einem Loch f\u00fcr eine Anti-Rotationsschraube versehen, was eine h\u00f6here Stabilit\u00e4t und Sicherheit bei der Nutzung gew\u00e4hrleistet.<\/p>\n<p>Bitte beachte, dass die Farben des Produkts von dem abgebildeten Bild abweichen k\u00f6nnen. Wenn du eine bestimmte Farbe m\u00f6chtest, z\u00f6gere nicht, dich mit uns in Verbindung zu setzen.<\/p>\n","protected":false},"excerpt":{"rendered":"<ul>\n<li>Kefren ist ein Set von 3 polyedrischen Klettergriffen mit unterschiedlichen Winkeln.<\/li>\n<li>Sandstein-Textur.<\/li>\n<li>Alle Griffe sind mit einem Loch f\u00fcr eine Anti-Rotations-Schraube ausgestattet.<\/li>\n<\/ul>\n<p>&nbsp;<\/p>\n","protected":false},"featured_media":18725,"comment_status":"open","ping_status":"closed","template":"","meta":[],"product_brand":[],"product_cat":[418],"product_tag":[],"class_list":{"0":"post-16511","1":"product","2":"type-product","3":"status-publish","4":"has-post-thumbnail","6":"product_cat-klettergriffe","8":"first","9":"instock","10":"taxable","11":"shipping-taxable","12":"purchasable","13":"product-type-simple"},"_links":{"self":[{"href":"https:\/\/mail.topholds.com\/de\/wp-json\/wp\/v2\/product\/16511","targetHints":{"allow":["GET"]}}],"collection":[{"href":"https:\/\/mail.topholds.com\/de\/wp-json\/wp\/v2\/product"}],"about":[{"href":"https:\/\/mail.topholds.com\/de\/wp-json\/wp\/v2\/types\/product"}],"replies":[{"embeddable":true,"href":"https:\/\/mail.topholds.com\/de\/wp-json\/wp\/v2\/comments?post=16511"}],"wp:featuredmedia":[{"embeddable":true,"href":"https:\/\/mail.topholds.com\/de\/wp-json\/wp\/v2\/media\/18725"}],"wp:attachment":[{"href":"https:\/\/mail.topholds.com\/de\/wp-json\/wp\/v2\/media?parent=16511"}],"wp:term":[{"taxonomy":"product_brand","embeddable":true,"href":"https:\/\/mail.topholds.com\/de\/wp-json\/wp\/v2\/product_brand?post=16511"},{"taxonomy":"product_cat","embeddable":true,"href":"https:\/\/mail.topholds.com\/de\/wp-json\/wp\/v2\/product_cat?post=16511"},{"taxonomy":"product_tag","embeddable":true,"href":"https:\/\/mail.topholds.com\/de\/wp-json\/wp\/v2\/product_tag?post=16511"}],"curies":[{"name":"wp","href":"https:\/\/api.w.org\/{rel}","templated":true}]}}