{"id":16521,"date":"2016-11-13T20:37:17","date_gmt":"2016-11-13T20:37:17","guid":{"rendered":"https:\/\/topholds.com\/oferta\/presas-escalada\/oceano\/oceano\/"},"modified":"2024-08-26T02:57:30","modified_gmt":"2024-08-26T02:57:30","slug":"oceano","status":"publish","type":"product","link":"https:\/\/mail.topholds.com\/de\/angebot\/klettergriffe\/oceano\/","title":{"rendered":"Klettergriff Oceano"},"content":{"rendered":"<p><strong>Oc\u00e9ano ist ein sehr vielseitiger Klettergriff<\/strong>, mit mehreren Griffm\u00f6glichkeiten f\u00fcr eine oder zwei H\u00e4nde, anpassbar an jede \u00dcberhangsituation und perfekt, um dein Training zu bereichern.<\/p>\n<p>Einfach durch Drehen des <em>Oc\u00e9ano-Griffs<\/em> erh\u00e4ltst du <strong>eine v\u00f6llig andere Grifferfahrung<\/strong>, die es dir erm\u00f6glicht, neue M\u00f6glichkeiten und Herausforderungen in deinen Klettersessions zu erkunden.<\/p>\n<p>Die <strong>Sandsteintextur<\/strong> des Oc\u00e9ano-Griffs bietet einen <strong>optimalen Halt und ein realistisches Gef\u00fchl<\/strong> beim Klettern.<\/p>\n<p>Mit <strong>Ma\u00dfen von 295 x 110 x 100 mm<\/strong> bietet der Oc\u00e9ano-Griff eine geeignete Gr\u00f6\u00dfe, um sich an verschiedene Kletterstile und Techniken anzupassen.<\/p>\n<p>F\u00fcr die Installation wird empfohlen, <strong>M10x50- oder M8x50-Schrauben<\/strong> zu verwenden. Dar\u00fcber hinaus verf\u00fcgt der Griff \u00fcber zwei zus\u00e4tzliche L\u00f6cher f\u00fcr Holzschrauben.<\/p>\n<p>Bitte beachte, dass die Farben des Produkts von dem gezeigten Bild abweichen k\u00f6nnen. Wenn du eine bestimmte Farbe w\u00fcnschst, z\u00f6gere nicht, uns zu kontaktieren.<\/p>\n","protected":false},"excerpt":{"rendered":"<ul>\n<li>Sehr vielseitiger Griff mit verschiedenen Griffm\u00f6glichkeiten f\u00fcr eine oder zwei H\u00e4nde.<\/li>\n<li>Geeignet f\u00fcr jede \u00dcberhanglage.<\/li>\n<li>Wir erreichen einen v\u00f6llig anderen Griff, nur indem wir ihn drehen.<\/li>\n<li>Sandsteinartige Textur.<\/li>\n<li>Ausger\u00fcstet mit zwei zus\u00e4tzlichen L\u00f6chern f\u00fcr Schrauben.<\/li>\n<\/ul>\n","protected":false},"featured_media":18765,"comment_status":"open","ping_status":"closed","template":"","meta":[],"product_brand":[],"product_cat":[418],"product_tag":[],"class_list":{"0":"post-16521","1":"product","2":"type-product","3":"status-publish","4":"has-post-thumbnail","6":"product_cat-klettergriffe","8":"first","9":"instock","10":"taxable","11":"shipping-taxable","12":"purchasable","13":"product-type-simple"},"_links":{"self":[{"href":"https:\/\/mail.topholds.com\/de\/wp-json\/wp\/v2\/product\/16521","targetHints":{"allow":["GET"]}}],"collection":[{"href":"https:\/\/mail.topholds.com\/de\/wp-json\/wp\/v2\/product"}],"about":[{"href":"https:\/\/mail.topholds.com\/de\/wp-json\/wp\/v2\/types\/product"}],"replies":[{"embeddable":true,"href":"https:\/\/mail.topholds.com\/de\/wp-json\/wp\/v2\/comments?post=16521"}],"wp:featuredmedia":[{"embeddable":true,"href":"https:\/\/mail.topholds.com\/de\/wp-json\/wp\/v2\/media\/18765"}],"wp:attachment":[{"href":"https:\/\/mail.topholds.com\/de\/wp-json\/wp\/v2\/media?parent=16521"}],"wp:term":[{"taxonomy":"product_brand","embeddable":true,"href":"https:\/\/mail.topholds.com\/de\/wp-json\/wp\/v2\/product_brand?post=16521"},{"taxonomy":"product_cat","embeddable":true,"href":"https:\/\/mail.topholds.com\/de\/wp-json\/wp\/v2\/product_cat?post=16521"},{"taxonomy":"product_tag","embeddable":true,"href":"https:\/\/mail.topholds.com\/de\/wp-json\/wp\/v2\/product_tag?post=16521"}],"curies":[{"name":"wp","href":"https:\/\/api.w.org\/{rel}","templated":true}]}}