{"id":16536,"date":"2016-11-20T12:23:35","date_gmt":"2016-11-20T12:23:35","guid":{"rendered":"https:\/\/topholds.com\/oferta\/presas-escalada\/cielo\/cielo\/"},"modified":"2024-08-26T03:02:18","modified_gmt":"2024-08-26T03:02:18","slug":"cielo","status":"publish","type":"product","link":"https:\/\/mail.topholds.com\/de\/angebot\/klettergriffe\/cielo\/","title":{"rendered":"Klettergriff-Paket Cielo"},"content":{"rendered":"<p><strong>Cielo ist ein Set aus 4 Klettergriffen<\/strong> mit sandsteinartiger Textur, ideal, um deine F\u00e4higkeiten an jeder Neigung, sogar an \u00dcberh\u00e4ngen, herauszufordern.<\/p>\n<p>Die <em>Cielo-Griffe<\/em> verf\u00fcgen \u00fcber eine <strong>sandsteinartige Textur<\/strong>, die ein authentisches Gef\u00fchl und optimalen Halt w\u00e4hrend deiner Klettersessions bietet.<\/p>\n<p>Diese Griffe sind <strong>so konzipiert, dass sie sich an jede Neigung anpassen<\/strong>, einschlie\u00dflich \u00dcberh\u00e4nge, und bieten Herausforderungen und Abwechslung in deinem Training.<\/p>\n<p>Um eine feste und langlebige Installation zu gew\u00e4hrleisten, wird empfohlen, <strong>M10x40 oder M8x40 Schrauben<\/strong> zu verwenden.<\/p>\n<p>Jeder Griff des Cielo-Sets verf\u00fcgt \u00fcber ein <strong>zus\u00e4tzliches Loch f\u00fcr eine Antidrehschraube<\/strong>, was eine h\u00f6here Stabilit\u00e4t und Sicherheit w\u00e4hrend der Benutzung gew\u00e4hrleistet.<\/p>\n<p>Bitte beachte, dass die Farben des Produkts von dem abgebildeten Bild abweichen k\u00f6nnen. Wenn du eine bestimmte Farbe w\u00fcnschst, z\u00f6gere nicht, uns zu kontaktieren.<\/p>\n","protected":false},"excerpt":{"rendered":"<ul>\n<li>Cielo ist ein Set aus 4 Klettergriffen.<\/li>\n<li>Sandsteinstruktur.<\/li>\n<li>Griffe f\u00fcr jeden \u00dcberhang, einschlie\u00dflich Decke.<\/li>\n<li>Alle mit Anti-Rotationsloch f\u00fcr Schrauben.<\/li>\n<\/ul>\n","protected":false},"featured_media":18805,"comment_status":"open","ping_status":"closed","template":"","meta":[],"product_brand":[],"product_cat":[418],"product_tag":[],"class_list":{"0":"post-16536","1":"product","2":"type-product","3":"status-publish","4":"has-post-thumbnail","6":"product_cat-klettergriffe","8":"first","9":"outofstock","10":"taxable","11":"shipping-taxable","12":"purchasable","13":"product-type-simple"},"_links":{"self":[{"href":"https:\/\/mail.topholds.com\/de\/wp-json\/wp\/v2\/product\/16536","targetHints":{"allow":["GET"]}}],"collection":[{"href":"https:\/\/mail.topholds.com\/de\/wp-json\/wp\/v2\/product"}],"about":[{"href":"https:\/\/mail.topholds.com\/de\/wp-json\/wp\/v2\/types\/product"}],"replies":[{"embeddable":true,"href":"https:\/\/mail.topholds.com\/de\/wp-json\/wp\/v2\/comments?post=16536"}],"wp:featuredmedia":[{"embeddable":true,"href":"https:\/\/mail.topholds.com\/de\/wp-json\/wp\/v2\/media\/18805"}],"wp:attachment":[{"href":"https:\/\/mail.topholds.com\/de\/wp-json\/wp\/v2\/media?parent=16536"}],"wp:term":[{"taxonomy":"product_brand","embeddable":true,"href":"https:\/\/mail.topholds.com\/de\/wp-json\/wp\/v2\/product_brand?post=16536"},{"taxonomy":"product_cat","embeddable":true,"href":"https:\/\/mail.topholds.com\/de\/wp-json\/wp\/v2\/product_cat?post=16536"},{"taxonomy":"product_tag","embeddable":true,"href":"https:\/\/mail.topholds.com\/de\/wp-json\/wp\/v2\/product_tag?post=16536"}],"curies":[{"name":"wp","href":"https:\/\/api.w.org\/{rel}","templated":true}]}}