{"id":16691,"date":"2017-07-30T16:19:34","date_gmt":"2017-07-30T16:19:34","guid":{"rendered":"https:\/\/topholds.com\/?post_type=product&#038;p=5810\/dunas\/"},"modified":"2024-08-26T03:41:45","modified_gmt":"2024-08-26T03:41:45","slug":"dunas","status":"publish","type":"product","link":"https:\/\/mail.topholds.com\/de\/angebot\/klettergriffe\/dunas\/","title":{"rendered":"Klettergriff-Paket Dunas"},"content":{"rendered":"<p>Der <strong>Pack mit Klettergriffen Dunas<\/strong> besteht aus 4 Griffen mit einer sanften Sandsteinoberfl\u00e4che, die sicheren und komfortablen Halt an der Wand bieten.<\/p>\n<p>Diese Griffe verf\u00fcgen \u00fcber <strong>positive Kanten auf einer Seite und abgerundete Kanten auf ihrer umgekehrten Position<\/strong>, was eine Vielzahl von Griffm\u00f6glichkeiten und Herausforderungen f\u00fcr Kletterer aller Niveaus bietet.<\/p>\n<p>Jeder Griff ist mit einem <strong>Anti-Rotationsloch ausgestattet, das eine sichere Befestigung<\/strong> an jeder Kletterwand gew\u00e4hrleistet. Es wird empfohlen, M10x40 oder M8x40 Schrauben f\u00fcr eine optimale Befestigung zu verwenden.<\/p>\n<p>Bitte beachten Sie, dass die Farben des Produkts von dem gezeigten Bild abweichen k\u00f6nnen. Wenn Sie eine bestimmte Farbe w\u00fcnschen, z\u00f6gern Sie nicht, uns zu kontaktieren.<\/p>\n","protected":false},"excerpt":{"rendered":"<ul>\n<li>Dunas ist ein Set von 4 Klettergriffen.<\/li>\n<li>Weiche Sandsteintextur.<\/li>\n<li>Es handelt sich um eine Kollektion mit positiven Kanten auf einer Seite und stumpfen Kanten in umgekehrter Position.<\/li>\n<li>Alle mit Anti-Rotationsl\u00f6chern ausgestattet.<\/li>\n<\/ul>\n","protected":false},"featured_media":19260,"comment_status":"open","ping_status":"closed","template":"","meta":[],"product_brand":[],"product_cat":[418],"product_tag":[],"class_list":{"0":"post-16691","1":"product","2":"type-product","3":"status-publish","4":"has-post-thumbnail","6":"product_cat-klettergriffe","8":"first","9":"instock","10":"taxable","11":"shipping-taxable","12":"purchasable","13":"product-type-simple"},"_links":{"self":[{"href":"https:\/\/mail.topholds.com\/de\/wp-json\/wp\/v2\/product\/16691","targetHints":{"allow":["GET"]}}],"collection":[{"href":"https:\/\/mail.topholds.com\/de\/wp-json\/wp\/v2\/product"}],"about":[{"href":"https:\/\/mail.topholds.com\/de\/wp-json\/wp\/v2\/types\/product"}],"replies":[{"embeddable":true,"href":"https:\/\/mail.topholds.com\/de\/wp-json\/wp\/v2\/comments?post=16691"}],"wp:featuredmedia":[{"embeddable":true,"href":"https:\/\/mail.topholds.com\/de\/wp-json\/wp\/v2\/media\/19260"}],"wp:attachment":[{"href":"https:\/\/mail.topholds.com\/de\/wp-json\/wp\/v2\/media?parent=16691"}],"wp:term":[{"taxonomy":"product_brand","embeddable":true,"href":"https:\/\/mail.topholds.com\/de\/wp-json\/wp\/v2\/product_brand?post=16691"},{"taxonomy":"product_cat","embeddable":true,"href":"https:\/\/mail.topholds.com\/de\/wp-json\/wp\/v2\/product_cat?post=16691"},{"taxonomy":"product_tag","embeddable":true,"href":"https:\/\/mail.topholds.com\/de\/wp-json\/wp\/v2\/product_tag?post=16691"}],"curies":[{"name":"wp","href":"https:\/\/api.w.org\/{rel}","templated":true}]}}