{"id":16731,"date":"2017-09-29T18:57:40","date_gmt":"2017-09-29T18:57:40","guid":{"rendered":"https:\/\/topholds.com\/bubble\/"},"modified":"2024-08-26T03:53:05","modified_gmt":"2024-08-26T03:53:05","slug":"bubble","status":"publish","type":"product","link":"https:\/\/mail.topholds.com\/de\/angebot\/klettergriffe\/bubble\/","title":{"rendered":"Klettergriff-Paket Bubble"},"content":{"rendered":"<p><strong>Bubble ist ein Set aus 5 Klettergriffen<\/strong> mit einer sanften Sandstein-Oberfl\u00e4che, die entwickelt wurden, um ein komfortables und effizientes Gripperlebnis w\u00e4hrend deiner Trainingseinheiten zu bieten.<\/p>\n<p>Jeder Griff ist <strong>mit einem Anti-Rotationsschraubenloch ausgestattet<\/strong>, das mehr Sicherheit und Stabilit\u00e4t bei der Verwendung in deinen Klettersitzungen gew\u00e4hrleistet.<\/p>\n<p>F\u00fcr die Installation der Griffe wird empfohlen, <strong>M10x40 oder M8x40 Schrauben<\/strong> (nicht im Lieferumfang enthalten) zu verwenden.<\/p>\n<p>Bitte beachte, dass die Farben des Produkts von den in der Abbildung dargestellten abweichen k\u00f6nnen. Wenn du eine bestimmte Farbe w\u00fcnschst, z\u00f6gere nicht, uns zu kontaktieren, um dein Bubble-Set nach deinen W\u00fcnschen anzupassen.<\/p>\n","protected":false},"excerpt":{"rendered":"<ul>\n<li>Bubble ist ein Set von 5 Klettergriffen.<\/li>\n<li>Sanfte Sandstein-Textur.<\/li>\n<li>Alle mit einem Loch f\u00fcr anti-rotations Schrauben ausgestattet.<\/li>\n<\/ul>\n<p>&nbsp;<\/p>\n","protected":false},"featured_media":5963,"comment_status":"open","ping_status":"closed","template":"","meta":[],"product_brand":[],"product_cat":[418],"product_tag":[],"class_list":{"0":"post-16731","1":"product","2":"type-product","3":"status-publish","4":"has-post-thumbnail","6":"product_cat-klettergriffe","8":"first","9":"instock","10":"taxable","11":"shipping-taxable","12":"purchasable","13":"product-type-simple"},"_links":{"self":[{"href":"https:\/\/mail.topholds.com\/de\/wp-json\/wp\/v2\/product\/16731","targetHints":{"allow":["GET"]}}],"collection":[{"href":"https:\/\/mail.topholds.com\/de\/wp-json\/wp\/v2\/product"}],"about":[{"href":"https:\/\/mail.topholds.com\/de\/wp-json\/wp\/v2\/types\/product"}],"replies":[{"embeddable":true,"href":"https:\/\/mail.topholds.com\/de\/wp-json\/wp\/v2\/comments?post=16731"}],"wp:featuredmedia":[{"embeddable":true,"href":"https:\/\/mail.topholds.com\/de\/wp-json\/wp\/v2\/media\/5963"}],"wp:attachment":[{"href":"https:\/\/mail.topholds.com\/de\/wp-json\/wp\/v2\/media?parent=16731"}],"wp:term":[{"taxonomy":"product_brand","embeddable":true,"href":"https:\/\/mail.topholds.com\/de\/wp-json\/wp\/v2\/product_brand?post=16731"},{"taxonomy":"product_cat","embeddable":true,"href":"https:\/\/mail.topholds.com\/de\/wp-json\/wp\/v2\/product_cat?post=16731"},{"taxonomy":"product_tag","embeddable":true,"href":"https:\/\/mail.topholds.com\/de\/wp-json\/wp\/v2\/product_tag?post=16731"}],"curies":[{"name":"wp","href":"https:\/\/api.w.org\/{rel}","templated":true}]}}