{"id":16921,"date":"2020-03-11T20:20:28","date_gmt":"2020-03-11T20:20:28","guid":{"rendered":"https:\/\/topholds.com\/ball-chain-evolution\/"},"modified":"2024-08-26T04:23:48","modified_gmt":"2024-08-26T04:23:48","slug":"ball-chain-evolution","status":"publish","type":"product","link":"https:\/\/mail.topholds.com\/de\/angebot\/hindernisparcours\/trainingc\/aufhangung\/ball-chain-evolution\/","title":{"rendered":"Aufh\u00e4ngung f\u00fcr Hindernisparcours Ball Chain Evolution"},"content":{"rendered":"<p><strong>Ball Chain Evolution ist ein perfekter Trainingsball<\/strong>, um horizontale oder vertikale Fortschritte an Ketten oder kleinen Ringen zu machen. Sein kleiner Durchmesser passt bequem in die Handfl\u00e4che und macht ihn zu einem idealen Element f\u00fcr jedes F\u00e4higkeitsniveau.<\/p>\n<p>Die neue Evolution-Serie stellt einen Fortschritt in der Qualit\u00e4t in der Welt des OCR dar. Die Produkte von TopHolds werden immer aus <strong>hochwertigen Komponenten<\/strong> hergestellt, aber diese neue Produktfamilie verbessert sowohl die \u00c4sthetik als auch den Befestigungshaken. Jetzt aus hochfestem geh\u00e4rtetem Stahl gefertigt, ist der Haken viel offener und l\u00e4nger als der unserer alten Chain-Serie, was <strong>ein effizienteres Arbeiten an den Hindernissen erm\u00f6glicht<\/strong>.<\/p>\n<p>In diesem verbesserten Ball wurde der unangenehme B\u00fcgel des alten Hakens entfernt, wodurch der Stahl zwischen den Fingern nahezu unmerklich wird. Dar\u00fcber hinaus wurde das Logo von der Oberseite entfernt, um den Ball noch weiter zu runden und einen perfekten Sitz in der Hand ohne Hindernisse zu gew\u00e4hrleisten.<\/p>\n<p><iframe title=\"YouTube-Video-Player\" src=\"https:\/\/www.youtube.com\/embed\/n2_DwBUEgdU\" width=\"560\" height=\"315\" frameborder=\"0\" allowfullscreen=\"allowfullscreen\"><\/iframe><\/p>\n<p>Die bekannte TopHolds-Oberfl\u00e4che, die griffig und weich im Griff ist, verhindert ein Abrutschen und <strong>erm\u00f6glicht es dir, die Ausdauer \u00fcber l\u00e4ngere Zeitr\u00e4ume hinweg zu trainieren<\/strong>.<\/p>\n<p>Dieser <em>Trainingsball ist ein hervorragendes Werkzeug zur Verbesserung in Klettern<\/em>, OCR und Crossfit. Sein leichtes Design macht ihn perfekt, um ihn \u00fcberall hin mitzunehmen und jederzeit zu trainieren.<\/p>\n<p>Es gibt keine Ausreden, um deiner t\u00e4glichen Routine keine Herausforderung hinzuzuf\u00fcgen.<\/p>\n<p>Bitte beachte, dass die in der Abbildung dargestellten Farben variieren k\u00f6nnen. Wenn du eine bestimmte Farbe w\u00fcnschst, z\u00f6gere nicht, uns zu kontaktieren.<\/p>\n","protected":false},"excerpt":{"rendered":"<ul>\n<li>Ideal f\u00fcr horizontale und vertikale Progressionen an Ketten oder kleinen Ringen.<\/li>\n<li>Ideal zur Verbesserung der F\u00e4higkeiten im Klettern, OCR, Crossfit und anderen Sportarten, die Griff und Ausdauer erfordern.<\/li>\n<li>Haftende und sanfte Textur, verhindert das Rutschen und erm\u00f6glicht es, die Ausdauer l\u00e4nger zu trainieren.<\/li>\n<li>Leicht mitzunehmen f\u00fcr Trainingseinheiten jederzeit und \u00fcberall.<\/li>\n<\/ul>\n","protected":false},"featured_media":12509,"comment_status":"open","ping_status":"closed","template":"","meta":[],"product_brand":[],"product_cat":[496,403,492],"product_tag":[],"class_list":{"0":"post-16921","1":"product","2":"type-product","3":"status-publish","4":"has-post-thumbnail","6":"product_cat-aufhangung","7":"product_cat-hindernisparcours","8":"product_cat-trainingc","10":"first","11":"instock","12":"sale","13":"taxable","14":"shipping-taxable","15":"purchasable","16":"product-type-simple"},"_links":{"self":[{"href":"https:\/\/mail.topholds.com\/de\/wp-json\/wp\/v2\/product\/16921","targetHints":{"allow":["GET"]}}],"collection":[{"href":"https:\/\/mail.topholds.com\/de\/wp-json\/wp\/v2\/product"}],"about":[{"href":"https:\/\/mail.topholds.com\/de\/wp-json\/wp\/v2\/types\/product"}],"replies":[{"embeddable":true,"href":"https:\/\/mail.topholds.com\/de\/wp-json\/wp\/v2\/comments?post=16921"}],"wp:featuredmedia":[{"embeddable":true,"href":"https:\/\/mail.topholds.com\/de\/wp-json\/wp\/v2\/media\/12509"}],"wp:attachment":[{"href":"https:\/\/mail.topholds.com\/de\/wp-json\/wp\/v2\/media?parent=16921"}],"wp:term":[{"taxonomy":"product_brand","embeddable":true,"href":"https:\/\/mail.topholds.com\/de\/wp-json\/wp\/v2\/product_brand?post=16921"},{"taxonomy":"product_cat","embeddable":true,"href":"https:\/\/mail.topholds.com\/de\/wp-json\/wp\/v2\/product_cat?post=16921"},{"taxonomy":"product_tag","embeddable":true,"href":"https:\/\/mail.topholds.com\/de\/wp-json\/wp\/v2\/product_tag?post=16921"}],"curies":[{"name":"wp","href":"https:\/\/api.w.org\/{rel}","templated":true}]}}