{"id":17101,"date":"2021-10-01T18:25:50","date_gmt":"2021-10-01T18:25:50","guid":{"rendered":"https:\/\/topholds.com\/top-dry\/"},"modified":"2024-08-26T04:46:21","modified_gmt":"2024-08-26T04:46:21","slug":"top-dry","status":"publish","type":"product","link":"https:\/\/mail.topholds.com\/de\/angebot\/klettergriffe\/trainingss\/top-dry\/","title":{"rendered":"Klettergriff Top-Dry"},"content":{"rendered":"<p>Die <strong>Top-Dry sind Werkzeuge, die entwickelt wurden, um Aktivit\u00e4ten zu simulieren, die den Einsatz von Eispickeln erfordern<\/strong>, wie das Eisklettern und Dry-Tooling.<\/p>\n<p>Sie sind aus rostfreiem Stahl gefertigt und haben einen <strong>ergonomischen Griff aus Polyurethan<\/strong>, der sich deiner Hand anpasst. Zudem verf\u00fcgen sie an der Unterseite \u00fcber eine Stahlstopper, um deine Hand vor der Wand zu sch\u00fctzen, sowie ein Loch zur Befestigung von Schlaufen oder Kordel.<\/p>\n<p>Die <strong>Dry-Tooling Griffe sind 10 Griffe mit<\/strong> <strong>feiner Sandsteinstruktur<\/strong>, die sich leicht mit den Top-Dry kombinieren lassen. Sie sind in den Gr\u00f6\u00dfen M und L mit gutem Kantenkontakt erh\u00e4ltlich und ideal f\u00fcr Platten oder leichtes \u00dcberh\u00e4ngen. Au\u00dferdem haben sie ein Loch f\u00fcr einen Antidrehschraube, das verhindert, dass sie sich bewegen.<\/p>\n<p>F\u00fcr die Montage dieser Griffe ben\u00f6tigst du M10x50 Schrauben (empfohlen) oder M8x50.<\/p>\n<p>Warte nicht l\u00e4nger und schaffe dir dieses Paket aus Top-Dry und Dry-Tooling Griffen an, das perfekte Set, um das Winterklettern an deiner Wand zu \u00fcben.<\/p>\n<p>Die Farben k\u00f6nnen von den Fotos abweichen, aber wenn du eine bestimmte Farbe m\u00f6chtest, kannst du uns kontaktieren oder dies in den Anmerkungen angeben.<\/p>\n","protected":false},"excerpt":{"rendered":"<ul>\n<li>Simuliert das Eisklettern und das Dry-Tooling.<\/li>\n<li>Verf\u00fcgt \u00fcber einen ergonomischen Griff und einen Schutzstopp.<\/li>\n<li>L\u00e4sst sich leicht mit den Griffen verbinden.<\/li>\n<li>Hat Griffe in verschiedenen Gr\u00f6\u00dfen und Texturen.<\/li>\n<\/ul>\n","protected":false},"featured_media":20655,"comment_status":"open","ping_status":"closed","template":"","meta":[],"product_brand":[],"product_cat":[418,458],"product_tag":[],"class_list":{"0":"post-17101","1":"product","2":"type-product","3":"status-publish","4":"has-post-thumbnail","6":"product_cat-klettergriffe","7":"product_cat-trainingss","9":"first","10":"instock","11":"sale","12":"taxable","13":"shipping-taxable","14":"purchasable","15":"product-type-variable"},"_links":{"self":[{"href":"https:\/\/mail.topholds.com\/de\/wp-json\/wp\/v2\/product\/17101","targetHints":{"allow":["GET"]}}],"collection":[{"href":"https:\/\/mail.topholds.com\/de\/wp-json\/wp\/v2\/product"}],"about":[{"href":"https:\/\/mail.topholds.com\/de\/wp-json\/wp\/v2\/types\/product"}],"replies":[{"embeddable":true,"href":"https:\/\/mail.topholds.com\/de\/wp-json\/wp\/v2\/comments?post=17101"}],"wp:featuredmedia":[{"embeddable":true,"href":"https:\/\/mail.topholds.com\/de\/wp-json\/wp\/v2\/media\/20655"}],"wp:attachment":[{"href":"https:\/\/mail.topholds.com\/de\/wp-json\/wp\/v2\/media?parent=17101"}],"wp:term":[{"taxonomy":"product_brand","embeddable":true,"href":"https:\/\/mail.topholds.com\/de\/wp-json\/wp\/v2\/product_brand?post=17101"},{"taxonomy":"product_cat","embeddable":true,"href":"https:\/\/mail.topholds.com\/de\/wp-json\/wp\/v2\/product_cat?post=17101"},{"taxonomy":"product_tag","embeddable":true,"href":"https:\/\/mail.topholds.com\/de\/wp-json\/wp\/v2\/product_tag?post=17101"}],"curies":[{"name":"wp","href":"https:\/\/api.w.org\/{rel}","templated":true}]}}