{"id":17116,"date":"2021-10-11T17:15:40","date_gmt":"2021-10-11T17:15:40","guid":{"rendered":"https:\/\/topholds.com\/holds-pack-psychomotor-skills\/"},"modified":"2024-08-26T04:48:10","modified_gmt":"2024-08-26T04:48:10","slug":"holds-pack-psychomotor-skills","status":"publish","type":"product","link":"https:\/\/mail.topholds.com\/de\/angebot\/klettergriffe\/kinder\/holds-pack-psychomotor-skills\/","title":{"rendered":"Psychomotorik Klettergriff-Paket"},"content":{"rendered":"<p><strong>Das Psicomotricidad-Paket ist ein Set von 85 kinderfreundlichen Klettergriffen in bunten<\/strong> und lustigen Formen, die dazu entworfen wurden, damit Kinder und Anf\u00e4nger das Klettern genie\u00dfen k\u00f6nnen.<\/p>\n<p>Die <strong>Griffe sind weich im Griff und leicht zu fassen und auf den Fu\u00df zu setzen<\/strong>. Einige Griffe haben Nischen, um St\u00f6cke, Rohre oder Schwimmk\u00f6rper zu platzieren und Spiele sowie Hindernisse zu schaffen, die <strong>die Kreativit\u00e4t<\/strong>, die Probleml\u00f6sungsf\u00e4higkeiten und die motorische Koordination f\u00f6rdern.<\/p>\n<p>Die im Paket enthaltenen Chargen umfassen: 1 Tiky, 2 Haku, 1 Niko, 1 Tubis, 1 Tubis Dog, 1 Tubis Frog, 1 Tubis Ball, 1 Tubis Rabbit, 1 Tubis Duck, 5 Tubis Basic, Bubble MP10, Bubble S10, Prehistoric M, Soft 1, Lunas S15 und S1.<\/p>\n<p>Diese Griffe k\u00f6nnen auf verschiedenen Oberfl\u00e4chen mit den passenden Ankern montiert werden (bitte je nach Fall nachfragen).<\/p>\n<p>Die empfohlenen Anker f\u00fcr <strong>die Montage auf einer Platte von bis zu 19 mm<\/strong> w\u00e4ren 78 M10x40 Innensechskantschrauben, 78 M10 Schraubenschl\u00fcssel und verschiedene Holzschrauben (es k\u00f6nnten auch M8 Schrauben und Unterlegscheiben verwendet werden). Wenn Sie sie auf einer anderen Oberfl\u00e4che wie Ziegel, Beton oder Stein installieren m\u00f6chten, kontaktieren Sie uns bitte f\u00fcr spezifische Empfehlungen.<\/p>\n<p>Die Farben k\u00f6nnten von denen auf dem Foto abweichen, werden aber stets in den vielf\u00e4ltigsten m\u00f6glichen Farbt\u00f6nen gehalten.<\/p>\n","protected":false},"excerpt":{"rendered":"<ul>\n<li>Bestehend aus 85 Bauteilen, ideal f\u00fcr Kinder und Anf\u00e4nger.<\/li>\n<li>Sanfte Textur und einfache Handhabung f\u00fcr die Kinder.<\/li>\n<li>Ideal f\u00fcr die Gestaltung von psychomotorischen Kreisen.<\/li>\n<li>F\u00f6rdert die k\u00f6rperliche, geistige und emotionale Entwicklung der Kleinen durch das Klettern.<\/li>\n<\/ul>\n","protected":false},"featured_media":20705,"comment_status":"open","ping_status":"closed","template":"","meta":[],"product_brand":[],"product_cat":[457],"product_tag":[],"class_list":{"0":"post-17116","1":"product","2":"type-product","3":"status-publish","4":"has-post-thumbnail","6":"product_cat-kinder","8":"first","9":"instock","10":"sale","11":"taxable","12":"shipping-taxable","13":"purchasable","14":"product-type-simple"},"_links":{"self":[{"href":"https:\/\/mail.topholds.com\/de\/wp-json\/wp\/v2\/product\/17116","targetHints":{"allow":["GET"]}}],"collection":[{"href":"https:\/\/mail.topholds.com\/de\/wp-json\/wp\/v2\/product"}],"about":[{"href":"https:\/\/mail.topholds.com\/de\/wp-json\/wp\/v2\/types\/product"}],"replies":[{"embeddable":true,"href":"https:\/\/mail.topholds.com\/de\/wp-json\/wp\/v2\/comments?post=17116"}],"wp:featuredmedia":[{"embeddable":true,"href":"https:\/\/mail.topholds.com\/de\/wp-json\/wp\/v2\/media\/20705"}],"wp:attachment":[{"href":"https:\/\/mail.topholds.com\/de\/wp-json\/wp\/v2\/media?parent=17116"}],"wp:term":[{"taxonomy":"product_brand","embeddable":true,"href":"https:\/\/mail.topholds.com\/de\/wp-json\/wp\/v2\/product_brand?post=17116"},{"taxonomy":"product_cat","embeddable":true,"href":"https:\/\/mail.topholds.com\/de\/wp-json\/wp\/v2\/product_cat?post=17116"},{"taxonomy":"product_tag","embeddable":true,"href":"https:\/\/mail.topholds.com\/de\/wp-json\/wp\/v2\/product_tag?post=17116"}],"curies":[{"name":"wp","href":"https:\/\/api.w.org\/{rel}","templated":true}]}}