{"id":17136,"date":"2021-10-14T16:35:50","date_gmt":"2021-10-14T16:35:50","guid":{"rendered":"https:\/\/topholds.com\/bestial-holds\/"},"modified":"2024-08-26T04:50:57","modified_gmt":"2024-08-26T04:50:57","slug":"bestial-holds","status":"publish","type":"product","link":"https:\/\/mail.topholds.com\/de\/angebot\/hindernisparcours\/trainingc\/griffe\/bestial-holds\/","title":{"rendered":"Griff f\u00fcr Hindernisparcours Bestial Holds"},"content":{"rendered":"<p>Die <strong>Griff von OCR Bestial Holds<\/strong> wurde mit einer glatten Textur entworfen, die das Gef\u00fchl von nat\u00fcrlichem Sandstein imitiert, was eine einzigartige und aufregende Erfahrung f\u00fcr Kletterer aller Niveaus bietet.<\/p>\n<p>Dieser Griff wird aufgrund seiner Qualit\u00e4t und Leistung h\u00e4ufig im <strong>Roc\u00f3dromo der Bestial Rennserie<\/strong> verwendet.<\/p>\n<p>Er verf\u00fcgt \u00fcber ein Anti-Dreh-Loch f\u00fcr den Schraubenzug, das eine sichere und stabile Befestigung an der Wand gew\u00e4hrleistet.<\/p>\n<p>F\u00fcr die Installation wird eine Schraube M10x40 (empfohlen) oder M8x40 empfohlen, die nicht im Paket enthalten ist.<\/p>\n<p>Wenn du eine bestimmte Farbe w\u00fcnschst, z\u00f6gere nicht, uns zu kontaktieren, und wir werden unser Bestes tun, um dir den Griff in der ben\u00f6tigten Farbe anzubieten.<\/p>\n","protected":false},"excerpt":{"rendered":"<ul>\n<li>Weiche Sandsteinhaut<\/li>\n<li>Secure und stabile Befestigung an der Wand dank des Antidrehloch f\u00fcr Schrauben.<\/li>\n<li>Wird auf der Kletterwand des Wettbewerbs Bestial aufgrund ihrer Qualit\u00e4t und Leistung verwendet.<\/li>\n<\/ul>\n","protected":false},"featured_media":20835,"comment_status":"open","ping_status":"closed","template":"","meta":[],"product_brand":[],"product_cat":[497,403,492,418],"product_tag":[],"class_list":{"0":"post-17136","1":"product","2":"type-product","3":"status-publish","4":"has-post-thumbnail","6":"product_cat-griffe","7":"product_cat-hindernisparcours","8":"product_cat-trainingc","9":"product_cat-klettergriffe","11":"first","12":"instock","13":"taxable","14":"shipping-taxable","15":"purchasable","16":"product-type-simple"},"_links":{"self":[{"href":"https:\/\/mail.topholds.com\/de\/wp-json\/wp\/v2\/product\/17136","targetHints":{"allow":["GET"]}}],"collection":[{"href":"https:\/\/mail.topholds.com\/de\/wp-json\/wp\/v2\/product"}],"about":[{"href":"https:\/\/mail.topholds.com\/de\/wp-json\/wp\/v2\/types\/product"}],"replies":[{"embeddable":true,"href":"https:\/\/mail.topholds.com\/de\/wp-json\/wp\/v2\/comments?post=17136"}],"wp:featuredmedia":[{"embeddable":true,"href":"https:\/\/mail.topholds.com\/de\/wp-json\/wp\/v2\/media\/20835"}],"wp:attachment":[{"href":"https:\/\/mail.topholds.com\/de\/wp-json\/wp\/v2\/media?parent=17136"}],"wp:term":[{"taxonomy":"product_brand","embeddable":true,"href":"https:\/\/mail.topholds.com\/de\/wp-json\/wp\/v2\/product_brand?post=17136"},{"taxonomy":"product_cat","embeddable":true,"href":"https:\/\/mail.topholds.com\/de\/wp-json\/wp\/v2\/product_cat?post=17136"},{"taxonomy":"product_tag","embeddable":true,"href":"https:\/\/mail.topholds.com\/de\/wp-json\/wp\/v2\/product_tag?post=17136"}],"curies":[{"name":"wp","href":"https:\/\/api.w.org\/{rel}","templated":true}]}}