{"id":22866,"date":"2025-09-06T11:28:19","date_gmt":"2025-09-06T11:28:19","guid":{"rendered":"https:\/\/topholds.com\/oferta\/unkategorisiert\/hindernisparcours-griff-schaufel-2\/"},"modified":"2026-03-06T04:50:01","modified_gmt":"2026-03-06T04:50:01","slug":"presa-ocr-cazo-2","status":"publish","type":"product","link":"https:\/\/mail.topholds.com\/de\/angebot\/hindernisparcours\/trainingc\/griffe\/presa-ocr-cazo-2\/","title":{"rendered":"Griffe f\u00fcr Hindernisparcours Cazo 2"},"content":{"rendered":"<p><strong>Cazo 2 ist ein Griff f\u00fcr Hindernisparcours<\/strong>, der speziell f\u00fcr Zugbelastungen und Aufh\u00e4ngungen konzipiert ist, ideal f\u00fcr den Einsatz in OCR suspendierten Kletterhallen, Campusboard, Blockabstieg Routen und Decken.<\/p>\n<p><em>Griff f\u00fcr Hindernisparcours<\/em> erm\u00f6glicht Greifen mit einer Hand oder beiden H\u00e4nden in verschiedenen Handgelenkwinkeln, ohne den Griff bewegen zu m\u00fcssen.<\/p>\n<p>Das Design bietet dir mehr Vielseitigkeit in deinem Training und bei Herausforderungen.<\/p>\n<p>Der obere Rand ist so gestaltet, dass er eine bequeme und optimale Unterst\u00fctzung zum Ausruhen der H\u00e4nde bietet und so das Nutzungserlebnis beim Verwenden des Griffs verbessert.<\/p>\n<p>Au\u00dferdem verf\u00fcgt der Griff \u00fcber eine glatte Textur f\u00fcr eine angenehmere und festere Griffigkeit.<\/p>\n<p>F\u00fcr die Installation wird die Verwendung von Innensechskantschrauben M10x40 oder M8x40 empfohlen.<\/p>\n<p>Beachten Sie, dass die Farben des Produkts von dem gezeigten Bild abweichen k\u00f6nnen. Wenn Sie eine bestimmte Farbe w\u00fcnschen, z\u00f6gern Sie nicht, uns zu kontaktieren.<\/p>\n","protected":false},"excerpt":{"rendered":"<ul>\n<li>Klettergriffe zum Durchf\u00fchren von Klimmz\u00fcgen und Aufh\u00e4ngungen.<\/li>\n<li>Ideal f\u00fcr OCR Hindernisparcours, Campus Board, Routen zum Abstieg von Bl\u00f6cken und zur Decke.<\/li>\n<li>Unterst\u00fctzung f\u00fcr eine oder zwei H\u00e4nde.<\/li>\n<li>Erm\u00f6glicht Griffe in unterschiedlichen Handgelenkwinkeln, ohne den Klettergriff bewegen zu m\u00fcssen.<\/li>\n<li>Der Durchmesser der oberen Kante ist sehr angenehm f\u00fcr eine ideale Handruhe.<\/li>\n<\/ul>\n","protected":false},"featured_media":22815,"comment_status":"open","ping_status":"closed","template":"","meta":[],"product_brand":[],"product_cat":[497,492,418,458],"product_tag":[],"class_list":{"0":"post-22866","1":"product","2":"type-product","3":"status-publish","4":"has-post-thumbnail","6":"product_cat-griffe","7":"product_cat-trainingc","8":"product_cat-klettergriffe","9":"product_cat-trainingss","11":"first","12":"instock","13":"taxable","14":"shipping-taxable","15":"purchasable","16":"product-type-simple"},"_links":{"self":[{"href":"https:\/\/mail.topholds.com\/de\/wp-json\/wp\/v2\/product\/22866","targetHints":{"allow":["GET"]}}],"collection":[{"href":"https:\/\/mail.topholds.com\/de\/wp-json\/wp\/v2\/product"}],"about":[{"href":"https:\/\/mail.topholds.com\/de\/wp-json\/wp\/v2\/types\/product"}],"replies":[{"embeddable":true,"href":"https:\/\/mail.topholds.com\/de\/wp-json\/wp\/v2\/comments?post=22866"}],"wp:featuredmedia":[{"embeddable":true,"href":"https:\/\/mail.topholds.com\/de\/wp-json\/wp\/v2\/media\/22815"}],"wp:attachment":[{"href":"https:\/\/mail.topholds.com\/de\/wp-json\/wp\/v2\/media?parent=22866"}],"wp:term":[{"taxonomy":"product_brand","embeddable":true,"href":"https:\/\/mail.topholds.com\/de\/wp-json\/wp\/v2\/product_brand?post=22866"},{"taxonomy":"product_cat","embeddable":true,"href":"https:\/\/mail.topholds.com\/de\/wp-json\/wp\/v2\/product_cat?post=22866"},{"taxonomy":"product_tag","embeddable":true,"href":"https:\/\/mail.topholds.com\/de\/wp-json\/wp\/v2\/product_tag?post=22866"}],"curies":[{"name":"wp","href":"https:\/\/api.w.org\/{rel}","templated":true}]}}