{"id":16257,"date":"2016-03-17T19:00:08","date_gmt":"2016-03-17T19:00:08","guid":{"rendered":"http:\/\/topholds.com\/argus\/"},"modified":"2026-03-29T10:47:59","modified_gmt":"2026-03-29T10:47:59","slug":"argus","status":"publish","type":"product","link":"https:\/\/mail.topholds.com\/fr\/offre\/prises-escalade\/argus\/","title":{"rendered":"Pack Prises d&rsquo;escalade Argus"},"content":{"rendered":"<p><strong>Argus est un pack de 8 prises d&rsquo;escalade<\/strong> avec une texture exceptionnelle en gr\u00e8s qui imite l&rsquo;exp\u00e9rience de l&rsquo;escalade sur roche naturelle. Ces prises ergonomiques et confortables offrent un excellent niveau d&rsquo;adh\u00e9rence et de confort pour vos mains.<\/p>\n<p>Nous mettons en avant dans cet ensemble <strong>2 prises sp\u00e9cialement con\u00e7ues pour une prise en main s\u00e9curis\u00e9e et stable avec les deux mains<\/strong>, ce qui offre une plus grande polyvalence et des possibilit\u00e9s dans vos parcours d&rsquo;escalade.<\/p>\n<p>Pour garantir une installation ad\u00e9quate et s\u00e9curis\u00e9e, nous recommandons l&rsquo;utilisation de <strong>vis M10x40 ; cependant, des vis M8x40 peuvent \u00e9galement \u00eatre utilis\u00e9es<\/strong> si vous le souhaitez. Veuillez noter que les vis ne sont pas incluses dans le colis.<\/p>\n<p>Veuillez garder \u00e0 l&rsquo;esprit que les couleurs du produit peuvent varier par rapport \u00e0 l&rsquo;image affich\u00e9e. Si vous souhaitez une couleur sp\u00e9cifique, n&rsquo;h\u00e9sitez pas \u00e0 nous contacter.<\/p>\n","protected":false},"excerpt":{"rendered":"<ul>\n<li>Argus est un lot de 8 prises d&rsquo;escalade.<\/li>\n<li>Texture sablonneuse.<\/li>\n<li>Prises tr\u00e8s confortables.<\/li>\n<li>2 des prises pour prise \u00e0 deux mains.<\/li>\n<\/ul>\n","protected":false},"featured_media":18106,"comment_status":"open","ping_status":"closed","template":"","meta":[],"product_brand":[],"product_cat":[429],"product_tag":[],"class_list":{"0":"post-16257","1":"product","2":"type-product","3":"status-publish","4":"has-post-thumbnail","6":"product_cat-prises-escalade","8":"first","9":"instock","10":"taxable","11":"shipping-taxable","12":"purchasable","13":"product-type-simple"},"_links":{"self":[{"href":"https:\/\/mail.topholds.com\/fr\/wp-json\/wp\/v2\/product\/16257","targetHints":{"allow":["GET"]}}],"collection":[{"href":"https:\/\/mail.topholds.com\/fr\/wp-json\/wp\/v2\/product"}],"about":[{"href":"https:\/\/mail.topholds.com\/fr\/wp-json\/wp\/v2\/types\/product"}],"replies":[{"embeddable":true,"href":"https:\/\/mail.topholds.com\/fr\/wp-json\/wp\/v2\/comments?post=16257"}],"wp:featuredmedia":[{"embeddable":true,"href":"https:\/\/mail.topholds.com\/fr\/wp-json\/wp\/v2\/media\/18106"}],"wp:attachment":[{"href":"https:\/\/mail.topholds.com\/fr\/wp-json\/wp\/v2\/media?parent=16257"}],"wp:term":[{"taxonomy":"product_brand","embeddable":true,"href":"https:\/\/mail.topholds.com\/fr\/wp-json\/wp\/v2\/product_brand?post=16257"},{"taxonomy":"product_cat","embeddable":true,"href":"https:\/\/mail.topholds.com\/fr\/wp-json\/wp\/v2\/product_cat?post=16257"},{"taxonomy":"product_tag","embeddable":true,"href":"https:\/\/mail.topholds.com\/fr\/wp-json\/wp\/v2\/product_tag?post=16257"}],"curies":[{"name":"wp","href":"https:\/\/api.w.org\/{rel}","templated":true}]}}