{"id":16267,"date":"2016-03-17T19:47:39","date_gmt":"2016-03-17T19:47:39","guid":{"rendered":"http:\/\/topholds.com\/circle\/"},"modified":"2026-03-06T11:50:35","modified_gmt":"2026-03-06T11:50:35","slug":"circle","status":"publish","type":"product","link":"https:\/\/mail.topholds.com\/fr\/offre\/prises-escalade\/circle\/","title":{"rendered":"Pack Prises d&rsquo;escalade Circle"},"content":{"rendered":"<p><strong>Circle est un pack de 3 prises d&rsquo;escalade en texture gr\u00e9seuse<\/strong>, con\u00e7ues pour offrir des prises de haute qualit\u00e9 et vari\u00e9es, s&rsquo;adaptant parfaitement \u00e0 toute inclinaison et m\u00eame aux plafonds.<\/p>\n<p>Cet ensemble attrayant de prises fournit une <strong>excellente s\u00e9lection de prises, allant des bords et pinces aux prises plates<\/strong>, devenant une option id\u00e9ale tant pour les grimpeurs d\u00e9butants qu&rsquo;avanc\u00e9s.<\/p>\n<p>Pour une installation s\u00fbre et durable, il est recommand\u00e9 <strong>d&rsquo;utiliser des vis M10x40<\/strong>, bien que vous puissiez \u00e9galement utiliser des M8x40 si vous le pr\u00e9f\u00e9rez. Chacune des prises comprend un trou pour vis anti-rotation, ce qui garantit une plus grande stabilit\u00e9 et r\u00e9sistance \u00e0 la rotation pendant son utilisation.<\/p>\n<p>Veuillez noter que les couleurs du produit peuvent varier par rapport \u00e0 l&rsquo;image affich\u00e9e. Si vous souhaitez une couleur sp\u00e9cifique, n&rsquo;h\u00e9sitez pas \u00e0 nous contacter.<\/p>\n","protected":false},"excerpt":{"rendered":"<ul>\n<li>Circle est un lot de 3 prises d&rsquo;escalade.<\/li>\n<li>Texture gr\u00e9seuse.<\/li>\n<li>Adapt\u00e9es \u00e0 tout type d&rsquo;inclinaison et de plafond.<\/li>\n<li>Toutes avec un trou pour vis anti-rotation.<\/li>\n<\/ul>\n","protected":false},"featured_media":18131,"comment_status":"open","ping_status":"closed","template":"","meta":[],"product_brand":[],"product_cat":[429],"product_tag":[],"class_list":{"0":"post-16267","1":"product","2":"type-product","3":"status-publish","4":"has-post-thumbnail","6":"product_cat-prises-escalade","8":"first","9":"outofstock","10":"taxable","11":"shipping-taxable","12":"purchasable","13":"product-type-simple"},"_links":{"self":[{"href":"https:\/\/mail.topholds.com\/fr\/wp-json\/wp\/v2\/product\/16267","targetHints":{"allow":["GET"]}}],"collection":[{"href":"https:\/\/mail.topholds.com\/fr\/wp-json\/wp\/v2\/product"}],"about":[{"href":"https:\/\/mail.topholds.com\/fr\/wp-json\/wp\/v2\/types\/product"}],"replies":[{"embeddable":true,"href":"https:\/\/mail.topholds.com\/fr\/wp-json\/wp\/v2\/comments?post=16267"}],"wp:featuredmedia":[{"embeddable":true,"href":"https:\/\/mail.topholds.com\/fr\/wp-json\/wp\/v2\/media\/18131"}],"wp:attachment":[{"href":"https:\/\/mail.topholds.com\/fr\/wp-json\/wp\/v2\/media?parent=16267"}],"wp:term":[{"taxonomy":"product_brand","embeddable":true,"href":"https:\/\/mail.topholds.com\/fr\/wp-json\/wp\/v2\/product_brand?post=16267"},{"taxonomy":"product_cat","embeddable":true,"href":"https:\/\/mail.topholds.com\/fr\/wp-json\/wp\/v2\/product_cat?post=16267"},{"taxonomy":"product_tag","embeddable":true,"href":"https:\/\/mail.topholds.com\/fr\/wp-json\/wp\/v2\/product_tag?post=16267"}],"curies":[{"name":"wp","href":"https:\/\/api.w.org\/{rel}","templated":true}]}}