{"id":16297,"date":"2016-03-19T15:43:43","date_gmt":"2016-03-19T15:43:43","guid":{"rendered":"http:\/\/topholds.com\/titan\/"},"modified":"2024-08-26T02:24:37","modified_gmt":"2024-08-26T02:24:37","slug":"titan","status":"publish","type":"product","link":"https:\/\/mail.topholds.com\/fr\/offre\/prises-escalade\/titan\/","title":{"rendered":"Volume d&rsquo;escalade Titan"},"content":{"rendered":"<p><strong>Tit\u00e1n est un volume d&rsquo;escalade en texture de gr\u00e8s<\/strong> doux qui offre une excellente adh\u00e9rence sur sa surface.<\/p>\n<p>Ses dimensions polyvalentes, avec <strong>deux c\u00f4t\u00e9s mesurant 29 cm chacun, le c\u00f4t\u00e9 court de 25 cm et une hauteur de 12 cm<\/strong>, le rendent adaptable \u00e0 une large gamme de configurations et de niveaux de comp\u00e9tence sur votre mur d&rsquo;escalade.<\/p>\n<p>Veuillez noter que les couleurs du produit peuvent varier par rapport \u00e0 l&rsquo;image affich\u00e9e. Si vous souhaitez une couleur sp\u00e9cifique, n&rsquo;h\u00e9sitez pas \u00e0 nous contacter.<\/p>\n","protected":false},"excerpt":{"rendered":"<ul>\n<li>Tit\u00e1n est un volume d&rsquo;escalade.<\/li>\n<li>Texture de gr\u00e8s doux.<\/li>\n<li>L&rsquo;adh\u00e9rence de sa surface est parfaite.<\/li>\n<\/ul>\n","protected":false},"featured_media":18226,"comment_status":"open","ping_status":"closed","template":"","meta":[],"product_brand":[],"product_cat":[429],"product_tag":[],"class_list":{"0":"post-16297","1":"product","2":"type-product","3":"status-publish","4":"has-post-thumbnail","6":"product_cat-prises-escalade","8":"first","9":"instock","10":"sale","11":"taxable","12":"shipping-taxable","13":"purchasable","14":"product-type-simple"},"_links":{"self":[{"href":"https:\/\/mail.topholds.com\/fr\/wp-json\/wp\/v2\/product\/16297","targetHints":{"allow":["GET"]}}],"collection":[{"href":"https:\/\/mail.topholds.com\/fr\/wp-json\/wp\/v2\/product"}],"about":[{"href":"https:\/\/mail.topholds.com\/fr\/wp-json\/wp\/v2\/types\/product"}],"replies":[{"embeddable":true,"href":"https:\/\/mail.topholds.com\/fr\/wp-json\/wp\/v2\/comments?post=16297"}],"wp:featuredmedia":[{"embeddable":true,"href":"https:\/\/mail.topholds.com\/fr\/wp-json\/wp\/v2\/media\/18226"}],"wp:attachment":[{"href":"https:\/\/mail.topholds.com\/fr\/wp-json\/wp\/v2\/media?parent=16297"}],"wp:term":[{"taxonomy":"product_brand","embeddable":true,"href":"https:\/\/mail.topholds.com\/fr\/wp-json\/wp\/v2\/product_brand?post=16297"},{"taxonomy":"product_cat","embeddable":true,"href":"https:\/\/mail.topholds.com\/fr\/wp-json\/wp\/v2\/product_cat?post=16297"},{"taxonomy":"product_tag","embeddable":true,"href":"https:\/\/mail.topholds.com\/fr\/wp-json\/wp\/v2\/product_tag?post=16297"}],"curies":[{"name":"wp","href":"https:\/\/api.w.org\/{rel}","templated":true}]}}