{"id":16372,"date":"2016-03-22T17:48:11","date_gmt":"2016-03-22T17:48:11","guid":{"rendered":"http:\/\/topholds.com\/tamis-nylon-20x85\/"},"modified":"2024-08-26T02:34:14","modified_gmt":"2024-08-26T02:34:14","slug":"tamis-nylon-20x85","status":"publish","type":"product","link":"https:\/\/mail.topholds.com\/fr\/offre\/ancrages\/ancrages-mur\/tamis-nylon-20x85\/","title":{"rendered":"Tamis en Nylon 20\u00d785"},"content":{"rendered":"<p>*<strong>Ancrage chimique de haute r\u00e9sistance et tamis \u00e0 filetage interne<\/strong> pour murs en b\u00e9ton, pierre ou brique pleine.<\/p>\n<p>*<strong>Ancrage chimique combin\u00e9 avec tamis \u00e0 filetage interne et tamis en nylon<\/strong> pour murs en brique creuse.<\/p>\n<p>Ces deux solutions polyvalentes vous permettent d&rsquo;installer vos prises d&rsquo;escalade sur tout type de mur en toute s\u00e9curit\u00e9 et confiance.<\/p>\n<p>Gr\u00e2ce au tamis \u00e0 filetage int\u00e9rieur, l&rsquo;ancrage adh\u00e8re fermement \u00e0 la surface, vous permettant de <a href=\"https:\/\/topholds.com\/colocar-presas-de-escalada-en-una-pared-de-hormigon\/\" target=\"_blank\" rel=\"noopener\">d\u00e9monter et de r\u00e9installer les prises<\/a> pour modifier les circuits ou effectuer un nettoyage sans craindre d&rsquo;endommager le mur, contrairement \u00e0 d&rsquo;autres syst\u00e8mes de fixation.<\/p>\n<p>Caract\u00e9ristiques du tamis en nylon pour ancrages avec scellement chimique dans la brique creuse :<\/p>\n<ul>\n<li>Con\u00e7u pour une installation s\u00fbre et durable des prises sur des murs creux.<\/li>\n<li>Diam\u00e8tre : 20 mm<\/li>\n<li>Longueur : 85 mm<\/li>\n<\/ul>\n<p>Assurez la garantie maximale dans l&rsquo;<strong>installation de vos prises sur murs creux<\/strong> en utilisant ce tamis en nylon avec l&rsquo;ancrage chimique.<\/p>\n<p>Si vous avez besoin de conseils, visitez notre tutoriel graphique sur <a href=\"https:\/\/topholds.com\/blog\/\" target=\"_blank\" rel=\"noopener\">notre blog<\/a> ou n&rsquo;h\u00e9sitez pas \u00e0 nous consulter.<\/p>\n","protected":false},"excerpt":{"rendered":"<ul>\n<li>Filtre en nylon pour ancrages avec cheville chimique dans briques creuses<\/li>\n<li>Installez vos prises dans des murs creux avec les garanties maximales.<\/li>\n<\/ul>\n<p>&nbsp;<\/p>\n<p>&nbsp;<\/p>\n","protected":false},"featured_media":4634,"comment_status":"open","ping_status":"closed","template":"","meta":[],"product_brand":[],"product_cat":[430,434],"product_tag":[],"class_list":{"0":"post-16372","1":"product","2":"type-product","3":"status-publish","4":"has-post-thumbnail","6":"product_cat-ancrages","7":"product_cat-ancrages-mur","9":"first","10":"instock","11":"taxable","12":"shipping-taxable","13":"purchasable","14":"product-type-simple"},"_links":{"self":[{"href":"https:\/\/mail.topholds.com\/fr\/wp-json\/wp\/v2\/product\/16372","targetHints":{"allow":["GET"]}}],"collection":[{"href":"https:\/\/mail.topholds.com\/fr\/wp-json\/wp\/v2\/product"}],"about":[{"href":"https:\/\/mail.topholds.com\/fr\/wp-json\/wp\/v2\/types\/product"}],"replies":[{"embeddable":true,"href":"https:\/\/mail.topholds.com\/fr\/wp-json\/wp\/v2\/comments?post=16372"}],"wp:featuredmedia":[{"embeddable":true,"href":"https:\/\/mail.topholds.com\/fr\/wp-json\/wp\/v2\/media\/4634"}],"wp:attachment":[{"href":"https:\/\/mail.topholds.com\/fr\/wp-json\/wp\/v2\/media?parent=16372"}],"wp:term":[{"taxonomy":"product_brand","embeddable":true,"href":"https:\/\/mail.topholds.com\/fr\/wp-json\/wp\/v2\/product_brand?post=16372"},{"taxonomy":"product_cat","embeddable":true,"href":"https:\/\/mail.topholds.com\/fr\/wp-json\/wp\/v2\/product_cat?post=16372"},{"taxonomy":"product_tag","embeddable":true,"href":"https:\/\/mail.topholds.com\/fr\/wp-json\/wp\/v2\/product_tag?post=16372"}],"curies":[{"name":"wp","href":"https:\/\/api.w.org\/{rel}","templated":true}]}}