{"id":16457,"date":"2016-08-07T17:16:54","date_gmt":"2016-08-07T17:16:54","guid":{"rendered":"https:\/\/topholds.com\/climbing-tokyo\/"},"modified":"2024-08-26T02:44:43","modified_gmt":"2024-08-26T02:44:43","slug":"climbing-tokyo","status":"publish","type":"product","link":"https:\/\/mail.topholds.com\/fr\/offre\/prises-escalade\/climbing-tokyo\/","title":{"rendered":"Pack Prises d&rsquo;escalade Climbing Tokyo"},"content":{"rendered":"<p>Climbing Tokyo est un <strong>pack de 4 prises d&rsquo;escalade<\/strong> en texture gr\u00e8s. Ces prises offrent une prise au d\u00e9fi vari\u00e9e, parfaite pour enrichir votre exp\u00e9rience d&rsquo;escalade et s&rsquo;adapter \u00e0 diff\u00e9rents niveaux de comp\u00e9tence.<\/p>\n<p>Pour assurer un montage solide et s\u00e9curis\u00e9, il est recommand\u00e9 <strong>d&rsquo;utiliser des vis M10x40 (de pr\u00e9f\u00e9rence) ou M8x40<\/strong> lors de l&rsquo;installation des prises sur votre mur d&rsquo;escalade.<\/p>\n<p>De plus, chacune des <strong>prises est \u00e9quip\u00e9e d&rsquo;un trou pour vis anti-rotation<\/strong>, offrant une plus grande stabilit\u00e9 et pr\u00e9venant tout mouvement ind\u00e9sirable pendant son utilisation.<\/p>\n<p>Veuillez noter que les couleurs du produit peuvent varier par rapport \u00e0 l&rsquo;image affich\u00e9e. Si vous souhaitez une couleur sp\u00e9cifique, n&rsquo;h\u00e9sitez pas \u00e0 nous contacter.<\/p>\n","protected":false},"excerpt":{"rendered":"<ul>\n<li>Climbing Tokyo est un lot de 4 prises d&rsquo;escalade.<\/li>\n<li>Texture gr\u00e8s.<\/li>\n<li>Toutes avec un trou pour vis anti-rotation.<\/li>\n<\/ul>\n","protected":false},"featured_media":18616,"comment_status":"open","ping_status":"closed","template":"","meta":[],"product_brand":[],"product_cat":[429],"product_tag":[],"class_list":{"0":"post-16457","1":"product","2":"type-product","3":"status-publish","4":"has-post-thumbnail","6":"product_cat-prises-escalade","8":"first","9":"instock","10":"taxable","11":"shipping-taxable","12":"purchasable","13":"product-type-simple"},"_links":{"self":[{"href":"https:\/\/mail.topholds.com\/fr\/wp-json\/wp\/v2\/product\/16457","targetHints":{"allow":["GET"]}}],"collection":[{"href":"https:\/\/mail.topholds.com\/fr\/wp-json\/wp\/v2\/product"}],"about":[{"href":"https:\/\/mail.topholds.com\/fr\/wp-json\/wp\/v2\/types\/product"}],"replies":[{"embeddable":true,"href":"https:\/\/mail.topholds.com\/fr\/wp-json\/wp\/v2\/comments?post=16457"}],"wp:featuredmedia":[{"embeddable":true,"href":"https:\/\/mail.topholds.com\/fr\/wp-json\/wp\/v2\/media\/18616"}],"wp:attachment":[{"href":"https:\/\/mail.topholds.com\/fr\/wp-json\/wp\/v2\/media?parent=16457"}],"wp:term":[{"taxonomy":"product_brand","embeddable":true,"href":"https:\/\/mail.topholds.com\/fr\/wp-json\/wp\/v2\/product_brand?post=16457"},{"taxonomy":"product_cat","embeddable":true,"href":"https:\/\/mail.topholds.com\/fr\/wp-json\/wp\/v2\/product_cat?post=16457"},{"taxonomy":"product_tag","embeddable":true,"href":"https:\/\/mail.topholds.com\/fr\/wp-json\/wp\/v2\/product_tag?post=16457"}],"curies":[{"name":"wp","href":"https:\/\/api.w.org\/{rel}","templated":true}]}}