{"id":16552,"date":"2016-11-20T18:54:02","date_gmt":"2016-11-20T18:54:02","guid":{"rendered":"https:\/\/topholds.com\/oferta\/presas-escalada\/tubis\/tubis\/"},"modified":"2024-08-26T03:07:03","modified_gmt":"2024-08-26T03:07:03","slug":"tubis","status":"publish","type":"product","link":"https:\/\/mail.topholds.com\/fr\/offre\/prises-escalade\/enfants\/tubis\/","title":{"rendered":"Pack Prises d&rsquo;escalade pour Enfants Tubis"},"content":{"rendered":"<p><strong>Tubis est un pack de 6 prises d&rsquo;escalade<\/strong> multifonctionnelles con\u00e7ues pour cr\u00e9er des circuits de psychomotricit\u00e9, favorisant le jeu et l&rsquo;activit\u00e9 physique chez les plus jeunes.<\/p>\n<p>Les prises Tubis sont <strong>compatibles avec des piques et des tubes de 25 mm de diam\u00e8tre<\/strong>, comme les tubes de plomberie que vous pouvez d\u00e9corer facilement avec des rubans color\u00e9s pour obtenir des r\u00e9sultats esth\u00e9tiques et ludiques \u00e0 moindre co\u00fbt. Avec ce <em>pack de prises pour enfants<\/em>, cr\u00e9ez des obstacles et des arcs \u00e0 travers lesquels les enfants devront passer, stimulant leur coordination et leurs comp\u00e9tences motrices.<\/p>\n<p>Lorsqu&rsquo;elles ne sont pas utilis\u00e9es avec des tubes, les prises Tubis ont \u00e9t\u00e9 soigneusement <strong>con\u00e7ues pour s&rsquo;adapter aux petites mains<\/strong>, offrant des r\u00e9glets positifs, des bords et des captures malgr\u00e9 leur taille compacte.<\/p>\n<p>Transformez votre <strong>mur d&rsquo;escalade en un espace plein de joie et de divertissement pour les plus jeunes<\/strong>, permettant la cr\u00e9ation d&rsquo;innombrables jeux et activit\u00e9s pour les garder divertis et actifs.<\/p>\n<p>Pour leur installation, il est recommand\u00e9 <strong>d&rsquo;utiliser des vis M10x30 ou M8x30<\/strong>.<\/p>\n<p>Veuillez noter que les couleurs du produit peuvent varier par rapport \u00e0 l&rsquo;image affich\u00e9e. Si vous souhaitez une couleur sp\u00e9cifique, n&rsquo;h\u00e9sitez pas \u00e0 nous contacter.<\/p>\n","protected":false},"excerpt":{"rendered":"<ul>\n<li>Tubis est un lot de 6 prises d&rsquo;escalade pour enfants.<\/li>\n<li>Favorise la psychomotricit\u00e9 et la coordination chez les enfants.<\/li>\n<li>Compatible avec des piques et tubes de 25 mm de diam\u00e8tre.<\/li>\n<li>Stimule la cr\u00e9ativit\u00e9 en cr\u00e9ant des circuits et des obstacles.<\/li>\n<li>Con\u00e7ues pour s&rsquo;adapter aux petites mains.<\/li>\n<\/ul>\n","protected":false},"featured_media":18637,"comment_status":"open","ping_status":"closed","template":"","meta":[],"product_brand":[],"product_cat":[431],"product_tag":[],"class_list":{"0":"post-16552","1":"product","2":"type-product","3":"status-publish","4":"has-post-thumbnail","6":"product_cat-enfants","8":"first","9":"instock","10":"taxable","11":"shipping-taxable","12":"purchasable","13":"product-type-simple"},"_links":{"self":[{"href":"https:\/\/mail.topholds.com\/fr\/wp-json\/wp\/v2\/product\/16552","targetHints":{"allow":["GET"]}}],"collection":[{"href":"https:\/\/mail.topholds.com\/fr\/wp-json\/wp\/v2\/product"}],"about":[{"href":"https:\/\/mail.topholds.com\/fr\/wp-json\/wp\/v2\/types\/product"}],"replies":[{"embeddable":true,"href":"https:\/\/mail.topholds.com\/fr\/wp-json\/wp\/v2\/comments?post=16552"}],"wp:featuredmedia":[{"embeddable":true,"href":"https:\/\/mail.topholds.com\/fr\/wp-json\/wp\/v2\/media\/18637"}],"wp:attachment":[{"href":"https:\/\/mail.topholds.com\/fr\/wp-json\/wp\/v2\/media?parent=16552"}],"wp:term":[{"taxonomy":"product_brand","embeddable":true,"href":"https:\/\/mail.topholds.com\/fr\/wp-json\/wp\/v2\/product_brand?post=16552"},{"taxonomy":"product_cat","embeddable":true,"href":"https:\/\/mail.topholds.com\/fr\/wp-json\/wp\/v2\/product_cat?post=16552"},{"taxonomy":"product_tag","embeddable":true,"href":"https:\/\/mail.topholds.com\/fr\/wp-json\/wp\/v2\/product_tag?post=16552"}],"curies":[{"name":"wp","href":"https:\/\/api.w.org\/{rel}","templated":true}]}}