{"id":16572,"date":"2017-01-15T20:50:38","date_gmt":"2017-01-15T20:50:38","guid":{"rendered":"https:\/\/topholds.com\/oferta\/presas-escalada\/tubis-duck\/tubis-duck\/"},"modified":"2024-08-26T03:12:50","modified_gmt":"2024-08-26T03:12:50","slug":"tubis-duck","status":"publish","type":"product","link":"https:\/\/mail.topholds.com\/fr\/offre\/prises-escalade\/enfants\/tubis-duck\/","title":{"rendered":"Prises d&rsquo;escalade pour Enfants Tubis Duck"},"content":{"rendered":"<p><strong>Tubis Duck est une prise d&rsquo;escalade pour enfants<\/strong> sp\u00e9cialement con\u00e7ue pour cr\u00e9er des circuits de psychomotricit\u00e9 qui divertissent et stimulent les plus petits.<\/p>\n<p>Cette <em>prise d&rsquo;escalade enfantine<\/em> polyvalente est <strong>compatible avec des piques et tubes de 25 mm de diam\u00e8tre<\/strong>, comme ceux de plomberie. Personnalisez et d\u00e9corez les tubes avec des bandes de couleurs pour obtenir une finition attrayante et amusante \u00e0 un co\u00fbt minimal.<\/p>\n<p>Avec les <strong>prises Tubis Duck<\/strong>, vous pouvez <strong>concevoir des obstacles stimulants et des arcs<\/strong> que les enfants devront contourner et franchir, favorisant ainsi leur cr\u00e9ativit\u00e9 et leurs capacit\u00e9s motrices.<\/p>\n<p>Lorsque les tubes sont retir\u00e9s, Tubis Duck se transforme en <strong>prise con\u00e7ue pour offrir un godet, un bord ou une pince facile \u00e0 saisir<\/strong>, adapt\u00e9e aux petites mains et offrant une prise s\u00fbre et confortable.<\/p>\n<p>Avec les prises Tubis Duck, vous pourrez <strong>remplir votre mur de joie et de divertissement pour les petits<\/strong>, tout en cr\u00e9ant une multitude de jeux et d&rsquo;activit\u00e9s pour leur plaisir.<\/p>\n<p>Pour son installation, il est recommand\u00e9 d&rsquo;utiliser des vis M10x40 ou M8x40.<\/p>\n<p>Veuillez noter que les couleurs du produit peuvent varier par rapport \u00e0 l&rsquo;image affich\u00e9e. Si vous d\u00e9sirez une couleur sp\u00e9cifique, n&rsquo;h\u00e9sitez pas \u00e0 nous contacter.<\/p>\n","protected":false},"excerpt":{"rendered":"<ul>\n<li>Prise pour cr\u00e9er des circuits de psychomotricit\u00e9 amusants et vari\u00e9s.<\/li>\n<li>Convient pour ins\u00e9rer des piques et des tubes de 25 mm de diam\u00e8tre que vous pouvez personnaliser avec des couleurs.<\/li>\n<li>Permet de cr\u00e9er des obstacles et des arcs pour stimuler le mouvement et la coordination des petits.<\/li>\n<li>Prise en forme de canard avec diff\u00e9rents types de prise (cocher, ar\u00eate ou pince) adapt\u00e9s aux petites mains.<\/li>\n<\/ul>\n","protected":false},"featured_media":18946,"comment_status":"open","ping_status":"closed","template":"","meta":[],"product_brand":[],"product_cat":[431],"product_tag":[],"class_list":{"0":"post-16572","1":"product","2":"type-product","3":"status-publish","4":"has-post-thumbnail","6":"product_cat-enfants","8":"first","9":"instock","10":"taxable","11":"shipping-taxable","12":"purchasable","13":"product-type-simple"},"_links":{"self":[{"href":"https:\/\/mail.topholds.com\/fr\/wp-json\/wp\/v2\/product\/16572","targetHints":{"allow":["GET"]}}],"collection":[{"href":"https:\/\/mail.topholds.com\/fr\/wp-json\/wp\/v2\/product"}],"about":[{"href":"https:\/\/mail.topholds.com\/fr\/wp-json\/wp\/v2\/types\/product"}],"replies":[{"embeddable":true,"href":"https:\/\/mail.topholds.com\/fr\/wp-json\/wp\/v2\/comments?post=16572"}],"wp:featuredmedia":[{"embeddable":true,"href":"https:\/\/mail.topholds.com\/fr\/wp-json\/wp\/v2\/media\/18946"}],"wp:attachment":[{"href":"https:\/\/mail.topholds.com\/fr\/wp-json\/wp\/v2\/media?parent=16572"}],"wp:term":[{"taxonomy":"product_brand","embeddable":true,"href":"https:\/\/mail.topholds.com\/fr\/wp-json\/wp\/v2\/product_brand?post=16572"},{"taxonomy":"product_cat","embeddable":true,"href":"https:\/\/mail.topholds.com\/fr\/wp-json\/wp\/v2\/product_cat?post=16572"},{"taxonomy":"product_tag","embeddable":true,"href":"https:\/\/mail.topholds.com\/fr\/wp-json\/wp\/v2\/product_tag?post=16572"}],"curies":[{"name":"wp","href":"https:\/\/api.w.org\/{rel}","templated":true}]}}