{"id":16597,"date":"2017-02-26T20:22:57","date_gmt":"2017-02-26T20:22:57","guid":{"rendered":"https:\/\/topholds.com\/oferta\/presas-escalada\/tubis-frog\/tubis-frog\/"},"modified":"2024-08-26T03:20:45","modified_gmt":"2024-08-26T03:20:45","slug":"tubis-frog","status":"publish","type":"product","link":"https:\/\/mail.topholds.com\/fr\/offre\/prises-escalade\/enfants\/tubis-frog\/","title":{"rendered":"Prises d&rsquo;escalade pour Enfants Tubis Frog"},"content":{"rendered":"<p><strong>Tubis Frog est une prise d&rsquo;escalade innovante pour enfants<\/strong>, con\u00e7ue sp\u00e9cialement pour cr\u00e9er des circuits de psychomotricit\u00e9 qui divertissent et stimulent les plus petits.<\/p>\n<p>Cette prise polyvalente est <strong>compatible avec des tiges et tubes de 25 mm de diam\u00e8tre<\/strong>, comme ceux de plomberie. Personnalisez et d\u00e9corez les tubes avec des rubans color\u00e9s pour obtenir une finition attrayante et amusante \u00e0 moindre co\u00fbt.<\/p>\n<p>Avec les prises Tubis Frog, vous pouvez <strong>concevoir des obstacles d\u00e9fiants et des arcs<\/strong> que les enfants devront franchir, stimulant leur cr\u00e9ativit\u00e9 et leurs comp\u00e9tences motrices.<\/p>\n<p>Lorsque les tubes sont retir\u00e9s, Tubis Frog se transforme en une <strong>prise con\u00e7ue pour offrir une prise en main s\u00e9curis\u00e9e et adapt\u00e9e<\/strong> aux petites mains, permettant aux enfants de trouver facilement un creux, un rebord ou une pince.<\/p>\n<p>Avec Tubis Frog, vous pourrez remplir votre mur de joie et de plaisir pour les petits, tout en cr\u00e9ant une multitude de jeux et d&rsquo;activit\u00e9s pour leur amusement.<\/p>\n<p>Pour son installation, il est recommand\u00e9 d&rsquo;<strong>utiliser des vis M10x40 ou M8x40<\/strong>.<\/p>\n<p>Veuillez noter que les couleurs du produit peuvent varier par rapport \u00e0 l&rsquo;image affich\u00e9e. Si vous souhaitez une couleur sp\u00e9cifique, n&rsquo;h\u00e9sitez pas \u00e0 nous contacter.<\/p>\n","protected":false},"excerpt":{"rendered":"<ul>\n<li>Prise pour cr\u00e9er des circuits de psychomotricit\u00e9 amusants et vari\u00e9s.<\/li>\n<li>Convient pour ins\u00e9rer des piquets et des tubes de 25 mm de diam\u00e8tre que vous pouvez personnaliser avec des couleurs.<\/li>\n<li>Permet de cr\u00e9er des obstacles et des arcs pour stimuler le mouvement et la coordination des petits.<\/li>\n<li>Prise avec diff\u00e9rents types de pr\u00e9hension (coupelle, ar\u00eate ou pince) adapt\u00e9s aux petites mains.<\/li>\n<\/ul>\n","protected":false},"featured_media":19031,"comment_status":"open","ping_status":"closed","template":"","meta":[],"product_brand":[],"product_cat":[431],"product_tag":[],"class_list":{"0":"post-16597","1":"product","2":"type-product","3":"status-publish","4":"has-post-thumbnail","6":"product_cat-enfants","8":"first","9":"instock","10":"taxable","11":"shipping-taxable","12":"purchasable","13":"product-type-simple"},"_links":{"self":[{"href":"https:\/\/mail.topholds.com\/fr\/wp-json\/wp\/v2\/product\/16597","targetHints":{"allow":["GET"]}}],"collection":[{"href":"https:\/\/mail.topholds.com\/fr\/wp-json\/wp\/v2\/product"}],"about":[{"href":"https:\/\/mail.topholds.com\/fr\/wp-json\/wp\/v2\/types\/product"}],"replies":[{"embeddable":true,"href":"https:\/\/mail.topholds.com\/fr\/wp-json\/wp\/v2\/comments?post=16597"}],"wp:featuredmedia":[{"embeddable":true,"href":"https:\/\/mail.topholds.com\/fr\/wp-json\/wp\/v2\/media\/19031"}],"wp:attachment":[{"href":"https:\/\/mail.topholds.com\/fr\/wp-json\/wp\/v2\/media?parent=16597"}],"wp:term":[{"taxonomy":"product_brand","embeddable":true,"href":"https:\/\/mail.topholds.com\/fr\/wp-json\/wp\/v2\/product_brand?post=16597"},{"taxonomy":"product_cat","embeddable":true,"href":"https:\/\/mail.topholds.com\/fr\/wp-json\/wp\/v2\/product_cat?post=16597"},{"taxonomy":"product_tag","embeddable":true,"href":"https:\/\/mail.topholds.com\/fr\/wp-json\/wp\/v2\/product_tag?post=16597"}],"curies":[{"name":"wp","href":"https:\/\/api.w.org\/{rel}","templated":true}]}}