{"id":16612,"date":"2017-03-03T06:36:45","date_gmt":"2017-03-03T06:36:45","guid":{"rendered":"https:\/\/topholds.com\/oferta\/presas-escalada\/cazo\/cazo\/"},"modified":"2024-08-26T03:24:53","modified_gmt":"2024-08-26T03:24:53","slug":"cazo","status":"publish","type":"product","link":"https:\/\/mail.topholds.com\/fr\/offre\/course-obstacles\/entrainements\/prises\/cazo\/","title":{"rendered":"Prises OCR Cazo"},"content":{"rendered":"<p><strong>Cazo est une prise d&rsquo;OCR<\/strong> con\u00e7ue sp\u00e9cifiquement pour les <strong>tractions et suspensions<\/strong>, id\u00e9ale pour une utilisation sur des murs d&rsquo;escalade suspendus d&rsquo;OCR, des campus et des itin\u00e9raires de descente en blocs.<\/p>\n<p>Cette <em>prise d&rsquo;OCR<\/em> poss\u00e8de un <strong>diam\u00e8tre parfait de 9 cm, sym\u00e9trique et sans imperfections<\/strong>, ce qui permet de r\u00e9aliser des prises sous divers angles du poignet sans avoir besoin de d\u00e9placer la prise. Son design offre une plus grande polyvalence dans vos entra\u00eenements et d\u00e9fis.<\/p>\n<p>Le diam\u00e8tre du bord sup\u00e9rieur est <strong>con\u00e7u pour offrir un soutien confortable et optimal<\/strong> pour le repos de la main, am\u00e9liorant ainsi l&rsquo;exp\u00e9rience d&rsquo;utilisation de la prise.<\/p>\n<p>De plus, la prise est dot\u00e9e d&rsquo;une texture douce pour une prise en main plus agr\u00e9able et ferme.<\/p>\n<p>Pour son installation, il est recommand\u00e9 d&rsquo;utiliser des <strong>vis M10x40 ou M8x40<\/strong>.<\/p>\n<p>Veuillez noter que les couleurs du produit peuvent varier par rapport \u00e0 l&rsquo;image affich\u00e9e. Si vous souhaitez une couleur sp\u00e9cifique, n&rsquo;h\u00e9sitez pas \u00e0 nous contacter.<\/p>\n","protected":false},"excerpt":{"rendered":"<ul>\n<li>Prise pour effectuer des tractions et des suspensions.<\/li>\n<li>Id\u00e9al pour des murs d&rsquo;escalade OCR suspendus, des campus et pour cr\u00e9er des parcours pour descendre des blocs.<\/li>\n<li>A un diam\u00e8tre de 9 cm sans imperfections et sym\u00e9trique.<\/li>\n<li>Permet des prises \u00e0 diff\u00e9rents angles du poignet sans avoir \u00e0 d\u00e9placer la prise.<\/li>\n<li>Le diam\u00e8tre du bord sup\u00e9rieur est tr\u00e8s confortable pour un repos id\u00e9al de la main.<\/li>\n<\/ul>\n","protected":false},"featured_media":19081,"comment_status":"open","ping_status":"closed","template":"","meta":[],"product_brand":[],"product_cat":[402,450,429,432,454],"product_tag":[],"class_list":{"0":"post-16612","1":"product","2":"type-product","3":"status-publish","4":"has-post-thumbnail","6":"product_cat-course-obstacles","7":"product_cat-entrainements","8":"product_cat-prises-escalade","9":"product_cat-entrainement","10":"product_cat-prises","12":"first","13":"instock","14":"sale","15":"taxable","16":"shipping-taxable","17":"purchasable","18":"product-type-simple"},"_links":{"self":[{"href":"https:\/\/mail.topholds.com\/fr\/wp-json\/wp\/v2\/product\/16612","targetHints":{"allow":["GET"]}}],"collection":[{"href":"https:\/\/mail.topholds.com\/fr\/wp-json\/wp\/v2\/product"}],"about":[{"href":"https:\/\/mail.topholds.com\/fr\/wp-json\/wp\/v2\/types\/product"}],"replies":[{"embeddable":true,"href":"https:\/\/mail.topholds.com\/fr\/wp-json\/wp\/v2\/comments?post=16612"}],"wp:featuredmedia":[{"embeddable":true,"href":"https:\/\/mail.topholds.com\/fr\/wp-json\/wp\/v2\/media\/19081"}],"wp:attachment":[{"href":"https:\/\/mail.topholds.com\/fr\/wp-json\/wp\/v2\/media?parent=16612"}],"wp:term":[{"taxonomy":"product_brand","embeddable":true,"href":"https:\/\/mail.topholds.com\/fr\/wp-json\/wp\/v2\/product_brand?post=16612"},{"taxonomy":"product_cat","embeddable":true,"href":"https:\/\/mail.topholds.com\/fr\/wp-json\/wp\/v2\/product_cat?post=16612"},{"taxonomy":"product_tag","embeddable":true,"href":"https:\/\/mail.topholds.com\/fr\/wp-json\/wp\/v2\/product_tag?post=16612"}],"curies":[{"name":"wp","href":"https:\/\/api.w.org\/{rel}","templated":true}]}}