{"id":16622,"date":"2017-03-05T15:29:03","date_gmt":"2017-03-05T15:29:03","guid":{"rendered":"https:\/\/topholds.com\/oferta\/presas-escalada\/bola-de-entrenamiento-9\/balle-entrainement-9\/"},"modified":"2026-03-18T09:22:40","modified_gmt":"2026-03-18T09:22:40","slug":"balle-entrainement-9","status":"publish","type":"product","link":"https:\/\/mail.topholds.com\/fr\/offre\/course-obstacles\/entrainements\/suspensionss\/balle-entrainement-9\/","title":{"rendered":"Suspensions OCR Balle d&rsquo;Entra\u00eenement 9"},"content":{"rendered":"<p><strong>La Bola de entra\u00eenement 9<\/strong> est une boule pour s&rsquo;entra\u00eener aux <strong>suspensions\/tractions<\/strong>.<\/p>\n<p>Elle est con\u00e7ue avec une forme compl\u00e8tement sph\u00e9rique et sans les joints ind\u00e9sirables ni les renflements. Son ergonomie impeccable et sa texture douce en font un <strong>outil essentiel pour vos sessions d&rsquo;escalade ou de crossfit<\/strong>.<\/p>\n<p>Cette boule d&rsquo;entra\u00eenement innovante p\u00e8se <strong>ultra-l\u00e9ger avec seulement 325 grammes<\/strong>, gr\u00e2ce \u00e0 son design de vidage int\u00e9rieur. Cette caract\u00e9ristique la rend parfaite pour \u00eatre emport\u00e9e dans votre sac \u00e0 dos et s\u2019entra\u00eener partout et \u00e0 tout moment.<\/p>\n<p>De plus, nous avons incorpor\u00e9 un cordon double polyvalent de 6 mm pour plusieurs raisons :<\/p>\n<ul>\n<li>Garantit une prise en main sans obstacles<\/li>\n<li>Permet de l&rsquo;accrocher rapidement \u00e0 toute branche, barre de traction, etc., avec un simple n\u0153ud alpin en seulement 3 secondes<\/li>\n<li>Facilite son utilisation lors de sorties sur toit ou de d\u00e9vers \u00e0 l&rsquo;aide d&rsquo;un mousqueton<\/li>\n<\/ul>\n<p>Avec la <em>boule d&rsquo;entra\u00eenement 9<\/em>, il n&rsquo;y a plus d&rsquo;excuses pour ne pas ajouter un peu de d\u00e9fi et d&rsquo;effort \u00e0 votre routine quotidienne.<\/p>\n<p>Veuillez noter que les couleurs du produit peuvent varier par rapport \u00e0 l&rsquo;image montr\u00e9e. Si vous souhaitez une couleur sp\u00e9cifique, n&rsquo;h\u00e9sitez pas \u00e0 nous contacter.<\/p>\n","protected":false},"excerpt":{"rendered":"<ul>\n<li>Boule pour suspensions\/tractions.<\/li>\n<li>Diam\u00e8tre 90mm<\/li>\n<\/ul>\n<p>&nbsp;<\/p>\n<p>&nbsp;<\/p>\n","protected":false},"featured_media":5490,"comment_status":"open","ping_status":"closed","template":"","meta":[],"product_brand":[],"product_cat":[402,450,455],"product_tag":[],"class_list":{"0":"post-16622","1":"product","2":"type-product","3":"status-publish","4":"has-post-thumbnail","6":"product_cat-course-obstacles","7":"product_cat-entrainements","8":"product_cat-suspensionss","10":"first","11":"instock","12":"sale","13":"taxable","14":"shipping-taxable","15":"purchasable","16":"product-type-simple"},"_links":{"self":[{"href":"https:\/\/mail.topholds.com\/fr\/wp-json\/wp\/v2\/product\/16622","targetHints":{"allow":["GET"]}}],"collection":[{"href":"https:\/\/mail.topholds.com\/fr\/wp-json\/wp\/v2\/product"}],"about":[{"href":"https:\/\/mail.topholds.com\/fr\/wp-json\/wp\/v2\/types\/product"}],"replies":[{"embeddable":true,"href":"https:\/\/mail.topholds.com\/fr\/wp-json\/wp\/v2\/comments?post=16622"}],"wp:featuredmedia":[{"embeddable":true,"href":"https:\/\/mail.topholds.com\/fr\/wp-json\/wp\/v2\/media\/5490"}],"wp:attachment":[{"href":"https:\/\/mail.topholds.com\/fr\/wp-json\/wp\/v2\/media?parent=16622"}],"wp:term":[{"taxonomy":"product_brand","embeddable":true,"href":"https:\/\/mail.topholds.com\/fr\/wp-json\/wp\/v2\/product_brand?post=16622"},{"taxonomy":"product_cat","embeddable":true,"href":"https:\/\/mail.topholds.com\/fr\/wp-json\/wp\/v2\/product_cat?post=16622"},{"taxonomy":"product_tag","embeddable":true,"href":"https:\/\/mail.topholds.com\/fr\/wp-json\/wp\/v2\/product_tag?post=16622"}],"curies":[{"name":"wp","href":"https:\/\/api.w.org\/{rel}","templated":true}]}}