{"id":16682,"date":"2017-07-30T06:43:33","date_gmt":"2017-07-30T06:43:33","guid":{"rendered":"https:\/\/topholds.com\/?post_type=product&#038;p=5803\/poliedro-01\/"},"modified":"2024-08-26T03:38:52","modified_gmt":"2024-08-26T03:38:52","slug":"poliedro-01","status":"publish","type":"product","link":"https:\/\/mail.topholds.com\/fr\/offre\/prises-escalade\/poliedro-01\/","title":{"rendered":"Pack Prises d&rsquo;escalade Polyhedron 01"},"content":{"rendered":"<p>Le <strong>pack de prises d&rsquo;escalade Poliedro 01<\/strong> comprend 12 prises avec une texture duale.<\/p>\n<p>Avec une <strong>vari\u00e9t\u00e9 d&rsquo;options de prise<\/strong>, ces prises offrent un large \u00e9ventail de possibilit\u00e9s pour s&rsquo;entra\u00eener et am\u00e9liorer vos comp\u00e9tences en escalade.<\/p>\n<p>Le pack Poliedro 01 <strong>inclut des r\u00e9glettes \u00e0 bord positif et neutre<\/strong>, ce qui permet une plus grande flexibilit\u00e9 dans la configuration du mur d&rsquo;escalade.<\/p>\n<p>Il est recommand\u00e9 d&rsquo;utiliser des <strong>vis M10x40 ou M8x40<\/strong> pour une fixation s\u00e9curis\u00e9e et optimale sur le mur.<\/p>\n<p>Veuillez noter que les couleurs du produit peuvent varier par rapport \u00e0 l&rsquo;image montr\u00e9e. Si vous souhaitez une couleur sp\u00e9cifique, n&rsquo;h\u00e9sitez pas \u00e0 nous contacter.<\/p>\n","protected":false},"excerpt":{"rendered":"<ul>\n<li>Poliedro 01 est un pack de 12 prises d&rsquo;escalade.<\/li>\n<li>Textur\u00e9 dual.<\/li>\n<li>Regletas avec chant positif et neutre.<\/li>\n<\/ul>\n","protected":false},"featured_media":19236,"comment_status":"open","ping_status":"closed","template":"","meta":[],"product_brand":[],"product_cat":[429],"product_tag":[],"class_list":{"0":"post-16682","1":"product","2":"type-product","3":"status-publish","4":"has-post-thumbnail","6":"product_cat-prises-escalade","8":"first","9":"instock","10":"taxable","11":"shipping-taxable","12":"purchasable","13":"product-type-simple"},"_links":{"self":[{"href":"https:\/\/mail.topholds.com\/fr\/wp-json\/wp\/v2\/product\/16682","targetHints":{"allow":["GET"]}}],"collection":[{"href":"https:\/\/mail.topholds.com\/fr\/wp-json\/wp\/v2\/product"}],"about":[{"href":"https:\/\/mail.topholds.com\/fr\/wp-json\/wp\/v2\/types\/product"}],"replies":[{"embeddable":true,"href":"https:\/\/mail.topholds.com\/fr\/wp-json\/wp\/v2\/comments?post=16682"}],"wp:featuredmedia":[{"embeddable":true,"href":"https:\/\/mail.topholds.com\/fr\/wp-json\/wp\/v2\/media\/19236"}],"wp:attachment":[{"href":"https:\/\/mail.topholds.com\/fr\/wp-json\/wp\/v2\/media?parent=16682"}],"wp:term":[{"taxonomy":"product_brand","embeddable":true,"href":"https:\/\/mail.topholds.com\/fr\/wp-json\/wp\/v2\/product_brand?post=16682"},{"taxonomy":"product_cat","embeddable":true,"href":"https:\/\/mail.topholds.com\/fr\/wp-json\/wp\/v2\/product_cat?post=16682"},{"taxonomy":"product_tag","embeddable":true,"href":"https:\/\/mail.topholds.com\/fr\/wp-json\/wp\/v2\/product_tag?post=16682"}],"curies":[{"name":"wp","href":"https:\/\/api.w.org\/{rel}","templated":true}]}}