{"id":16717,"date":"2017-09-28T17:56:51","date_gmt":"2017-09-28T17:56:51","guid":{"rendered":"https:\/\/topholds.com\/lenek\/"},"modified":"2024-08-26T03:49:59","modified_gmt":"2024-08-26T03:49:59","slug":"lenek","status":"publish","type":"product","link":"https:\/\/mail.topholds.com\/fr\/offre\/prises-escalade\/lenek\/","title":{"rendered":"Pack Prises d&rsquo;escalade Lenek"},"content":{"rendered":"<p><strong>Lenek est un pack de 8 prises d&rsquo;escalade<\/strong> avec une douce texture de gr\u00e8s.<\/p>\n<p>Les <em>prises d&rsquo;escalade Lenek<\/em> disposent de bons rebords dans l&rsquo;une de leurs positions et d&rsquo;une prise plate avec un petit rebord dans l&rsquo;autre. La prise plate pr\u00e9sente un <strong>relief suppl\u00e9mentaire pour am\u00e9liorer l&rsquo;adh\u00e9rence et offrir une plus grande s\u00e9curit\u00e9<\/strong>.<\/p>\n<p>Chaque prise est \u00e9quip\u00e9e d&rsquo;un <strong>trou pour vis anti-rotation<\/strong>, ce qui garantit une plus grande stabilit\u00e9 et s\u00e9curit\u00e9 lors de leur utilisation lors de vos s\u00e9ances d&rsquo;escalade.<\/p>\n<p>Pour l&rsquo;installation des prises, il est recommand\u00e9 d&rsquo;utiliser des vis M10x40 ou M8x40 (non incluses).<\/p>\n<p>Veuillez noter que les couleurs du produit peuvent diff\u00e9rer de celles montr\u00e9es sur la photo. Si vous souhaitez une couleur sp\u00e9cifique, n&rsquo;h\u00e9sitez pas \u00e0 nous contacter.<\/p>\n","protected":false},"excerpt":{"rendered":"<ul>\n<li>Lenek est un lot de 8 prises d&rsquo;escalade.<\/li>\n<li>Texture sablonneuse douce.<\/li>\n<li>Avec de bons bords dans l&rsquo;une de ses positions et un plat avec un petit bord dans l&rsquo;autre.<\/li>\n<li>Le plat est \u00e9quip\u00e9 d&rsquo;un relief suppl\u00e9mentaire pour am\u00e9liorer l&rsquo;adh\u00e9rence.<\/li>\n<li>Toutes sont dot\u00e9es d&rsquo;un trou pour vis anti-rotation.<\/li>\n<\/ul>\n<p>&nbsp;<\/p>\n","protected":false},"featured_media":19366,"comment_status":"open","ping_status":"closed","template":"","meta":[],"product_brand":[],"product_cat":[429],"product_tag":[],"class_list":{"0":"post-16717","1":"product","2":"type-product","3":"status-publish","4":"has-post-thumbnail","6":"product_cat-prises-escalade","8":"first","9":"instock","10":"taxable","11":"shipping-taxable","12":"purchasable","13":"product-type-simple"},"_links":{"self":[{"href":"https:\/\/mail.topholds.com\/fr\/wp-json\/wp\/v2\/product\/16717","targetHints":{"allow":["GET"]}}],"collection":[{"href":"https:\/\/mail.topholds.com\/fr\/wp-json\/wp\/v2\/product"}],"about":[{"href":"https:\/\/mail.topholds.com\/fr\/wp-json\/wp\/v2\/types\/product"}],"replies":[{"embeddable":true,"href":"https:\/\/mail.topholds.com\/fr\/wp-json\/wp\/v2\/comments?post=16717"}],"wp:featuredmedia":[{"embeddable":true,"href":"https:\/\/mail.topholds.com\/fr\/wp-json\/wp\/v2\/media\/19366"}],"wp:attachment":[{"href":"https:\/\/mail.topholds.com\/fr\/wp-json\/wp\/v2\/media?parent=16717"}],"wp:term":[{"taxonomy":"product_brand","embeddable":true,"href":"https:\/\/mail.topholds.com\/fr\/wp-json\/wp\/v2\/product_brand?post=16717"},{"taxonomy":"product_cat","embeddable":true,"href":"https:\/\/mail.topholds.com\/fr\/wp-json\/wp\/v2\/product_cat?post=16717"},{"taxonomy":"product_tag","embeddable":true,"href":"https:\/\/mail.topholds.com\/fr\/wp-json\/wp\/v2\/product_tag?post=16717"}],"curies":[{"name":"wp","href":"https:\/\/api.w.org\/{rel}","templated":true}]}}