{"id":16777,"date":"2018-04-22T18:20:54","date_gmt":"2018-04-22T18:20:54","guid":{"rendered":"https:\/\/topholds.com\/big-gravity\/"},"modified":"2024-08-26T04:04:24","modified_gmt":"2024-08-26T04:04:24","slug":"big-gravity","status":"publish","type":"product","link":"https:\/\/mail.topholds.com\/fr\/offre\/prises-escalade\/big-gravity\/","title":{"rendered":"Prises d&rsquo;escalade Big Gravity"},"content":{"rendered":"<p><strong>Big Gravity est un volume d&rsquo;escalade<\/strong> extr\u00eamement polyvalent qui offre une large gamme de prises pour une ou deux mains, r\u00e9parties sur tout son p\u00e9rim\u00e8tre. Ce volume est dot\u00e9 d&rsquo;une <strong>texture attrayante de gr\u00e8s doux<\/strong>, id\u00e9ale pour une prise confortable et s\u00e9curis\u00e9e.<\/p>\n<p>Big Gravity mesure 390 mm de long, 170 mm de large et 100 mm de haut, ce qui lui permet de <strong>s&rsquo;adapter \u00e0 diff\u00e9rents niveaux de difficult\u00e9<\/strong> et de d\u00e9fi sur votre mur d&rsquo;escalade.<\/p>\n<p>Pour son installation, nous recommandons d&rsquo;utiliser des vis M10x50 ou M8x50. De plus, la <strong>prise d&rsquo;escalade Big Gravity<\/strong> est \u00e9quip\u00e9e de cinq trous suppl\u00e9mentaires pour vis \u00e0 bois, ce qui garantit un maintien encore plus ferme et s\u00fbr.<\/p>\n<p>Veuillez noter que les couleurs du produit peuvent varier par rapport \u00e0 l&rsquo;image affich\u00e9e. Si vous souhaitez une couleur sp\u00e9cifique, n&rsquo;h\u00e9sitez pas \u00e0 nous contacter.<\/p>\n","protected":false},"excerpt":{"rendered":"<ul>\n<li>Big Gravity est un volume tr\u00e8s polyvalent.<\/li>\n<li>Vari\u00e9s pr\u00e9hensions pour une ou deux mains r\u00e9parties sur tout le p\u00e9rim\u00e8tre.<\/li>\n<li>Texture sablonneuse douce.<\/li>\n<li>Dot\u00e9e de cinq trous suppl\u00e9mentaires pour vis \u00e0 bois.<\/li>\n<\/ul>\n<p>&nbsp;<\/p>\n<p>&nbsp;<\/p>\n","protected":false},"featured_media":19526,"comment_status":"open","ping_status":"closed","template":"","meta":[],"product_brand":[],"product_cat":[429],"product_tag":[],"class_list":{"0":"post-16777","1":"product","2":"type-product","3":"status-publish","4":"has-post-thumbnail","6":"product_cat-prises-escalade","8":"first","9":"instock","10":"sale","11":"taxable","12":"shipping-taxable","13":"purchasable","14":"product-type-simple"},"_links":{"self":[{"href":"https:\/\/mail.topholds.com\/fr\/wp-json\/wp\/v2\/product\/16777","targetHints":{"allow":["GET"]}}],"collection":[{"href":"https:\/\/mail.topholds.com\/fr\/wp-json\/wp\/v2\/product"}],"about":[{"href":"https:\/\/mail.topholds.com\/fr\/wp-json\/wp\/v2\/types\/product"}],"replies":[{"embeddable":true,"href":"https:\/\/mail.topholds.com\/fr\/wp-json\/wp\/v2\/comments?post=16777"}],"wp:featuredmedia":[{"embeddable":true,"href":"https:\/\/mail.topholds.com\/fr\/wp-json\/wp\/v2\/media\/19526"}],"wp:attachment":[{"href":"https:\/\/mail.topholds.com\/fr\/wp-json\/wp\/v2\/media?parent=16777"}],"wp:term":[{"taxonomy":"product_brand","embeddable":true,"href":"https:\/\/mail.topholds.com\/fr\/wp-json\/wp\/v2\/product_brand?post=16777"},{"taxonomy":"product_cat","embeddable":true,"href":"https:\/\/mail.topholds.com\/fr\/wp-json\/wp\/v2\/product_cat?post=16777"},{"taxonomy":"product_tag","embeddable":true,"href":"https:\/\/mail.topholds.com\/fr\/wp-json\/wp\/v2\/product_tag?post=16777"}],"curies":[{"name":"wp","href":"https:\/\/api.w.org\/{rel}","templated":true}]}}