{"id":16872,"date":"2019-05-20T19:06:19","date_gmt":"2019-05-20T19:06:19","guid":{"rendered":"https:\/\/topholds.com\/chain-grip-evolution\/"},"modified":"2026-03-11T14:17:30","modified_gmt":"2026-03-11T14:17:30","slug":"chain-grip-evolution","status":"publish","type":"product","link":"https:\/\/mail.topholds.com\/fr\/offre\/course-obstacles\/entrainements\/suspensionss\/chain-grip-evolution\/","title":{"rendered":"Suspensions OCR Chain Grip Evolution"},"content":{"rendered":"<p>Les <strong>Chain Grip Evolution et Chain Grip Evolution MAX<\/strong> sont des poign\u00e9es avec crochet <strong>id\u00e9ales pour r\u00e9aliser des progressions horizontales et verticales sur des cha\u00eenes<\/strong>, petites anneaux et tout type de structures, particuli\u00e8rement avec le mod\u00e8le MAX, qui \u00e9largit les possibilit\u00e9s d&rsquo;utilisation dans vos entra\u00eenements.<\/p>\n<p>La gamme Evolution repr\u00e9sente une avanc\u00e9e en qualit\u00e9 et efficacit\u00e9 dans le monde de l&rsquo;OCR.<\/p>\n<p>Fabriqu\u00e9s avec des composants de premi\u00e8re qualit\u00e9, les produits TopHolds de cette nouvelle famille non seulement am\u00e9liorent l&rsquo;esth\u00e9tique, mais aussi le crochet de fixation, d\u00e9sormais <strong>fabricat\u00e9 en acier tremp\u00e9 haute r\u00e9sistance<\/strong>. Le design plus ouvert et allong\u00e9 que la gamme Chain pr\u00e9c\u00e9dente permet un travail plus efficace sur les obstacles.<\/p>\n<p><iframe title=\"YouTube video player\" src=\"https:\/\/www.youtube.com\/embed\/n2_DwBUEgdU\" width=\"560\" height=\"315\" frameborder=\"0\" allowfullscreen=\"allowfullscreen\"><\/iframe><\/p>\n<p>La texture reconnue de TopHolds garantit une prise adh\u00e9rente et douce pour les mains, <strong>\u00e9vitant les glissades et vous permettant de travailler l&rsquo;endurance pendant de longues p\u00e9riodes<\/strong>. Ces <strong>suspensions d&rsquo;OCR<\/strong> sont parfaites pour enrichir vos entra\u00eenements d&rsquo;escalade, d&rsquo;OCR et de Crossfit.<\/p>\n<p>Les Chain Grip Evolution et Evolution MAX sont extr\u00eamement l\u00e9gers, ce qui les rend id\u00e9aux pour \u00eatre emport\u00e9s \u00e0 vos s\u00e9ances d&rsquo;entra\u00eenement n&rsquo;importe o\u00f9 et \u00e0 tout moment, facilitant l&rsquo;incorporation de d\u00e9fis suppl\u00e9mentaires dans votre routine quotidienne.<\/p>\n<p>Veuillez noter que les couleurs du produit peuvent varier par rapport \u00e0 celles de la photo. N&rsquo;h\u00e9sitez pas \u00e0 nous consulter si vous souhaitez une couleur sp\u00e9cifique.<\/p>\n","protected":false},"excerpt":{"rendered":"<ul>\n<li>Mangos avec crochet pour r\u00e9aliser des progressions horizontales ou verticales sur des cha\u00eenes ou de petits anneaux.<\/li>\n<li>\u00c9galement des progressions sur tout type de structures avec l&rsquo;Evolution MAX, multipliant ainsi les possibilit\u00e9s.<\/li>\n<li>Enrichissent vos entra\u00eenements d&rsquo;escalade, OCR et Crossfit.<\/li>\n<\/ul>\n<p>&nbsp;<\/p>\n<p>&nbsp;<\/p>\n<p>&nbsp;<\/p>\n<p>&nbsp;<\/p>\n<p>&nbsp;<\/p>\n<p>&nbsp;<\/p>\n","protected":false},"featured_media":12510,"comment_status":"open","ping_status":"closed","template":"","meta":[],"product_brand":[],"product_cat":[402,450,455],"product_tag":[],"class_list":{"0":"post-16872","1":"product","2":"type-product","3":"status-publish","4":"has-post-thumbnail","6":"product_cat-course-obstacles","7":"product_cat-entrainements","8":"product_cat-suspensionss","10":"first","11":"instock","12":"sale","13":"taxable","14":"shipping-taxable","15":"purchasable","16":"product-type-variable"},"_links":{"self":[{"href":"https:\/\/mail.topholds.com\/fr\/wp-json\/wp\/v2\/product\/16872","targetHints":{"allow":["GET"]}}],"collection":[{"href":"https:\/\/mail.topholds.com\/fr\/wp-json\/wp\/v2\/product"}],"about":[{"href":"https:\/\/mail.topholds.com\/fr\/wp-json\/wp\/v2\/types\/product"}],"replies":[{"embeddable":true,"href":"https:\/\/mail.topholds.com\/fr\/wp-json\/wp\/v2\/comments?post=16872"}],"wp:featuredmedia":[{"embeddable":true,"href":"https:\/\/mail.topholds.com\/fr\/wp-json\/wp\/v2\/media\/12510"}],"wp:attachment":[{"href":"https:\/\/mail.topholds.com\/fr\/wp-json\/wp\/v2\/media?parent=16872"}],"wp:term":[{"taxonomy":"product_brand","embeddable":true,"href":"https:\/\/mail.topholds.com\/fr\/wp-json\/wp\/v2\/product_brand?post=16872"},{"taxonomy":"product_cat","embeddable":true,"href":"https:\/\/mail.topholds.com\/fr\/wp-json\/wp\/v2\/product_cat?post=16872"},{"taxonomy":"product_tag","embeddable":true,"href":"https:\/\/mail.topholds.com\/fr\/wp-json\/wp\/v2\/product_tag?post=16872"}],"curies":[{"name":"wp","href":"https:\/\/api.w.org\/{rel}","templated":true}]}}