{"id":16897,"date":"2019-08-27T17:48:33","date_gmt":"2019-08-27T17:48:33","guid":{"rendered":"https:\/\/topholds.com\/volcano-balls\/"},"modified":"2024-08-26T04:20:45","modified_gmt":"2024-08-26T04:20:45","slug":"volcano-balls","status":"publish","type":"product","link":"https:\/\/mail.topholds.com\/fr\/offre\/course-obstacles\/entrainements\/volcano-balls\/","title":{"rendered":"Prises d&rsquo;escalade Volcano balls"},"content":{"rendered":"<p><strong>Volcano Balls<\/strong> est le r\u00e9volutionnaire <strong>syst\u00e8me de boules rondes avec trou pour poign\u00e9es Pegboard<\/strong>.<\/p>\n<p>\u00c9levez vos entra\u00eenements avec notre syst\u00e8me innovant de <strong>boules rondes Volcano Balls<\/strong>, con\u00e7u pour s&rsquo;adapter parfaitement aux poign\u00e9es Pegboard. Avec deux fa\u00e7ons de s&rsquo;entra\u00eener en un seul obstacle, les possibilit\u00e9s sont infinies !<\/p>\n<p>D\u00e9couvrez une grande vari\u00e9t\u00e9 de configurations, en les pla\u00e7ant \u00e0 l&rsquo;horizontale, \u00e0 la verticale, en diagonale, en saut\u00e9es et plus encore.<\/p>\n<p>Disponibles en deux diam\u00e8tres de 90 et 120 mm, elles conviennent \u00e0 toute surface verticale sans chute.<\/p>\n<p>Pour leur installation, vous aurez besoin de tire-fonds de 4,5 x 60.<\/p>\n<p>Les couleurs peuvent ne pas \u00eatre celles de la photo, si vous souhaitez une couleur diff\u00e9rente, veuillez nous consulter.<\/p>\n","protected":false},"excerpt":{"rendered":"<ul>\n<li>Les boules Volcano sont un syst\u00e8me de boules rondes avec un trou pour les manches de planche \u00e0 picots.<\/li>\n<li>\u00c0 utiliser avec les manches de planche \u00e0 picots.<\/li>\n<li>Adapt\u00e9es \u00e0 toute surface verticale, sans surplomb.<\/li>\n<li>Disponibles en deux diam\u00e8tres de 90 et 120 mm.<\/li>\n<\/ul>\n","protected":false},"featured_media":19913,"comment_status":"open","ping_status":"closed","template":"","meta":[],"product_brand":[],"product_cat":[402,450,453,429,432],"product_tag":[],"class_list":{"0":"post-16897","1":"product","2":"type-product","3":"status-publish","4":"has-post-thumbnail","6":"product_cat-course-obstacles","7":"product_cat-entrainements","8":"product_cat-peg-board","9":"product_cat-prises-escalade","10":"product_cat-entrainement","12":"first","13":"instock","14":"taxable","15":"shipping-taxable","16":"purchasable","17":"product-type-variable","18":"has-default-attributes"},"_links":{"self":[{"href":"https:\/\/mail.topholds.com\/fr\/wp-json\/wp\/v2\/product\/16897","targetHints":{"allow":["GET"]}}],"collection":[{"href":"https:\/\/mail.topholds.com\/fr\/wp-json\/wp\/v2\/product"}],"about":[{"href":"https:\/\/mail.topholds.com\/fr\/wp-json\/wp\/v2\/types\/product"}],"replies":[{"embeddable":true,"href":"https:\/\/mail.topholds.com\/fr\/wp-json\/wp\/v2\/comments?post=16897"}],"wp:featuredmedia":[{"embeddable":true,"href":"https:\/\/mail.topholds.com\/fr\/wp-json\/wp\/v2\/media\/19913"}],"wp:attachment":[{"href":"https:\/\/mail.topholds.com\/fr\/wp-json\/wp\/v2\/media?parent=16897"}],"wp:term":[{"taxonomy":"product_brand","embeddable":true,"href":"https:\/\/mail.topholds.com\/fr\/wp-json\/wp\/v2\/product_brand?post=16897"},{"taxonomy":"product_cat","embeddable":true,"href":"https:\/\/mail.topholds.com\/fr\/wp-json\/wp\/v2\/product_cat?post=16897"},{"taxonomy":"product_tag","embeddable":true,"href":"https:\/\/mail.topholds.com\/fr\/wp-json\/wp\/v2\/product_tag?post=16897"}],"curies":[{"name":"wp","href":"https:\/\/api.w.org\/{rel}","templated":true}]}}