{"id":16907,"date":"2019-08-30T17:59:05","date_gmt":"2019-08-30T17:59:05","guid":{"rendered":"https:\/\/topholds.com\/triton\/"},"modified":"2024-08-26T04:22:09","modified_gmt":"2024-08-26T04:22:09","slug":"triton","status":"publish","type":"product","link":"https:\/\/mail.topholds.com\/fr\/offre\/course-obstacles\/entrainements\/suspensionss\/triton\/","title":{"rendered":"Suspensions OCR Triton"},"content":{"rendered":"<p>La <strong>suspension de OCR Trit\u00f3n<\/strong> est une pi\u00e8ce r\u00e9volutionnaire avec des possibilit\u00e9s infinies qui s&rsquo;adapte \u00e0 vos besoins.<\/p>\n<p>Utilisez-la comme une anneau conventionnel, r\u00e9alisez des sauts dynamiques dans des fly monkeys, ajoutez de la vari\u00e9t\u00e9 de prises sur TRX ou des machines de gym, et bien plus encore.<\/p>\n<p>Son design <strong>permet de l&rsquo;accrocher facilement sur des barres de traction<\/strong>, des parcs, des branches ou d&rsquo;autres surfaces, ce qui vous offre la possibilit\u00e9 de r\u00e9aliser un large \u00e9ventail d&rsquo;exercices partout.<\/p>\n<p>Avec une ergonomie parfaite pour une prise \u00e0 deux mains sur sa partie sup\u00e9rieure textur\u00e9e et une prise int\u00e9rieure compl\u00e8tement lisse, Trit\u00f3n est l&rsquo;outil id\u00e9al pour <strong>les entra\u00eenements d&rsquo;escalade, OCR, calisth\u00e9nics, d\u00e9fis ninja, CrossFit<\/strong>, gymnastique et plus encore.<\/p>\n<p>Faites l&rsquo;exp\u00e9rience de l&rsquo;\u00e9quilibre parfait entre entra\u00eenement et plaisir avec Trit\u00f3n, l&rsquo;outil qui r\u00e9volutionne la fa\u00e7on dont vous vous entra\u00eenez.<\/p>\n<p>Les couleurs peuvent ne pas \u00eatre celles de la photo, contactez-nous si vous en souhaitez une sp\u00e9ciale.<\/p>\n","protected":false},"excerpt":{"rendered":"<ul>\n<li>Ergonomie parfaite pour une prise \u00e0 deux mains<\/li>\n<li>Texture antid\u00e9rapante pour une meilleure adh\u00e9rence<\/li>\n<li>Id\u00e9al pour l&rsquo;escalade, les OCR, la calisth\u00e9nie, les d\u00e9fis ninja, le CrossFit, la gymnastique et plus encore<\/li>\n<\/ul>\n","protected":false},"featured_media":7592,"comment_status":"open","ping_status":"closed","template":"","meta":[],"product_brand":[],"product_cat":[402,450,455],"product_tag":[],"class_list":{"0":"post-16907","1":"product","2":"type-product","3":"status-publish","4":"has-post-thumbnail","6":"product_cat-course-obstacles","7":"product_cat-entrainements","8":"product_cat-suspensionss","10":"first","11":"instock","12":"taxable","13":"shipping-taxable","14":"purchasable","15":"product-type-simple"},"_links":{"self":[{"href":"https:\/\/mail.topholds.com\/fr\/wp-json\/wp\/v2\/product\/16907","targetHints":{"allow":["GET"]}}],"collection":[{"href":"https:\/\/mail.topholds.com\/fr\/wp-json\/wp\/v2\/product"}],"about":[{"href":"https:\/\/mail.topholds.com\/fr\/wp-json\/wp\/v2\/types\/product"}],"replies":[{"embeddable":true,"href":"https:\/\/mail.topholds.com\/fr\/wp-json\/wp\/v2\/comments?post=16907"}],"wp:featuredmedia":[{"embeddable":true,"href":"https:\/\/mail.topholds.com\/fr\/wp-json\/wp\/v2\/media\/7592"}],"wp:attachment":[{"href":"https:\/\/mail.topholds.com\/fr\/wp-json\/wp\/v2\/media?parent=16907"}],"wp:term":[{"taxonomy":"product_brand","embeddable":true,"href":"https:\/\/mail.topholds.com\/fr\/wp-json\/wp\/v2\/product_brand?post=16907"},{"taxonomy":"product_cat","embeddable":true,"href":"https:\/\/mail.topholds.com\/fr\/wp-json\/wp\/v2\/product_cat?post=16907"},{"taxonomy":"product_tag","embeddable":true,"href":"https:\/\/mail.topholds.com\/fr\/wp-json\/wp\/v2\/product_tag?post=16907"}],"curies":[{"name":"wp","href":"https:\/\/api.w.org\/{rel}","templated":true}]}}