{"id":17127,"date":"2021-10-13T17:43:07","date_gmt":"2021-10-13T17:43:07","guid":{"rendered":"https:\/\/topholds.com\/vis-allen-m10\/"},"modified":"2024-08-26T04:49:40","modified_gmt":"2024-08-26T04:49:40","slug":"vis-allen-m10","status":"publish","type":"product","link":"https:\/\/mail.topholds.com\/fr\/offre\/ancrages\/vis-allen\/vis-allen-m10\/","title":{"rendered":"Vis Allen M10"},"content":{"rendered":"<p>Le <strong>vis \u00e9crou Allen DIN 912 qualit\u00e9 8.8 zingu\u00e9<\/strong> est id\u00e9al pour unir vos prises d&rsquo;escalade ou OCR avec des surfaces lisses et les serrer avec pr\u00e9cision et s\u00e9curit\u00e9.<\/p>\n<p>Il est fabriqu\u00e9 en acier \u00e0 haute r\u00e9sistance et a une finition zingu\u00e9e qui le prot\u00e8ge de la corrosion. Il poss\u00e8de une t\u00eate cylindrique avec un trou hexagonal qui s&rsquo;adapte \u00e0 une cl\u00e9 Allen 8.<\/p>\n<p>Sa longueur est mesur\u00e9e en millim\u00e8tres sans compter la t\u00eate.<\/p>\n<p>Si vous avez besoin de grandes quantit\u00e9s de cette vis, contactez-nous.<\/p>\n","protected":false},"excerpt":{"rendered":"<ul>\n<li>Boulon \u00e0 t\u00eate hexagonale DIN 912 qualit\u00e9 8.8 zinc\u00e9. M\u00e9trique 10<\/li>\n<li>Fabriqu\u00e9 en acier haute r\u00e9sistance<\/li>\n<li>Fini zinc\u00e9 qui le prot\u00e8ge de la corrosion<\/li>\n<\/ul>\n","protected":false},"featured_media":10975,"comment_status":"open","ping_status":"closed","template":"","meta":[],"product_brand":[],"product_cat":[430,435],"product_tag":[],"class_list":{"0":"post-17127","1":"product","2":"type-product","3":"status-publish","4":"has-post-thumbnail","6":"product_cat-ancrages","7":"product_cat-vis-allen","9":"first","10":"instock","11":"taxable","12":"shipping-taxable","13":"purchasable","14":"product-type-variable"},"_links":{"self":[{"href":"https:\/\/mail.topholds.com\/fr\/wp-json\/wp\/v2\/product\/17127","targetHints":{"allow":["GET"]}}],"collection":[{"href":"https:\/\/mail.topholds.com\/fr\/wp-json\/wp\/v2\/product"}],"about":[{"href":"https:\/\/mail.topholds.com\/fr\/wp-json\/wp\/v2\/types\/product"}],"replies":[{"embeddable":true,"href":"https:\/\/mail.topholds.com\/fr\/wp-json\/wp\/v2\/comments?post=17127"}],"wp:featuredmedia":[{"embeddable":true,"href":"https:\/\/mail.topholds.com\/fr\/wp-json\/wp\/v2\/media\/10975"}],"wp:attachment":[{"href":"https:\/\/mail.topholds.com\/fr\/wp-json\/wp\/v2\/media?parent=17127"}],"wp:term":[{"taxonomy":"product_brand","embeddable":true,"href":"https:\/\/mail.topholds.com\/fr\/wp-json\/wp\/v2\/product_brand?post=17127"},{"taxonomy":"product_cat","embeddable":true,"href":"https:\/\/mail.topholds.com\/fr\/wp-json\/wp\/v2\/product_cat?post=17127"},{"taxonomy":"product_tag","embeddable":true,"href":"https:\/\/mail.topholds.com\/fr\/wp-json\/wp\/v2\/product_tag?post=17127"}],"curies":[{"name":"wp","href":"https:\/\/api.w.org\/{rel}","templated":true}]}}