{"id":17142,"date":"2021-10-14T16:58:30","date_gmt":"2021-10-14T16:58:30","guid":{"rendered":"https:\/\/topholds.com\/bestial-holds-2\/"},"modified":"2024-08-26T04:51:43","modified_gmt":"2024-08-26T04:51:43","slug":"bestial-holds-2","status":"publish","type":"product","link":"https:\/\/mail.topholds.com\/fr\/offre\/course-obstacles\/entrainements\/prises\/bestial-holds-2\/","title":{"rendered":"Prises OCR Bestial Holds 2"},"content":{"rendered":"<div class=\"flex-1 overflow-hidden\">\n<div class=\"react-scroll-to-bottom--css-ccche-79elbk h-full dark:bg-gray-800\">\n<div class=\"react-scroll-to-bottom--css-ccche-1n7m0yu\">\n<div class=\"flex flex-col items-center text-sm dark:bg-gray-800\">\n<div class=\"w-full border-b border-black\/10 dark:border-gray-900\/50 text-gray-800 dark:text-gray-100 group bg-gray-50 dark:bg-[#444654]\">\n<div class=\"text-base gap-4 md:gap-6 m-auto md:max-w-2xl lg:max-w-2xl xl:max-w-3xl p-4 md:py-6 flex lg:px-0\">\n<div class=\"relative flex w-[calc(100%-50px)] flex-col gap-1 md:gap-3 lg:w-[calc(100%-115px)]\">\n<div class=\"flex flex-grow flex-col gap-3\">\n<div class=\"min-h-[20px] flex flex-col items-start gap-4 whitespace-pre-wrap\">\n<div class=\"markdown prose w-full break-words dark:prose-invert light\">\n<p>La<strong> prise Bestial Holds 2<\/strong> a \u00e9t\u00e9 con\u00e7ue pour imiter la texture sablonneuse douce de la nature, offrant une exp\u00e9rience d&rsquo;escalade unique et passionnante.<\/p>\n<p>Elle est dot\u00e9e d&rsquo;un trou pour tire-fond anti-rotation garantissant une fixation s\u00fbre et stable au mur.<\/p>\n<p>La <em>Bestial Holds est une prise de qualit\u00e9 sup\u00e9rieure<\/em> que vous trouverez dans le <strong>mur d&rsquo;escalade de la course Bestial<\/strong>.<\/p>\n<p>Pour son installation, il est recommand\u00e9 d&rsquo;utiliser une vis M10x60 ou M8x60, qui n&rsquo;est pas incluse dans le paquet.<\/p>\n<p>Si vous avez besoin d&rsquo;une couleur sp\u00e9cifique, contactez-nous et nous ferons tout notre possible pour vous offrir la prise dans la couleur dont vous avez besoin.<\/p>\n<\/div>\n<\/div>\n<\/div>\n<\/div>\n<\/div>\n<\/div>\n<\/div>\n<\/div>\n<\/div>\n","protected":false},"excerpt":{"rendered":"<ul>\n<li>Texture de gr\u00e8s douce<\/li>\n<li>Fixation s\u00fbre et stable sur le mur gr\u00e2ce au trou pour vis anti-rotation.<\/li>\n<li>Qualit\u00e9 sup\u00e9rieure et pr\u00e9sence dans le mur d&rsquo;escalade de la course Bestial.<\/li>\n<\/ul>\n","protected":false},"featured_media":20856,"comment_status":"open","ping_status":"closed","template":"","meta":[],"product_brand":[],"product_cat":[402,450,429,454],"product_tag":[],"class_list":{"0":"post-17142","1":"product","2":"type-product","3":"status-publish","4":"has-post-thumbnail","6":"product_cat-course-obstacles","7":"product_cat-entrainements","8":"product_cat-prises-escalade","9":"product_cat-prises","11":"first","12":"instock","13":"taxable","14":"shipping-taxable","15":"purchasable","16":"product-type-simple"},"_links":{"self":[{"href":"https:\/\/mail.topholds.com\/fr\/wp-json\/wp\/v2\/product\/17142","targetHints":{"allow":["GET"]}}],"collection":[{"href":"https:\/\/mail.topholds.com\/fr\/wp-json\/wp\/v2\/product"}],"about":[{"href":"https:\/\/mail.topholds.com\/fr\/wp-json\/wp\/v2\/types\/product"}],"replies":[{"embeddable":true,"href":"https:\/\/mail.topholds.com\/fr\/wp-json\/wp\/v2\/comments?post=17142"}],"wp:featuredmedia":[{"embeddable":true,"href":"https:\/\/mail.topholds.com\/fr\/wp-json\/wp\/v2\/media\/20856"}],"wp:attachment":[{"href":"https:\/\/mail.topholds.com\/fr\/wp-json\/wp\/v2\/media?parent=17142"}],"wp:term":[{"taxonomy":"product_brand","embeddable":true,"href":"https:\/\/mail.topholds.com\/fr\/wp-json\/wp\/v2\/product_brand?post=17142"},{"taxonomy":"product_cat","embeddable":true,"href":"https:\/\/mail.topholds.com\/fr\/wp-json\/wp\/v2\/product_cat?post=17142"},{"taxonomy":"product_tag","embeddable":true,"href":"https:\/\/mail.topholds.com\/fr\/wp-json\/wp\/v2\/product_tag?post=17142"}],"curies":[{"name":"wp","href":"https:\/\/api.w.org\/{rel}","templated":true}]}}