{"id":17232,"date":"2022-10-07T16:58:50","date_gmt":"2022-10-07T16:58:50","guid":{"rendered":"https:\/\/topholds.com\/lion-holds\/"},"modified":"2024-08-26T05:02:18","modified_gmt":"2024-08-26T05:02:18","slug":"lion-holds","status":"publish","type":"product","link":"https:\/\/mail.topholds.com\/fr\/offre\/course-obstacles\/entrainements\/prises\/lion-holds\/","title":{"rendered":"Prises OCR Lion Holds"},"content":{"rendered":"<p><strong>Lion Holds est une prise d&rsquo;OCR<\/strong> \u00e0 texture douce imitant le gr\u00e8s. Cette prise dispose d&rsquo;un grand bac qui la rend tr\u00e8s confortable \u00e0 utiliser avec une ou deux mains.<\/p>\n<p>Id\u00e9ale pour tout surplomb ou toit, cette prise est parfaite pour ceux qui recherchent un <strong>d\u00e9fi suppl\u00e9mentaire dans leur entra\u00eenement OCR et\/ou escalade<\/strong>.<\/p>\n<p>La prise est fix\u00e9e par 2 vis pour une plus grande stabilit\u00e9 et s\u00e9curit\u00e9 lors de son utilisation.<\/p>\n<p>Avec Lion Holds, vous aurez une <em><strong>prise d&rsquo;escalade de haute qualit\u00e9<\/strong><\/em> et au design qui ajoutera de la vari\u00e9t\u00e9 et du d\u00e9fi \u00e0 votre entra\u00eenement quotidien.<\/p>\n<p>De plus, si vous souhaitez une couleur sp\u00e9ciale, n&rsquo;h\u00e9sitez pas \u00e0 nous contacter, car les couleurs peuvent varier par rapport \u00e0 l&rsquo;image affich\u00e9e.<\/p>\n","protected":false},"excerpt":{"rendered":"<ul>\n<li>Id\u00e9al pour les surplombs et les plafonds.<\/li>\n<li>Confortable \u00e0 utiliser avec une ou deux mains.<\/li>\n<li>Adapt\u00e9 \u00e0 tous les niveaux de comp\u00e9tence.<\/li>\n<\/ul>\n","protected":false},"featured_media":21062,"comment_status":"open","ping_status":"closed","template":"","meta":[],"product_brand":[],"product_cat":[402,450,429,454],"product_tag":[],"class_list":{"0":"post-17232","1":"product","2":"type-product","3":"status-publish","4":"has-post-thumbnail","6":"product_cat-course-obstacles","7":"product_cat-entrainements","8":"product_cat-prises-escalade","9":"product_cat-prises","11":"first","12":"instock","13":"taxable","14":"shipping-taxable","15":"purchasable","16":"product-type-simple"},"_links":{"self":[{"href":"https:\/\/mail.topholds.com\/fr\/wp-json\/wp\/v2\/product\/17232","targetHints":{"allow":["GET"]}}],"collection":[{"href":"https:\/\/mail.topholds.com\/fr\/wp-json\/wp\/v2\/product"}],"about":[{"href":"https:\/\/mail.topholds.com\/fr\/wp-json\/wp\/v2\/types\/product"}],"replies":[{"embeddable":true,"href":"https:\/\/mail.topholds.com\/fr\/wp-json\/wp\/v2\/comments?post=17232"}],"wp:featuredmedia":[{"embeddable":true,"href":"https:\/\/mail.topholds.com\/fr\/wp-json\/wp\/v2\/media\/21062"}],"wp:attachment":[{"href":"https:\/\/mail.topholds.com\/fr\/wp-json\/wp\/v2\/media?parent=17232"}],"wp:term":[{"taxonomy":"product_brand","embeddable":true,"href":"https:\/\/mail.topholds.com\/fr\/wp-json\/wp\/v2\/product_brand?post=17232"},{"taxonomy":"product_cat","embeddable":true,"href":"https:\/\/mail.topholds.com\/fr\/wp-json\/wp\/v2\/product_cat?post=17232"},{"taxonomy":"product_tag","embeddable":true,"href":"https:\/\/mail.topholds.com\/fr\/wp-json\/wp\/v2\/product_tag?post=17232"}],"curies":[{"name":"wp","href":"https:\/\/api.w.org\/{rel}","templated":true}]}}