{"id":22914,"date":"2025-06-05T11:44:27","date_gmt":"2025-06-05T11:44:27","guid":{"rendered":"https:\/\/topholds.com\/oferta\/non class\u00e9\/suspensions-ocr-danger-extreme\/"},"modified":"2025-09-21T14:44:47","modified_gmt":"2025-09-21T14:44:47","slug":"suspensions-ocr-danger-extreme","status":"publish","type":"product","link":"https:\/\/mail.topholds.com\/fr\/offre\/course-obstacles\/entrainements\/suspensionss\/suspensions-ocr-danger-extreme\/","title":{"rendered":"Suspensions OCR Danger Extreme"},"content":{"rendered":"<div><strong>Danger Extreme <\/strong>. La nouvelle prise qui transformera vos entra\u00eenements et vous fera appr\u00e9cier chaque d\u00e9fi !<\/div>\n<div>Con\u00e7ue pour exiger le meilleur de vous, cette nouvelle TopHolds est un incontournable pour porter votre force et votre r\u00e9sistance au niveau sup\u00e9rieur.<\/div>\n<div>Gr\u00e2ce \u00e0 son ergonomie parfaite et sa texture douce mais adh\u00e9rente, elle vous offre une s\u00e9curit\u00e9 et un confort maximum, r\u00e9duisant le risque de blessures.<\/div>\n<div><\/div>\n<div>Prise arrondie interm\u00e9diaire entre r\u00e9glette et cazo .<\/div>\n<div><\/div>\n<div>Ce n&rsquo;est pas qu&rsquo;un obstacle, c&rsquo;est une pure adr\u00e9naline et du plaisir \u00e0 chaque entra\u00eenement.<\/div>\n<div><\/div>\n<div>Indispensable pour <strong>suspension OCR<\/strong>, escalade et calisthenie.<\/div>\n<div>Entra\u00eene-toi, d\u00e9passe-toi et amuse-toi comme jamais. \u00a0 \u00a0Ma\u00eetrise-la et d\u00e9passe tes limites !<\/div>\n<p>Les couleurs du <strong>Danger Extreme<\/strong> peuvent varier par rapport \u00e0 la photo. Si vous souhaitez choisir une couleur sp\u00e9cifique, contactez-nous.<\/p>\n<p>Cette suspension polyvalente se suspend facilement \u00e0 une barre de traction, dans le parc ou \u00e0 une branche, permettant de r\u00e9aliser une large gamme d&rsquo;exercices n&rsquo;importe o\u00f9.<\/p>\n<p>Maximise le potentiel de la <em>suspension <strong>Danger Extreme<\/strong><b>\u00a0<\/b><\/em>en la combinant avec d&rsquo;autres en vertical, cr\u00e9ant des d\u00e9fis uniques et adapt\u00e9s \u00e0 tes besoins. Son design soigneusement \u00e9tudi\u00e9 te permet d&rsquo;optimiser tes entra\u00eenements, sans n\u00e9cessiter beaucoup d&rsquo;espace pour r\u00e9aliser des combos de n&rsquo;importe quelle longueur.<\/p>\n","protected":false},"excerpt":{"rendered":"<ul>\n<li>Suspension avec prise ronde, interm\u00e9diaire entre la r\u00e9glette et la cuvette.<\/li>\n<li>Une ergonomie parfaite qui \u00e9vite les blessures et augmente votre force.<\/li>\n<li>Texture douce mais tr\u00e8s adh\u00e9rente.<\/li>\n<li>Un outil indispensable pour nos entra\u00eenements d&rsquo;escalade, OCR, d\u00e9fis ninja et Crossfit.<\/li>\n<\/ul>\n","protected":false},"featured_media":22412,"comment_status":"open","ping_status":"closed","template":"","meta":[],"product_brand":[],"product_cat":[402,450,455],"product_tag":[],"class_list":{"0":"post-22914","1":"product","2":"type-product","3":"status-publish","4":"has-post-thumbnail","6":"product_cat-course-obstacles","7":"product_cat-entrainements","8":"product_cat-suspensionss","10":"first","11":"instock","12":"sale","13":"taxable","14":"shipping-taxable","15":"purchasable","16":"product-type-simple"},"_links":{"self":[{"href":"https:\/\/mail.topholds.com\/fr\/wp-json\/wp\/v2\/product\/22914","targetHints":{"allow":["GET"]}}],"collection":[{"href":"https:\/\/mail.topholds.com\/fr\/wp-json\/wp\/v2\/product"}],"about":[{"href":"https:\/\/mail.topholds.com\/fr\/wp-json\/wp\/v2\/types\/product"}],"replies":[{"embeddable":true,"href":"https:\/\/mail.topholds.com\/fr\/wp-json\/wp\/v2\/comments?post=22914"}],"wp:featuredmedia":[{"embeddable":true,"href":"https:\/\/mail.topholds.com\/fr\/wp-json\/wp\/v2\/media\/22412"}],"wp:attachment":[{"href":"https:\/\/mail.topholds.com\/fr\/wp-json\/wp\/v2\/media?parent=22914"}],"wp:term":[{"taxonomy":"product_brand","embeddable":true,"href":"https:\/\/mail.topholds.com\/fr\/wp-json\/wp\/v2\/product_brand?post=22914"},{"taxonomy":"product_cat","embeddable":true,"href":"https:\/\/mail.topholds.com\/fr\/wp-json\/wp\/v2\/product_cat?post=22914"},{"taxonomy":"product_tag","embeddable":true,"href":"https:\/\/mail.topholds.com\/fr\/wp-json\/wp\/v2\/product_tag?post=22914"}],"curies":[{"name":"wp","href":"https:\/\/api.w.org\/{rel}","templated":true}]}}