{"id":16603,"date":"2017-02-26T20:33:15","date_gmt":"2017-02-26T20:33:15","guid":{"rendered":"https:\/\/topholds.com\/oferta\/presas-escalada\/tubis-basic\/tubis-basic\/"},"modified":"2024-08-26T03:22:07","modified_gmt":"2024-08-26T03:22:07","slug":"tubis-basic","status":"publish","type":"product","link":"https:\/\/mail.topholds.com\/it\/offerta\/prese-arrampicata\/bambini\/tubis-basic\/","title":{"rendered":"Prese da arrampicata per Bambini Tubis Basic"},"content":{"rendered":"<p><strong>Tubis Basic \u00e8 una presa di arrampicata infantile economica<\/strong> e versatile, progettata specificamente per creare circuiti di psicomotricit\u00e0 che intrattengono e stimolano i pi\u00f9 piccoli.<\/p>\n<p>Questa presa \u00e8 <strong>compatibile con picchetti e tubi di 25 mm di diametro<\/strong>, come quelli idraulici. Personalizza e decora i tubi con nastro colorato per ottenere un aspetto attraente e divertente a un costo ridotto.<\/p>\n<p>Con le <em>presine Tubis Basic<\/em>, puoi <strong>progettare ostacoli sfidanti e archi<\/strong> che i bambini dovranno superare e attraversare, stimolando la loro creativit\u00e0 e abilit\u00e0 motorie.<\/p>\n<p>Questo pezzo \u00e8 l&#8217;opzione pi\u00f9 economica della nostra gamma Tubis, ed \u00e8 <strong>ideale per le palestre di arrampicata che desiderano offrire circuiti infantili senza sacrificare le prese convenzionali<\/strong>, poich\u00e9 si fissano con delle viti di sicurezza.<\/p>\n<p>Con Tubis Basic, potrai riempire la tua parete di gioia e divertimento per i piccoli, oltre a creare una moltitudine di giochi e attivit\u00e0 per il loro svago.<\/p>\n<p>Per la sua installazione, sono <strong>richiesti 2 viti di sicurezza di 4&#215;40 mm<\/strong>.<\/p>\n<p>Tieni presente che i colori del prodotto possono variare rispetto all&#8217;immagine mostrata. Se desideri un colore specifico, non esitare a contattarci.<\/p>\n","protected":false},"excerpt":{"rendered":"<ul>\n<li>Presente per creare circuiti di psicomotricit\u00e0 economici e creativi.<\/li>\n<li>Adatta per inserire picchetti e tubi di 25 mm di diametro che puoi personalizzare con colori.<\/li>\n<li>Permette di creare ostacoli e archi per promuovere il gioco e le abilit\u00e0 dei pi\u00f9 piccoli.<\/li>\n<li>2 viti autofilettanti 4&#215;40 mm per un&#8217;installazione rapida.<\/li>\n<\/ul>\n","protected":false},"featured_media":19047,"comment_status":"open","ping_status":"closed","template":"","meta":[],"product_brand":[],"product_cat":[437],"product_tag":[],"class_list":{"0":"post-16603","1":"product","2":"type-product","3":"status-publish","4":"has-post-thumbnail","6":"product_cat-bambini","8":"first","9":"instock","10":"taxable","11":"shipping-taxable","12":"purchasable","13":"product-type-simple"},"_links":{"self":[{"href":"https:\/\/mail.topholds.com\/it\/wp-json\/wp\/v2\/product\/16603","targetHints":{"allow":["GET"]}}],"collection":[{"href":"https:\/\/mail.topholds.com\/it\/wp-json\/wp\/v2\/product"}],"about":[{"href":"https:\/\/mail.topholds.com\/it\/wp-json\/wp\/v2\/types\/product"}],"replies":[{"embeddable":true,"href":"https:\/\/mail.topholds.com\/it\/wp-json\/wp\/v2\/comments?post=16603"}],"wp:featuredmedia":[{"embeddable":true,"href":"https:\/\/mail.topholds.com\/it\/wp-json\/wp\/v2\/media\/19047"}],"wp:attachment":[{"href":"https:\/\/mail.topholds.com\/it\/wp-json\/wp\/v2\/media?parent=16603"}],"wp:term":[{"taxonomy":"product_brand","embeddable":true,"href":"https:\/\/mail.topholds.com\/it\/wp-json\/wp\/v2\/product_brand?post=16603"},{"taxonomy":"product_cat","embeddable":true,"href":"https:\/\/mail.topholds.com\/it\/wp-json\/wp\/v2\/product_cat?post=16603"},{"taxonomy":"product_tag","embeddable":true,"href":"https:\/\/mail.topholds.com\/it\/wp-json\/wp\/v2\/product_tag?post=16603"}],"curies":[{"name":"wp","href":"https:\/\/api.w.org\/{rel}","templated":true}]}}