{"id":16758,"date":"2018-03-23T16:30:35","date_gmt":"2018-03-23T16:30:35","guid":{"rendered":"https:\/\/topholds.com\/omega-2\/"},"modified":"2024-08-26T04:00:45","modified_gmt":"2024-08-26T04:00:45","slug":"omega-2","status":"publish","type":"product","link":"https:\/\/mail.topholds.com\/it\/offerta\/prese-arrampicata\/omega-2\/","title":{"rendered":"Pacchetto Prese da arrampicata Omega 2"},"content":{"rendered":"<p><strong>Omega 2 \u00e8 un pacchetto di 10 prese di arrampicata<\/strong> a texture duale, progettato per offrire un&#8217;esperienza di allenamento unica e varia.<\/p>\n<p>La sua versatilit\u00e0 consente di utilizzarlo su qualsiasi inclinazione, adattandosi a diversi livelli di difficolt\u00e0 e abilit\u00e0 degli scalatori. Grazie ai suoi bordi arrotondati, queste <strong>prese sono perfette per allenamenti intensivi<\/strong> e, inoltre, risultano ideali per competizioni di arrampicata.<\/p>\n<p>Ci\u00f2 che distingue questo <em>insieme di prese<\/em> \u00e8 la <strong>diversit\u00e0 di prese<\/strong>, poich\u00e9 ogni presa presenta una difficolt\u00e0 di presa diversa dalle altre, permettendo di sfidare e migliorare le abilit\u00e0 degli scalatori.<\/p>\n<p>Per la sua installazione, sono richieste viti a legno (non incluse).<\/p>\n<p>Tieni presente che i colori del prodotto potrebbero differire da quelli mostrati nell&#8217;immagine. Se desideri un colore specifico, non esitare a contattarci.<\/p>\n","protected":false},"excerpt":{"rendered":"<ul>\n<li>Omega 2 \u00e8 un lotto di 10 prese di arrampicata.<\/li>\n<li>Texture duale.<\/li>\n<li>Adatte per l&#8217;uso su qualsiasi tipo di inclinazione.<\/li>\n<li>Ideali per l&#8217;allenamento grazie ai loro bordi arrotondati.<\/li>\n<li>Ogni presa ha una difficolt\u00e0 di presa diversa dalle altre.<\/li>\n<\/ul>\n","protected":false},"featured_media":19472,"comment_status":"open","ping_status":"closed","template":"","meta":[],"product_brand":[],"product_cat":[404],"product_tag":[],"class_list":{"0":"post-16758","1":"product","2":"type-product","3":"status-publish","4":"has-post-thumbnail","6":"product_cat-prese-arrampicata","8":"first","9":"instock","10":"taxable","11":"shipping-taxable","12":"purchasable","13":"product-type-simple"},"_links":{"self":[{"href":"https:\/\/mail.topholds.com\/it\/wp-json\/wp\/v2\/product\/16758","targetHints":{"allow":["GET"]}}],"collection":[{"href":"https:\/\/mail.topholds.com\/it\/wp-json\/wp\/v2\/product"}],"about":[{"href":"https:\/\/mail.topholds.com\/it\/wp-json\/wp\/v2\/types\/product"}],"replies":[{"embeddable":true,"href":"https:\/\/mail.topholds.com\/it\/wp-json\/wp\/v2\/comments?post=16758"}],"wp:featuredmedia":[{"embeddable":true,"href":"https:\/\/mail.topholds.com\/it\/wp-json\/wp\/v2\/media\/19472"}],"wp:attachment":[{"href":"https:\/\/mail.topholds.com\/it\/wp-json\/wp\/v2\/media?parent=16758"}],"wp:term":[{"taxonomy":"product_brand","embeddable":true,"href":"https:\/\/mail.topholds.com\/it\/wp-json\/wp\/v2\/product_brand?post=16758"},{"taxonomy":"product_cat","embeddable":true,"href":"https:\/\/mail.topholds.com\/it\/wp-json\/wp\/v2\/product_cat?post=16758"},{"taxonomy":"product_tag","embeddable":true,"href":"https:\/\/mail.topholds.com\/it\/wp-json\/wp\/v2\/product_tag?post=16758"}],"curies":[{"name":"wp","href":"https:\/\/api.w.org\/{rel}","templated":true}]}}