{"id":16250,"date":"2016-02-29T20:53:36","date_gmt":"2016-02-29T20:53:36","guid":{"rendered":"http:\/\/topholds.com\/talos\/"},"modified":"2024-08-26T02:18:38","modified_gmt":"2024-08-26T02:18:38","slug":"talos","status":"publish","type":"product","link":"https:\/\/mail.topholds.com\/sv\/erbjudande\/klattringrepp\/talos\/","title":{"rendered":"Kl\u00e4ttergrepp Paket Talos"},"content":{"rendered":"<p><strong>Talos \u00e4r ett set med 4 kl\u00e4ttringsgrepp<\/strong> med en realistisk sandstensstruktur, designade f\u00f6r att ge dig en autentisk och utmanande kl\u00e4ttringsupplevelse, liknande den att kl\u00e4ttra p\u00e5 naturlig sten.<\/p>\n<p>En framst\u00e5ende egenskap hos <em>Talos-greppen<\/em> \u00e4r den <strong>extra h\u00e5l f\u00f6r anti-rotation skruv<\/strong>, vilket \u00f6kar stabiliteten och s\u00e4kerheten under anv\u00e4ndning, och f\u00f6rhindrar ov\u00e4ntade r\u00f6relser eller glidningar av greppen.<\/p>\n<p>F\u00f6r att s\u00e4kerst\u00e4lla en s\u00e4ker och stabil installation rekommenderar vi att du <strong>anv\u00e4nder M10x40 skruvar<\/strong>. Du kan dock ocks\u00e5 v\u00e4lja M8x40 skruvar om du f\u00f6redrar det. Observera att skruvarna inte ing\u00e5r i paketet.<\/p>\n<p>T\u00e4nk p\u00e5 att produktens f\u00e4rger kan variera j\u00e4mf\u00f6rt med bilden som visas. Om du \u00f6nskar en specifik f\u00e4rg, tveka inte att kontakta oss.<\/p>\n","protected":false},"excerpt":{"rendered":"<ul>\n<li>Talos \u00e4r en upps\u00e4ttning av 4 kl\u00e4ttringsgrepp.<\/li>\n<li>Sandstensstruktur.<\/li>\n<li>F\u00f6rsedda med h\u00e5l f\u00f6r skruv som f\u00f6rhindrar rotation.<\/li>\n<\/ul>\n","protected":false},"featured_media":18069,"comment_status":"open","ping_status":"closed","template":"","meta":[],"product_brand":[],"product_cat":[425],"product_tag":[],"class_list":{"0":"post-16250","1":"product","2":"type-product","3":"status-publish","4":"has-post-thumbnail","6":"product_cat-klattringrepp","8":"first","9":"instock","10":"taxable","11":"shipping-taxable","12":"purchasable","13":"product-type-simple"},"_links":{"self":[{"href":"https:\/\/mail.topholds.com\/sv\/wp-json\/wp\/v2\/product\/16250","targetHints":{"allow":["GET"]}}],"collection":[{"href":"https:\/\/mail.topholds.com\/sv\/wp-json\/wp\/v2\/product"}],"about":[{"href":"https:\/\/mail.topholds.com\/sv\/wp-json\/wp\/v2\/types\/product"}],"replies":[{"embeddable":true,"href":"https:\/\/mail.topholds.com\/sv\/wp-json\/wp\/v2\/comments?post=16250"}],"wp:featuredmedia":[{"embeddable":true,"href":"https:\/\/mail.topholds.com\/sv\/wp-json\/wp\/v2\/media\/18069"}],"wp:attachment":[{"href":"https:\/\/mail.topholds.com\/sv\/wp-json\/wp\/v2\/media?parent=16250"}],"wp:term":[{"taxonomy":"product_brand","embeddable":true,"href":"https:\/\/mail.topholds.com\/sv\/wp-json\/wp\/v2\/product_brand?post=16250"},{"taxonomy":"product_cat","embeddable":true,"href":"https:\/\/mail.topholds.com\/sv\/wp-json\/wp\/v2\/product_cat?post=16250"},{"taxonomy":"product_tag","embeddable":true,"href":"https:\/\/mail.topholds.com\/sv\/wp-json\/wp\/v2\/product_tag?post=16250"}],"curies":[{"name":"wp","href":"https:\/\/api.w.org\/{rel}","templated":true}]}}