{"id":16295,"date":"2016-03-19T15:31:18","date_gmt":"2016-03-19T15:31:18","guid":{"rendered":"http:\/\/topholds.com\/vesna\/"},"modified":"2026-03-30T19:11:56","modified_gmt":"2026-03-30T19:11:56","slug":"vesna","status":"publish","type":"product","link":"https:\/\/mail.topholds.com\/sv\/erbjudande\/klattringrepp\/vesna\/","title":{"rendered":"Kl\u00e4ttergrepp Paket Vesna"},"content":{"rendered":"<p><strong>Vesna \u00e4r ett paket med 14 kl\u00e4ttringsgrepp av mjuk sandstensliknande textur<\/strong> som garanterar ett bekv\u00e4mt och s\u00e4kert grepp under kl\u00e4ttringen.<\/p>\n<p>F\u00f6r att installera dessa grepp p\u00e5 din v\u00e4gg rekommenderas det att <strong>anv\u00e4nda skruvar M10x40<\/strong>, men du kan ocks\u00e5 v\u00e4lja M8x40 om du f\u00f6redrar det.<\/p>\n<p>T\u00e4nk p\u00e5 att produktens f\u00e4rger kan variera i f\u00f6rh\u00e5llande till bilden som visas. Om du \u00f6nskar en specifik f\u00e4rg, tveka inte att kontakta oss.<\/p>\n","protected":false},"excerpt":{"rendered":"<ul>\n<li>Vesna \u00e4r en upps\u00e4ttning av 14 kl\u00e4ttergrepp.<\/li>\n<li>Mjukt sandstensutseende.<\/li>\n<\/ul>\n","protected":false},"featured_media":18214,"comment_status":"open","ping_status":"closed","template":"","meta":[],"product_brand":[],"product_cat":[425],"product_tag":[],"class_list":{"0":"post-16295","1":"product","2":"type-product","3":"status-publish","4":"has-post-thumbnail","6":"product_cat-klattringrepp","8":"first","9":"outofstock","10":"taxable","11":"shipping-taxable","12":"purchasable","13":"product-type-simple"},"_links":{"self":[{"href":"https:\/\/mail.topholds.com\/sv\/wp-json\/wp\/v2\/product\/16295","targetHints":{"allow":["GET"]}}],"collection":[{"href":"https:\/\/mail.topholds.com\/sv\/wp-json\/wp\/v2\/product"}],"about":[{"href":"https:\/\/mail.topholds.com\/sv\/wp-json\/wp\/v2\/types\/product"}],"replies":[{"embeddable":true,"href":"https:\/\/mail.topholds.com\/sv\/wp-json\/wp\/v2\/comments?post=16295"}],"wp:featuredmedia":[{"embeddable":true,"href":"https:\/\/mail.topholds.com\/sv\/wp-json\/wp\/v2\/media\/18214"}],"wp:attachment":[{"href":"https:\/\/mail.topholds.com\/sv\/wp-json\/wp\/v2\/media?parent=16295"}],"wp:term":[{"taxonomy":"product_brand","embeddable":true,"href":"https:\/\/mail.topholds.com\/sv\/wp-json\/wp\/v2\/product_brand?post=16295"},{"taxonomy":"product_cat","embeddable":true,"href":"https:\/\/mail.topholds.com\/sv\/wp-json\/wp\/v2\/product_cat?post=16295"},{"taxonomy":"product_tag","embeddable":true,"href":"https:\/\/mail.topholds.com\/sv\/wp-json\/wp\/v2\/product_tag?post=16295"}],"curies":[{"name":"wp","href":"https:\/\/api.w.org\/{rel}","templated":true}]}}