{"id":16380,"date":"2016-03-22T17:54:43","date_gmt":"2016-03-22T17:54:43","guid":{"rendered":"http:\/\/topholds.com\/metall-sil-invandig-ganga-m8\/"},"modified":"2024-08-26T02:35:01","modified_gmt":"2024-08-26T02:35:01","slug":"metall-sil-invandig-ganga-m8","status":"publish","type":"product","link":"https:\/\/mail.topholds.com\/sv\/erbjudande\/fasten\/vaggankare\/metall-sil-invandig-ganga-m8\/","title":{"rendered":"Metall-sil med Inv\u00e4ndig G\u00e4nga M8"},"content":{"rendered":"<p>*<strong>Kemiankare av h\u00f6g h\u00e5llfasthet och inv\u00e4ndig g\u00e4ngad tejp M8<\/strong> f\u00f6r betongv\u00e4ggar, sten eller massiv tegel.<\/p>\n<p>*<strong>Kemiankare och inv\u00e4ndig g\u00e4ngad tejp M8<\/strong> med till\u00e4ggstape av nylon f\u00f6r h\u00e5ltegelv\u00e4ggar.<\/p>\n<p>Dessa tv\u00e5 m\u00e5ngsidiga l\u00f6sningar g\u00f6r att du kan installera dina kl\u00e4ttergrepp p\u00e5 vilken typ av v\u00e4gg som helst med full s\u00e4kerhet och f\u00f6rtroende.<\/p>\n<p>Tejpen med inv\u00e4ndig g\u00e4nga f\u00e4ster ordentligt vid ytan, vilket g\u00f6r att du kan <a href=\"https:\/\/topholds.com\/colocar-presas-de-escalada-en-una-pared-de-hormigon\/\" target=\"_blank\" rel=\"noopener\">demontera och \u00e5terinstallera greppen<\/a> f\u00f6r att modifiera banorna eller utf\u00f6ra reng\u00f6ring utan att riskera att skada v\u00e4ggen, till skillnad fr\u00e5n andra f\u00e4stsystem.<\/p>\n<p>Om du beh\u00f6ver r\u00e5d, kolla in v\u00e5r grafiska handledning p\u00e5 <a href=\"https:\/\/topholds.com\/blog\/\" target=\"_blank\" rel=\"noopener\">v\u00e5r blogg<\/a> eller kontakta oss f\u00f6r personlig v\u00e4gledning.<\/p>\n","protected":false},"excerpt":{"rendered":"<ul>\n<li>Metalln\u00e4t med intern g\u00e4nga M8<\/li>\n<li>F\u00f6r f\u00f6rankringar med kemisk plugg.<\/li>\n<li>Installera dina grepp p\u00e5 h\u00e5liga eller massiva v\u00e4ggar med maximal s\u00e4kerhet.<\/li>\n<\/ul>\n","protected":false},"featured_media":4414,"comment_status":"open","ping_status":"closed","template":"","meta":[],"product_brand":[],"product_cat":[424,489],"product_tag":[],"class_list":{"0":"post-16380","1":"product","2":"type-product","3":"status-publish","4":"has-post-thumbnail","6":"product_cat-fasten","7":"product_cat-vaggankare","9":"first","10":"instock","11":"taxable","12":"shipping-taxable","13":"purchasable","14":"product-type-simple"},"_links":{"self":[{"href":"https:\/\/mail.topholds.com\/sv\/wp-json\/wp\/v2\/product\/16380","targetHints":{"allow":["GET"]}}],"collection":[{"href":"https:\/\/mail.topholds.com\/sv\/wp-json\/wp\/v2\/product"}],"about":[{"href":"https:\/\/mail.topholds.com\/sv\/wp-json\/wp\/v2\/types\/product"}],"replies":[{"embeddable":true,"href":"https:\/\/mail.topholds.com\/sv\/wp-json\/wp\/v2\/comments?post=16380"}],"wp:featuredmedia":[{"embeddable":true,"href":"https:\/\/mail.topholds.com\/sv\/wp-json\/wp\/v2\/media\/4414"}],"wp:attachment":[{"href":"https:\/\/mail.topholds.com\/sv\/wp-json\/wp\/v2\/media?parent=16380"}],"wp:term":[{"taxonomy":"product_brand","embeddable":true,"href":"https:\/\/mail.topholds.com\/sv\/wp-json\/wp\/v2\/product_brand?post=16380"},{"taxonomy":"product_cat","embeddable":true,"href":"https:\/\/mail.topholds.com\/sv\/wp-json\/wp\/v2\/product_cat?post=16380"},{"taxonomy":"product_tag","embeddable":true,"href":"https:\/\/mail.topholds.com\/sv\/wp-json\/wp\/v2\/product_tag?post=16380"}],"curies":[{"name":"wp","href":"https:\/\/api.w.org\/{rel}","templated":true}]}}