{"id":16595,"date":"2017-01-29T16:44:48","date_gmt":"2017-01-29T16:44:48","guid":{"rendered":"https:\/\/topholds.com\/oferta\/presas-escalada\/niko\/niko\/"},"modified":"2024-08-26T03:19:53","modified_gmt":"2024-08-26T03:19:53","slug":"niko","status":"publish","type":"product","link":"https:\/\/mail.topholds.com\/sv\/erbjudande\/klattringrepp\/barn\/niko\/","title":{"rendered":"Barnkl\u00e4ttergrepp Niko"},"content":{"rendered":"<p><strong>Niko \u00e4r ett barnkl\u00e4ttringsgrepp<\/strong> som \u00e4r speciellt designat f\u00f6r att skapa banor f\u00f6r psykomotorik, och erbjuder underh\u00e5llning och stimulans f\u00f6r de yngsta.<\/p>\n<p>Detta m\u00e5ngsidiga grepp \u00e4r <strong>kompatibelt med flytande r\u00f6r med en diameter p\u00e5 60 mm<\/strong>, vilket g\u00f6r att du kan designa utmanande hinder och b\u00e5gar som barnen m\u00e5ste ta sig f\u00f6rbi, och d\u00e4rigenom fr\u00e4mja deras kreativitet och motoriska f\u00e4rdigheter.<\/p>\n<p>Med <em>Niko barnkl\u00e4ttringsgrepp<\/em> kommer du att <strong>fylla din v\u00e4gg med gl\u00e4dje och roligheter f\u00f6r de sm\u00e5<\/strong>, samtidigt som du skapar en m\u00e4ngd spel och aktiviteter f\u00f6r deras n\u00f6je.<\/p>\n<p>F\u00f6r installation rekommenderas det att <strong>anv\u00e4nda skruvar M10x40 eller M8x40<\/strong>. Det \u00e4r ocks\u00e5 m\u00f6jligt att f\u00e4sta den med skruvf\u00f6rband, vilket ger st\u00f6rre flexibilitet i monteringen.<\/p>\n<p>Utnyttja f\u00f6rdelarna med NIKO och omvandla ditt utrymme till ett paradis f\u00f6r skoj f\u00f6r barnen!<\/p>\n<p>Observera att produktens f\u00e4rger kan variera fr\u00e5n bilden som visas. Om du \u00f6nskar en specifik f\u00e4rg, tveka inte att kontakta oss.<\/p>\n","protected":false},"excerpt":{"rendered":"<ul>\n<li>Press f\u00f6r att skapa kreativa och dynamiska psykomotoriska kretsar.<\/li>\n<li>Passar f\u00f6r att s\u00e4tta i flytande r\u00f6r med 60 mm diameter som du kan anpassa med f\u00e4rger.<\/li>\n<li>M\u00f6jligg\u00f6r att skapa hinder och b\u00e5gar f\u00f6r att fr\u00e4mja lek och skicklighet hos de sm\u00e5.<\/li>\n<li>Kan f\u00e4stas med skruv M10x40 (rekommenderas) eller M8x40 eller med skruvpluggar.<\/li>\n<\/ul>\n","protected":false},"featured_media":19009,"comment_status":"open","ping_status":"closed","template":"","meta":[],"product_brand":[],"product_cat":[479],"product_tag":[],"class_list":{"0":"post-16595","1":"product","2":"type-product","3":"status-publish","4":"has-post-thumbnail","6":"product_cat-barn","8":"first","9":"instock","10":"taxable","11":"shipping-taxable","12":"purchasable","13":"product-type-simple"},"_links":{"self":[{"href":"https:\/\/mail.topholds.com\/sv\/wp-json\/wp\/v2\/product\/16595","targetHints":{"allow":["GET"]}}],"collection":[{"href":"https:\/\/mail.topholds.com\/sv\/wp-json\/wp\/v2\/product"}],"about":[{"href":"https:\/\/mail.topholds.com\/sv\/wp-json\/wp\/v2\/types\/product"}],"replies":[{"embeddable":true,"href":"https:\/\/mail.topholds.com\/sv\/wp-json\/wp\/v2\/comments?post=16595"}],"wp:featuredmedia":[{"embeddable":true,"href":"https:\/\/mail.topholds.com\/sv\/wp-json\/wp\/v2\/media\/19009"}],"wp:attachment":[{"href":"https:\/\/mail.topholds.com\/sv\/wp-json\/wp\/v2\/media?parent=16595"}],"wp:term":[{"taxonomy":"product_brand","embeddable":true,"href":"https:\/\/mail.topholds.com\/sv\/wp-json\/wp\/v2\/product_brand?post=16595"},{"taxonomy":"product_cat","embeddable":true,"href":"https:\/\/mail.topholds.com\/sv\/wp-json\/wp\/v2\/product_cat?post=16595"},{"taxonomy":"product_tag","embeddable":true,"href":"https:\/\/mail.topholds.com\/sv\/wp-json\/wp\/v2\/product_tag?post=16595"}],"curies":[{"name":"wp","href":"https:\/\/api.w.org\/{rel}","templated":true}]}}