{"id":16625,"date":"2017-03-05T15:29:03","date_gmt":"2017-03-05T15:29:03","guid":{"rendered":"https:\/\/topholds.com\/oferta\/presas-escalada\/bola-de-entrenamiento-9\/traningsboll-9\/"},"modified":"2026-03-08T20:22:19","modified_gmt":"2026-03-08T20:22:19","slug":"traningsboll-9","status":"publish","type":"product","link":"https:\/\/mail.topholds.com\/sv\/erbjudande\/hinderbana\/traning\/upphangningar\/traningsboll-9\/","title":{"rendered":"Hinderbana Upph\u00e4ngningar Tr\u00e4ningsboll 9"},"content":{"rendered":"<p><strong>Boll 9 f\u00f6r tr\u00e4ning<\/strong> \u00e4r en boll f\u00f6r att tr\u00e4na <strong>suspensioner\/dragningar<\/strong>.<\/p>\n<p>Den \u00e4r designad med en helt sf\u00e4risk form utan o\u00f6nskade fogar eller utsv\u00e4mningar. Dess perfekta ergonomi och mjuka textur g\u00f6r den till ett <strong>viktigt verktyg f\u00f6r dina kl\u00e4ttrings- eller crossfit-pass<\/strong>.<\/p>\n<p>Denna innovativa tr\u00e4ningsboll har en <strong>ultral\u00e4tt vikt p\u00e5 endast 325 gram<\/strong>, tack vare dess design med inre urgr\u00f6pning. Denna egenskap g\u00f6r den perfekt att ta med i din ryggs\u00e4ck och tr\u00e4na var som helst och n\u00e4r som helst.<\/p>\n<p>Dessutom har vi inkluderat en m\u00e5ngsidig dubbel snodd p\u00e5 6 mm av flera anledningar:<\/p>\n<ul>\n<li>Garanti f\u00f6r ett hinderfritt grepp<\/li>\n<li>G\u00f6r det m\u00f6jligt att h\u00e4nga upp den snabbt p\u00e5 vilken gren, dragst\u00e5ng osv. som helst, med en enkel skotknut p\u00e5 bara 3 sekunder<\/li>\n<li>Underl\u00e4ttar anv\u00e4ndning vid takutg\u00e5ngar eller \u00f6verh\u00e4ng genom att anv\u00e4nda en karbinhake<\/li>\n<\/ul>\n<p>Med <em>Boll 9 f\u00f6r tr\u00e4ning<\/em> finns det inga urs\u00e4kter f\u00f6r att inte l\u00e4gga till lite utmaning och anstr\u00e4ngning i din dagliga rutin.<\/p>\n<p>Observera att produktens f\u00e4rger kan variera fr\u00e5n bilden som visas. Om du \u00f6nskar en specifik f\u00e4rg, tveka inte att kontakta oss.<\/p>\n","protected":false},"excerpt":{"rendered":"<ul>\n<li>Boll f\u00f6r upph\u00e4ngningar\/dragningar.<\/li>\n<li>Diameter 90mm<\/li>\n<\/ul>\n<p>&nbsp;<\/p>\n<p>&nbsp;<\/p>\n","protected":false},"featured_media":5490,"comment_status":"open","ping_status":"closed","template":"","meta":[],"product_brand":[],"product_cat":[416,515,517],"product_tag":[],"class_list":{"0":"post-16625","1":"product","2":"type-product","3":"status-publish","4":"has-post-thumbnail","6":"product_cat-hinderbana","7":"product_cat-traning","8":"product_cat-upphangningar","10":"first","11":"instock","12":"sale","13":"taxable","14":"shipping-taxable","15":"purchasable","16":"product-type-simple"},"_links":{"self":[{"href":"https:\/\/mail.topholds.com\/sv\/wp-json\/wp\/v2\/product\/16625","targetHints":{"allow":["GET"]}}],"collection":[{"href":"https:\/\/mail.topholds.com\/sv\/wp-json\/wp\/v2\/product"}],"about":[{"href":"https:\/\/mail.topholds.com\/sv\/wp-json\/wp\/v2\/types\/product"}],"replies":[{"embeddable":true,"href":"https:\/\/mail.topholds.com\/sv\/wp-json\/wp\/v2\/comments?post=16625"}],"wp:featuredmedia":[{"embeddable":true,"href":"https:\/\/mail.topholds.com\/sv\/wp-json\/wp\/v2\/media\/5490"}],"wp:attachment":[{"href":"https:\/\/mail.topholds.com\/sv\/wp-json\/wp\/v2\/media?parent=16625"}],"wp:term":[{"taxonomy":"product_brand","embeddable":true,"href":"https:\/\/mail.topholds.com\/sv\/wp-json\/wp\/v2\/product_brand?post=16625"},{"taxonomy":"product_cat","embeddable":true,"href":"https:\/\/mail.topholds.com\/sv\/wp-json\/wp\/v2\/product_cat?post=16625"},{"taxonomy":"product_tag","embeddable":true,"href":"https:\/\/mail.topholds.com\/sv\/wp-json\/wp\/v2\/product_tag?post=16625"}],"curies":[{"name":"wp","href":"https:\/\/api.w.org\/{rel}","templated":true}]}}