{"id":16645,"date":"2017-03-18T16:13:51","date_gmt":"2017-03-18T16:13:51","guid":{"rendered":"https:\/\/topholds.com\/oferta\/presas-escalada\/bola-de-entrenamiento-12\/trainingskugel-12\/"},"modified":"2024-08-26T03:31:36","modified_gmt":"2024-08-26T03:31:36","slug":"trainingskugel-12","status":"publish","type":"product","link":"https:\/\/mail.topholds.com\/sv\/erbjudande\/hinderbana\/traning\/upphangningar\/trainingskugel-12\/","title":{"rendered":"Hinderbana Upph\u00e4ngningar Tr\u00e4ningsboll 12"},"content":{"rendered":"<p><strong>Tr\u00e4ningsboll 12 f\u00f6r h\u00e4ngningar\/dragningar<\/strong> \u00e4r en helt sf\u00e4risk boll utan fogar som passar perfekt i din hand.<\/p>\n<p>Dess mjuka yta ger dig ett <strong>bekv\u00e4mt och fast grepp f\u00f6r att f\u00f6rb\u00e4ttra din styrka och uth\u00e5llighet<\/strong> vid kl\u00e4ttring eller crossfit.<\/p>\n<p>Bollen levereras med ett <strong>dubbel sn\u00f6re p\u00e5 6mm<\/strong> som har flera f\u00f6rdelar:<\/p>\n<ul>\n<li>Den st\u00f6r inte n\u00e4r du h\u00e5ller i bollen<\/li>\n<li>Du kan enkelt h\u00e4nga upp den var som helst med en albatrossknop<\/li>\n<li>Du kan anv\u00e4nda en karbinhake f\u00f6r att h\u00e4nga den i tak eller \u00f6verh\u00e4ng<\/li>\n<\/ul>\n<p>Dess diameter \u00e4r 120mm.<\/p>\n<p>Med denna boll kan du tr\u00e4na var som helst och hur som helst.<\/p>\n<p>T\u00e4nk p\u00e5 att f\u00e4rgerna p\u00e5 produkten kan variera fr\u00e5n bilden som visas. Om du \u00f6nskar en specifik f\u00e4rg, tveka inte att kontakta oss.<\/p>\n","protected":false},"excerpt":{"rendered":"<ul>\n<li>Bol f\u00f6r upph\u00e4ngningar\/traktioner<\/li>\n<li>Helt sf\u00e4risk, utan besv\u00e4rliga fogar eller utbuktningar.<\/li>\n<li>Ideal f\u00f6r v\u00e5ra kl\u00e4ttrings- eller crossfit-tr\u00e4ningspass.<\/li>\n<li>Inga hinder f\u00f6r greppet<\/li>\n<li>Med en karbinhake h\u00e4nger vi upp dem f\u00f6r tak- eller \u00f6verh\u00e4ngsuth\u00e4ngningar.<\/li>\n<\/ul>\n","protected":false},"featured_media":5519,"comment_status":"open","ping_status":"closed","template":"","meta":[],"product_brand":[],"product_cat":[416,515,517],"product_tag":[],"class_list":{"0":"post-16645","1":"product","2":"type-product","3":"status-publish","4":"has-post-thumbnail","6":"product_cat-hinderbana","7":"product_cat-traning","8":"product_cat-upphangningar","10":"first","11":"instock","12":"sale","13":"taxable","14":"shipping-taxable","15":"purchasable","16":"product-type-simple"},"_links":{"self":[{"href":"https:\/\/mail.topholds.com\/sv\/wp-json\/wp\/v2\/product\/16645","targetHints":{"allow":["GET"]}}],"collection":[{"href":"https:\/\/mail.topholds.com\/sv\/wp-json\/wp\/v2\/product"}],"about":[{"href":"https:\/\/mail.topholds.com\/sv\/wp-json\/wp\/v2\/types\/product"}],"replies":[{"embeddable":true,"href":"https:\/\/mail.topholds.com\/sv\/wp-json\/wp\/v2\/comments?post=16645"}],"wp:featuredmedia":[{"embeddable":true,"href":"https:\/\/mail.topholds.com\/sv\/wp-json\/wp\/v2\/media\/5519"}],"wp:attachment":[{"href":"https:\/\/mail.topholds.com\/sv\/wp-json\/wp\/v2\/media?parent=16645"}],"wp:term":[{"taxonomy":"product_brand","embeddable":true,"href":"https:\/\/mail.topholds.com\/sv\/wp-json\/wp\/v2\/product_brand?post=16645"},{"taxonomy":"product_cat","embeddable":true,"href":"https:\/\/mail.topholds.com\/sv\/wp-json\/wp\/v2\/product_cat?post=16645"},{"taxonomy":"product_tag","embeddable":true,"href":"https:\/\/mail.topholds.com\/sv\/wp-json\/wp\/v2\/product_tag?post=16645"}],"curies":[{"name":"wp","href":"https:\/\/api.w.org\/{rel}","templated":true}]}}