{"id":16665,"date":"2017-06-18T06:35:00","date_gmt":"2017-06-18T06:35:00","guid":{"rendered":"https:\/\/topholds.com\/?post_type=product&#038;p=5697\/climbskin-handkram\/"},"modified":"2024-08-26T03:34:46","modified_gmt":"2024-08-26T03:34:46","slug":"climbskin-handkram","status":"publish","type":"product","link":"https:\/\/mail.topholds.com\/sv\/erbjudande\/tillbehor\/kram\/climbskin-handkram\/","title":{"rendered":"Climbskin\u00ae Handkr\u00e4m"},"content":{"rendered":"<ul class=\"media-list\">\n<li class=\"media\">\n<div class=\"media-body\">\n<h4 class=\"media-heading\">Ingredienser INCI<\/h4>\n<\/div>\n<\/li>\n<li class=\"media\">\n<div class=\"pull-left\">Rosa Mosqueta<\/div>\n<\/li>\n<li class=\"media\">\n<div class=\"pull-left\">Aloe Vera (Aloe barbadensis)<\/div>\n<\/li>\n<li class=\"media\">\n<div class=\"pull-left\">Espino Amarillo (Hippophae rhamnoides)<\/div>\n<\/li>\n<li class=\"media\">\n<div class=\"pull-left\">Aquillea, hierba de Aquiles<\/div>\n<\/li>\n<li class=\"media\">\n<div class=\"pull-left\">Manteca De Karit\u00e9<\/div>\n<\/li>\n<li class=\"media\">\n<div class=\"pull-left\">Tintura De Benju\u00ed (Styrax benzo\u00edn)<\/div>\n<\/li>\n<li class=\"media\">\n<div class=\"pull-left\">Centella Asi\u00e1tica, hierba de los tigres o Gotu kola (3%)<\/div>\n<\/li>\n<li class=\"media\">\n<div class=\"pull-left\">Sangre de drago<\/div>\n<\/li>\n<\/ul>\n<p><strong>CLIMBSKIN\u00ae HAND CREAM<\/strong> \u00e4r den enda kr\u00e4men som har blivit helt designad f\u00f6r kl\u00e4ttrare, med egenskaper som \u00e4r maximal anpassade.<\/p>\n<p><strong>1. Introduktion<\/strong><\/p>\n<p>H\u00e4nderna \u00e4r v\u00e5r direkta koppling till klippan, de som l\u00e5ter oss uppleva den p\u00e5 ett s\u00e4rskilt s\u00e4tt. En v\u00e4lv\u00e5rdad hud \u2013 med f\u00f6rh\u00e5rdnader, ja, men j\u00e4mn och elastisk \u2013 kommer att radikalt f\u00f6rb\u00e4ttra v\u00e5ra k\u00e4nslor, vilket g\u00f6r stor skillnad f\u00f6r v\u00e5r prestation n\u00e4r vi kl\u00e4ttrar.<\/p>\n<p>Det beh\u00f6vs inga extraordin\u00e4ra v\u00e5rdar, endast en liten extra rutin som du kan l\u00e4gga till din kl\u00e4ttring, som hj\u00e4lper dig att ta hand om och l\u00e4ra k\u00e4nna din hud b\u00e4ttre.<\/p>\n<p>&nbsp;<\/p>\n<p><strong>2. V\u00e5rd och r\u00e5d<\/strong><\/p>\n<p><strong>Innan:<\/strong> F\u00f6rbered huden f\u00f6r att kl\u00e4ttra.<\/p>\n<p>&#8211; Tidigare var det ot\u00e4nkbart att anv\u00e4nda befintliga produkter innan kl\u00e4ttring. Anv\u00e4nd\u00a0Climbskin Hand Cream en timme innan kl\u00e4ttring, ett tunt lager r\u00e4cker f\u00f6r att ge huden st\u00f6rre elasticitet. Detta fungerar som en &#8221;uppv\u00e4rmning&#8221; som hj\u00e4lper till att f\u00f6rhindra olika skador p\u00e5 huden (det minskar m\u00f6jligheten f\u00f6r &#8221;smilies&#8221;, att f\u00f6rh\u00e5rdnader reser sig, sprickor eller att huden lossnar fr\u00e5n nageln). Tinkturen av benju\u00ed och den naturliga silikan hj\u00e4lper ocks\u00e5 till att reglera svettning, vilket \u00e4r en viktig faktor f\u00f6r hudens slitage.<\/p>\n<p>&nbsp;<\/p>\n<p><strong>Under:<\/strong><\/p>\n<p>&#8211; H\u00e5ll huden kall och torr, ett vanligt misstag \u00e4r att l\u00e5ta h\u00e4nderna vara i fickorna fram till \u00f6gonblicket innan greppet. En hud med lite svett och \u00f6kning av temperaturen f\u00e5r ett st\u00f6rre slitage. S\u00e4tt ist\u00e4llet h\u00e4nderna i kontakt med klippan n\u00e5gra sekunder innan greppet.<\/p>\n<p>Klipp och fil any loose skin, s\u00e5 snart som m\u00f6jligt och oavsett hur liten den verkar, f\u00f6r att undvika st\u00f6rre skador genom att fastna p\u00e5 samma omr\u00e5de.<\/p>\n<p>Om en f\u00f6rh\u00e5rdnad reser sig, \u00e4r det f\u00f6rsta att stoppa bl\u00f6dningen. Klipp sedan huden och fila bort den upph\u00f6jda huden. Applicera Climbskin Hand Cream p\u00e5 det drabbade omr\u00e5det och l\u00e5t verka i 20 minuter, sprid sedan ut det. F\u00f6r mycket \u00e5terfuktning f\u00f6r den h\u00e4r typen av s\u00e5r \u00e4r kontraproduktivt eftersom det mjukar upp huden och saktar ner regenereringen. H\u00e5ll s\u00e5ret exponerat och, om du best\u00e4mmer dig f\u00f6r att forts\u00e4tta kl\u00e4ttra \u2013 vilket du s\u00e4kert kommer att g\u00f6ra \u2013 t\u00e4ck det med flera varv av en tunn, andningsbar tejp, g\u00f6r det framifr\u00e5n och bak\u00e5t, s\u00e5 att det tar l\u00e4ngre tid att flytta, men n\u00e4r det g\u00f6r det, byt det s\u00e5 snabbt som m\u00f6jligt.<\/p>\n<p>Sprickor, sprickor eller \u201csmilies\u201d uppst\u00e5r normalt p\u00e5 grund av brist p\u00e5 elasticitet i f\u00f6rh\u00e5rdnader, och upprepning p\u00e5 samma kant. Om det intr\u00e4ffar, reng\u00f6r, klipp, fila maximalt och f\u00f6lj stegen i f\u00f6reg\u00e5ende punkt med kr\u00e4men f\u00f6r s\u00e5r.<\/p>\n<p><strong>Efter:<\/strong> J\u00e4mna till huden p\u00e5 h\u00e4nderna s\u00e5 mycket som m\u00f6jligt i slutet av varje session (teorin om lager).<\/p>\n<p>&#8211; Du b\u00f6r fila f\u00f6rsiktigt bort all upph\u00f6jd hud\u00a0 innan du tv\u00e4ttar h\u00e4nderna! Endast efter\u00e5t, tv\u00e4tta dem, det \u00e4r viktigt att du inte l\u00e5ter det g\u00e5 f\u00f6r l\u00e5ng tid om du har en speciellt torr hud. Att fila h\u00e4nderna med magnesium kvar i g\u00f6r att det blir l\u00e4ttare att ta bort resterna med filen. Om du anv\u00e4nder Climbskins fil f\u00f6r att fila dina h\u00e4nder med lite fukt eller fetter, anv\u00e4nd det svarta sandpapperet (f\u00f6r metall), s\u00e5 kan du helt ta bort rester fr\u00e5n filen genom att fila \u00f6ver en duk eller med en vanlig borste och filen kommer inte att slitas.<\/p>\n<p>Fila och j\u00e4mna ut sprickor och om du har upplevt en betydande slitage p\u00e5 fingertopparna, \u00e4r det viktigt att fila huden runt naglarna f\u00f6r att fr\u00e4mja en j\u00e4mn regenerering. Det \u00e4r inte bra med f\u00f6r mycket f\u00f6rh\u00e5rdnad i dessa omr\u00e5den, eftersom det fr\u00e4mjar slitage av fingertoppen.<\/p>\n<p>Fila bort \u00f6verfl\u00f6det av f\u00f6rh\u00e5rdnad under linjerna av veck i varje fingerled, det kommer att f\u00f6rhindra att f\u00f6rh\u00e5rdnader reser sig eller att det blir fastnar p\u00e5 stora kanter (speciellt viktigt n\u00e4r man b\u00f6rjar kl\u00e4ttra eller tr\u00e4na).<\/p>\n<p>Om du har f\u00f6rh\u00e5rdnad som sticker ut ovanf\u00f6r nageln, b\u00f6r du ocks\u00e5 fila den f\u00f6r att f\u00f6rhindra att den gnids och fastnar vid vissa grepp.<\/p>\n<p>Med huden helt j\u00e4mn, b\u00f6r du tv\u00e4tta h\u00e4nderna, ta bort smuts och rester av magnesium. Torka dem mycket noga. Nu \u00e4r det dags f\u00f6r Climbskin Hand Cream.<\/p>\n<p><strong>S\u00e5 h\u00e4r applicerar du Climbskin:<\/strong> efter en dusch med ljummet eller varmt vatten och utan att h\u00e4nderna svullnar, skulle det vara en perfekt tid.<\/p>\n<p>Du b\u00f6r applicera den i lager, sprida den v\u00e4l. Normalt sett r\u00e4cker 1 eller 2 lager. Lagren b\u00f6r knappt l\u00e4mna n\u00e5gra rester p\u00e5 huden, om h\u00e4nderna \u00e4r lite feta, har du anv\u00e4nt mer kr\u00e4m \u00e4n n\u00f6dv\u00e4ndigt.<\/p>\n<p>T\u00e4ck s\u00e5r, sprickor eller \u201csmilies\u201d med kr\u00e4men i 20 minuter, sprid sedan ut den och l\u00e5t dem vara i luften. Upprepa processen 3 g\u00e5nger om dagen f\u00f6r att p\u00e5skynda \u00e5terh\u00e4mtningen.<\/p>\n<p>Du kan anv\u00e4nda\u00a0<strong>CLIMBSKIN\u00ae HAND CREAM<\/strong> flera g\u00e5nger om dagen, f\u00f6re och efter varje kl\u00e4ttring, utan n\u00e5gra problem.<\/p>\n<p>Inkludera en rutin f\u00f6r att ta hand om\u00a0huden p\u00e5 dina h\u00e4nder, du kommer att se den stora skillnaden p\u00e5 kort tid.<\/p>\n<p>Kl\u00e4ttra mer! Tr\u00e4na mer! och utmana dina gr\u00e4nser med b\u00e4ttre hud \u00e4n n\u00e5gonsin! Njut av kl\u00e4ttringen \u00e4nnu mer, uppt\u00e4ck Climbskin!<\/p>\n<p>&nbsp;<\/p>\n<p>&#8221;Det \u00e4r en fantastisk produkt, den \u00e5terfuktar och bygger upp din hud. Det \u00e4r inte som de produkter som \u00e4r baserade p\u00e5 vax eller oljor, du kan till och med anv\u00e4nda den innan du kl\u00e4ttrar, vilket \u00e4r en av de mest fantastiska sakerna. Det kommer verkligen att f\u00f6r\u00e4ndra kl\u00e4ttringen f\u00f6r folk. Det \u00e4r utan tvekan den b\u00e4sta produkten p\u00e5 marknaden.&#8221; \u2014 <strong>Chris Sharma<\/strong><\/p>\n","protected":false},"excerpt":{"rendered":"<ul>\n<li>V\u00e5rda huden hos kl\u00e4ttrarna, fr\u00e4mja deras regenerering och l\u00e4kning.<\/li>\n<li>Utan artificiella tillsatser som kan irritera eller skada huden.<\/li>\n<li>T\u00e4t och icke-oljig textur som absorberas snabbt och inte l\u00e4mnar rester.<\/li>\n<li>Respekterar milj\u00f6n och djuren.<\/li>\n<\/ul>\n","protected":false},"featured_media":5702,"comment_status":"open","ping_status":"closed","template":"","meta":[],"product_brand":[],"product_cat":[502,422],"product_tag":[],"class_list":{"0":"post-16665","1":"product","2":"type-product","3":"status-publish","4":"has-post-thumbnail","6":"product_cat-kram","7":"product_cat-tillbehor","8":"product_shipping_class-ekonomifrakt","10":"first","11":"instock","12":"sale","13":"taxable","14":"shipping-taxable","15":"purchasable","16":"product-type-simple"},"_links":{"self":[{"href":"https:\/\/mail.topholds.com\/sv\/wp-json\/wp\/v2\/product\/16665","targetHints":{"allow":["GET"]}}],"collection":[{"href":"https:\/\/mail.topholds.com\/sv\/wp-json\/wp\/v2\/product"}],"about":[{"href":"https:\/\/mail.topholds.com\/sv\/wp-json\/wp\/v2\/types\/product"}],"replies":[{"embeddable":true,"href":"https:\/\/mail.topholds.com\/sv\/wp-json\/wp\/v2\/comments?post=16665"}],"wp:featuredmedia":[{"embeddable":true,"href":"https:\/\/mail.topholds.com\/sv\/wp-json\/wp\/v2\/media\/5702"}],"wp:attachment":[{"href":"https:\/\/mail.topholds.com\/sv\/wp-json\/wp\/v2\/media?parent=16665"}],"wp:term":[{"taxonomy":"product_brand","embeddable":true,"href":"https:\/\/mail.topholds.com\/sv\/wp-json\/wp\/v2\/product_brand?post=16665"},{"taxonomy":"product_cat","embeddable":true,"href":"https:\/\/mail.topholds.com\/sv\/wp-json\/wp\/v2\/product_cat?post=16665"},{"taxonomy":"product_tag","embeddable":true,"href":"https:\/\/mail.topholds.com\/sv\/wp-json\/wp\/v2\/product_tag?post=16665"}],"curies":[{"name":"wp","href":"https:\/\/api.w.org\/{rel}","templated":true}]}}