{"id":16690,"date":"2017-07-30T16:00:28","date_gmt":"2017-07-30T16:00:28","guid":{"rendered":"https:\/\/topholds.com\/?post_type=product&#038;p=5808\/grieta\/"},"modified":"2024-08-26T03:41:20","modified_gmt":"2024-08-26T03:41:20","slug":"grieta","status":"publish","type":"product","link":"https:\/\/mail.topholds.com\/sv\/erbjudande\/klattringrepp\/grieta\/","title":{"rendered":"Kl\u00e4ttergrepp Paket Grieta"},"content":{"rendered":"<p><strong>Pack med kl\u00e4ttringsgrepp Grieta<\/strong> kommer med 2 grepp av <strong>mjukt sandstensm\u00f6nster.<\/strong><\/p>\n<p>Dessa grepp erbjuder en <strong>variation av greppalternativ<\/strong> och kan anv\u00e4ndas i en m\u00e4ngd olika konfigurationer p\u00e5 v\u00e4ggen.<\/p>\n<p>Anv\u00e4nds de separat, ger dessa grepp stora kanter f\u00f6r ett s\u00e4kert grepp. N\u00e4r de placeras tillsammans kan de bilda en r\u00e4nna eller en spricka f\u00f6r att ge en extra utmaning p\u00e5 v\u00e4ggen.<\/p>\n<p>Dessa grepp kan <strong>installeras med insexskruvar eller med tre tr\u00e4skruvar<\/strong>. Det rekommenderas att anv\u00e4nda M10x40 eller M8x40 skruvar f\u00f6r optimal fixering. Dessutom kommer varje grepp med tv\u00e5 extra h\u00e5l f\u00f6r att m\u00f6jligg\u00f6ra installation med tr\u00e4skruvar om s\u00e5 \u00f6nskas.<\/p>\n<p>T\u00e4nk p\u00e5 att produktens f\u00e4rger kan variera fr\u00e5n bilden som visas. Om du \u00f6nskar en specifik f\u00e4rg, tveka inte att kontakta oss.<\/p>\n","protected":false},"excerpt":{"rendered":"<ul>\n<li>Grieta \u00e4r ett paket med 2 kl\u00e4ttringsklackar.<\/li>\n<li>Mjukt sandstensliknande yta.<\/li>\n<li>Genom att anv\u00e4nda dem separat f\u00e5r vi stora grepp.<\/li>\n<li>Genom att s\u00e4tta dem tillsammans kan vi skapa en r\u00e4nna eller en spricka.<\/li>\n<li>M\u00f6jlighet att installera dem med insexskruvar eller genom 3 skruvar.<\/li>\n<li>F\u00f6rsedda med tv\u00e5 extra h\u00e5l f\u00f6r att \u00e4ven kunna utrustas med skruvar.<\/li>\n<\/ul>\n","protected":false},"featured_media":5798,"comment_status":"open","ping_status":"closed","template":"","meta":[],"product_brand":[],"product_cat":[425],"product_tag":[],"class_list":{"0":"post-16690","1":"product","2":"type-product","3":"status-publish","4":"has-post-thumbnail","6":"product_cat-klattringrepp","8":"first","9":"instock","10":"taxable","11":"shipping-taxable","12":"purchasable","13":"product-type-simple"},"_links":{"self":[{"href":"https:\/\/mail.topholds.com\/sv\/wp-json\/wp\/v2\/product\/16690","targetHints":{"allow":["GET"]}}],"collection":[{"href":"https:\/\/mail.topholds.com\/sv\/wp-json\/wp\/v2\/product"}],"about":[{"href":"https:\/\/mail.topholds.com\/sv\/wp-json\/wp\/v2\/types\/product"}],"replies":[{"embeddable":true,"href":"https:\/\/mail.topholds.com\/sv\/wp-json\/wp\/v2\/comments?post=16690"}],"wp:featuredmedia":[{"embeddable":true,"href":"https:\/\/mail.topholds.com\/sv\/wp-json\/wp\/v2\/media\/5798"}],"wp:attachment":[{"href":"https:\/\/mail.topholds.com\/sv\/wp-json\/wp\/v2\/media?parent=16690"}],"wp:term":[{"taxonomy":"product_brand","embeddable":true,"href":"https:\/\/mail.topholds.com\/sv\/wp-json\/wp\/v2\/product_brand?post=16690"},{"taxonomy":"product_cat","embeddable":true,"href":"https:\/\/mail.topholds.com\/sv\/wp-json\/wp\/v2\/product_cat?post=16690"},{"taxonomy":"product_tag","embeddable":true,"href":"https:\/\/mail.topholds.com\/sv\/wp-json\/wp\/v2\/product_tag?post=16690"}],"curies":[{"name":"wp","href":"https:\/\/api.w.org\/{rel}","templated":true}]}}