{"id":16695,"date":"2017-07-30T16:19:34","date_gmt":"2017-07-30T16:19:34","guid":{"rendered":"https:\/\/topholds.com\/?post_type=product&#038;p=5810\/dunas\/"},"modified":"2024-08-26T03:42:27","modified_gmt":"2024-08-26T03:42:27","slug":"dunas","status":"publish","type":"product","link":"https:\/\/mail.topholds.com\/sv\/erbjudande\/klattringrepp\/dunas\/","title":{"rendered":"Kl\u00e4ttergrepp Paket Dunas"},"content":{"rendered":"<p>Pack av <strong>kl\u00e4ttringsklackar Dunas<\/strong> best\u00e5r av 4 klackar med en mjuk sandstenstextur som ger ett s\u00e4kert och bekv\u00e4mt grepp p\u00e5 v\u00e4ggen.<\/p>\n<p>Dessa klackar har <strong>positiva kanter p\u00e5 ena sidan och avfasade kanter p\u00e5 sin inverterade position<\/strong>, vilket erbjuder en variation av greppalternativ och utmaningar f\u00f6r kl\u00e4ttrare p\u00e5 alla niv\u00e5er.<\/p>\n<p>Varje klack har ett <strong>anti-rotationsh\u00e5l som s\u00e4kerst\u00e4ller en s\u00e4ker f\u00e4stning<\/strong> p\u00e5 vilken kl\u00e4ttringsv\u00e4gg som helst. Det rekommenderas att anv\u00e4nda skruvar M10x40 eller M8x40 f\u00f6r optimal f\u00e4stning.<\/p>\n<p>Observera att produktens f\u00e4rger kan variera j\u00e4mf\u00f6rt med bilden som visas. Om du \u00f6nskar en specifik f\u00e4rg, tveka inte att kontakta oss.<\/p>\n","protected":false},"excerpt":{"rendered":"<ul>\n<li>Dunas \u00e4r ett set med 4 kl\u00e4ttergrepp.<\/li>\n<li>Mjukt sandstensutseende.<\/li>\n<li>Det \u00e4r en kollektion med positiva grepp p\u00e5 ena sidan och platta grepp p\u00e5 den omv\u00e4nda sidan.<\/li>\n<li>Alla \u00e4r utrustade med anti-rotationsh\u00e5l.<\/li>\n<\/ul>\n","protected":false},"featured_media":19279,"comment_status":"open","ping_status":"closed","template":"","meta":[],"product_brand":[],"product_cat":[425],"product_tag":[],"class_list":{"0":"post-16695","1":"product","2":"type-product","3":"status-publish","4":"has-post-thumbnail","6":"product_cat-klattringrepp","8":"first","9":"instock","10":"taxable","11":"shipping-taxable","12":"purchasable","13":"product-type-simple"},"_links":{"self":[{"href":"https:\/\/mail.topholds.com\/sv\/wp-json\/wp\/v2\/product\/16695","targetHints":{"allow":["GET"]}}],"collection":[{"href":"https:\/\/mail.topholds.com\/sv\/wp-json\/wp\/v2\/product"}],"about":[{"href":"https:\/\/mail.topholds.com\/sv\/wp-json\/wp\/v2\/types\/product"}],"replies":[{"embeddable":true,"href":"https:\/\/mail.topholds.com\/sv\/wp-json\/wp\/v2\/comments?post=16695"}],"wp:featuredmedia":[{"embeddable":true,"href":"https:\/\/mail.topholds.com\/sv\/wp-json\/wp\/v2\/media\/19279"}],"wp:attachment":[{"href":"https:\/\/mail.topholds.com\/sv\/wp-json\/wp\/v2\/media?parent=16695"}],"wp:term":[{"taxonomy":"product_brand","embeddable":true,"href":"https:\/\/mail.topholds.com\/sv\/wp-json\/wp\/v2\/product_brand?post=16695"},{"taxonomy":"product_cat","embeddable":true,"href":"https:\/\/mail.topholds.com\/sv\/wp-json\/wp\/v2\/product_cat?post=16695"},{"taxonomy":"product_tag","embeddable":true,"href":"https:\/\/mail.topholds.com\/sv\/wp-json\/wp\/v2\/product_tag?post=16695"}],"curies":[{"name":"wp","href":"https:\/\/api.w.org\/{rel}","templated":true}]}}