{"id":16705,"date":"2017-08-08T18:39:40","date_gmt":"2017-08-08T18:39:40","guid":{"rendered":"https:\/\/topholds.com\/?post_type=product&#038;p=5846\/prehistoric-m\/"},"modified":"2024-08-26T03:46:06","modified_gmt":"2024-08-26T03:46:06","slug":"prehistoric-m","status":"publish","type":"product","link":"https:\/\/mail.topholds.com\/sv\/erbjudande\/klattringrepp\/prehistoric-m\/","title":{"rendered":"Kl\u00e4ttergrepp Paket Prehistoric M"},"content":{"rendered":"<p><strong>Pack av kl\u00e4ttergrepp Prehistoric<\/strong> kommer med <strong>10 grepp med en mjuk sandstensstruktur<\/strong> som erbjuder ett s\u00e4kert och bekv\u00e4mt grepp, vilket g\u00f6r att du kan kl\u00e4ttra med sj\u00e4lvf\u00f6rtroende och n\u00e5 nya niv\u00e5er av skicklighet.<\/p>\n<p>Varje grepp kommer med ett <strong>antiroterande skruvh\u00e5l<\/strong> som s\u00e4kerst\u00e4ller en stabil f\u00e4stning p\u00e5 vilken kl\u00e4tterv\u00e4gg som helst. Det rekommenderas att anv\u00e4nda <strong>M10x50 eller M8x50 skruvar<\/strong> f\u00f6r en optimal f\u00e4stning.<\/p>\n<p>Greppen fr\u00e5n Prehistoric erbjuder ett <strong>exceptionellt grepp f\u00f6r kl\u00e4ttrare p\u00e5 alla niv\u00e5er<\/strong>. Oavsett om du \u00e4r en nyb\u00f6rjare som vill f\u00f6rb\u00e4ttra dina f\u00e4rdigheter eller en avancerad kl\u00e4ttrare som s\u00f6ker en utmaning, \u00e4r denna <em>greppsamling<\/em> perfekt f\u00f6r dig.<\/p>\n<p>T\u00e4nk p\u00e5 att produktens f\u00e4rger kan variera fr\u00e5n den visade bilden. Om du \u00f6nskar en specifik f\u00e4rg, tveka inte att kontakta oss.<\/p>\n","protected":false},"excerpt":{"rendered":"<ul>\n<li>Prehistoric \u00e4r ett kit med 10 kl\u00e4ttringsgrepp.<\/li>\n<li>Mjukt sandstensliknande textur.<\/li>\n<li>Greppen har mycket bra grepp.<\/li>\n<li>Alla f\u00f6rsedda med h\u00e5l f\u00f6r skruv f\u00f6r att f\u00f6rhindra rotation.<\/li>\n<\/ul>\n<p>&nbsp;<\/p>\n","protected":false},"featured_media":19309,"comment_status":"open","ping_status":"closed","template":"","meta":[],"product_brand":[],"product_cat":[425],"product_tag":[],"class_list":{"0":"post-16705","1":"product","2":"type-product","3":"status-publish","4":"has-post-thumbnail","6":"product_cat-klattringrepp","8":"first","9":"instock","10":"taxable","11":"shipping-taxable","12":"purchasable","13":"product-type-simple"},"_links":{"self":[{"href":"https:\/\/mail.topholds.com\/sv\/wp-json\/wp\/v2\/product\/16705","targetHints":{"allow":["GET"]}}],"collection":[{"href":"https:\/\/mail.topholds.com\/sv\/wp-json\/wp\/v2\/product"}],"about":[{"href":"https:\/\/mail.topholds.com\/sv\/wp-json\/wp\/v2\/types\/product"}],"replies":[{"embeddable":true,"href":"https:\/\/mail.topholds.com\/sv\/wp-json\/wp\/v2\/comments?post=16705"}],"wp:featuredmedia":[{"embeddable":true,"href":"https:\/\/mail.topholds.com\/sv\/wp-json\/wp\/v2\/media\/19309"}],"wp:attachment":[{"href":"https:\/\/mail.topholds.com\/sv\/wp-json\/wp\/v2\/media?parent=16705"}],"wp:term":[{"taxonomy":"product_brand","embeddable":true,"href":"https:\/\/mail.topholds.com\/sv\/wp-json\/wp\/v2\/product_brand?post=16705"},{"taxonomy":"product_cat","embeddable":true,"href":"https:\/\/mail.topholds.com\/sv\/wp-json\/wp\/v2\/product_cat?post=16705"},{"taxonomy":"product_tag","embeddable":true,"href":"https:\/\/mail.topholds.com\/sv\/wp-json\/wp\/v2\/product_tag?post=16705"}],"curies":[{"name":"wp","href":"https:\/\/api.w.org\/{rel}","templated":true}]}}