{"id":16710,"date":"2017-08-13T18:29:07","date_gmt":"2017-08-13T18:29:07","guid":{"rendered":"https:\/\/topholds.com\/?post_type=product&#038;p=5853\/prehistoric-s\/"},"modified":"2024-08-26T03:47:40","modified_gmt":"2024-08-26T03:47:40","slug":"prehistoric-s","status":"publish","type":"product","link":"https:\/\/mail.topholds.com\/sv\/erbjudande\/klattringrepp\/prehistoric-s\/","title":{"rendered":"Kl\u00e4ttergrepp Paket Prehistoric S"},"content":{"rendered":"<p>Det <strong>kl\u00e4ttringsgreppspaketet Prehistoric S<\/strong> kommer med <strong>12 grepp som har en mjuk sandstensstruktur<\/strong> som ger dig ett s\u00e4kert och bekv\u00e4mt grepp, vilket g\u00f6r att du kan utmana dina gr\u00e4nser.<\/p>\n<p>Dessa grepp \u00e4r <strong>idealiska f\u00f6r alla kl\u00e4ttringsniv\u00e5er<\/strong>, fr\u00e5n nyb\u00f6rjare till avancerade kl\u00e4ttrare. Dessutom \u00e4r de mycket m\u00e5ngsidiga och kan anv\u00e4ndas p\u00e5 olika typer av v\u00e4ggar och ytor.<\/p>\n<p>Varje grepp har ett <strong>h\u00e5l f\u00f6r en anti-rotationsskruv som s\u00e4kerst\u00e4ller en s\u00e4ker f\u00e4ste<\/strong> p\u00e5 alla kl\u00e4ttringsv\u00e4ggar. Det rekommenderas att anv\u00e4nda skruvar M10x50 eller M8x50 f\u00f6r optimal f\u00e4stning.<\/p>\n<p>T\u00e4nk p\u00e5 att produktens f\u00e4rger kan variera i f\u00f6rh\u00e5llande till bilden som visas. Om du \u00f6nskar en specifik f\u00e4rg, tveka inte att kontakta oss.<\/p>\n","protected":false},"excerpt":{"rendered":"<ul>\n<li>Prehistoric S \u00e4r en upps\u00e4ttning av 12 kl\u00e4ttergrepp.<\/li>\n<li>Mjukt sandstensstruktur.<\/li>\n<li>Alla levereras med h\u00e5l f\u00f6r g\u00e4ngad skruv mot rotation.<\/li>\n<\/ul>\n","protected":false},"featured_media":19319,"comment_status":"open","ping_status":"closed","template":"","meta":[],"product_brand":[],"product_cat":[425],"product_tag":[],"class_list":{"0":"post-16710","1":"product","2":"type-product","3":"status-publish","4":"has-post-thumbnail","6":"product_cat-klattringrepp","8":"first","9":"instock","10":"taxable","11":"shipping-taxable","12":"purchasable","13":"product-type-simple"},"_links":{"self":[{"href":"https:\/\/mail.topholds.com\/sv\/wp-json\/wp\/v2\/product\/16710","targetHints":{"allow":["GET"]}}],"collection":[{"href":"https:\/\/mail.topholds.com\/sv\/wp-json\/wp\/v2\/product"}],"about":[{"href":"https:\/\/mail.topholds.com\/sv\/wp-json\/wp\/v2\/types\/product"}],"replies":[{"embeddable":true,"href":"https:\/\/mail.topholds.com\/sv\/wp-json\/wp\/v2\/comments?post=16710"}],"wp:featuredmedia":[{"embeddable":true,"href":"https:\/\/mail.topholds.com\/sv\/wp-json\/wp\/v2\/media\/19319"}],"wp:attachment":[{"href":"https:\/\/mail.topholds.com\/sv\/wp-json\/wp\/v2\/media?parent=16710"}],"wp:term":[{"taxonomy":"product_brand","embeddable":true,"href":"https:\/\/mail.topholds.com\/sv\/wp-json\/wp\/v2\/product_brand?post=16710"},{"taxonomy":"product_cat","embeddable":true,"href":"https:\/\/mail.topholds.com\/sv\/wp-json\/wp\/v2\/product_cat?post=16710"},{"taxonomy":"product_tag","embeddable":true,"href":"https:\/\/mail.topholds.com\/sv\/wp-json\/wp\/v2\/product_tag?post=16710"}],"curies":[{"name":"wp","href":"https:\/\/api.w.org\/{rel}","templated":true}]}}