{"id":16720,"date":"2017-09-28T17:56:51","date_gmt":"2017-09-28T17:56:51","guid":{"rendered":"https:\/\/topholds.com\/lenek\/"},"modified":"2024-08-26T03:50:33","modified_gmt":"2024-08-26T03:50:33","slug":"lenek","status":"publish","type":"product","link":"https:\/\/mail.topholds.com\/sv\/erbjudande\/klattringrepp\/lenek\/","title":{"rendered":"Kl\u00e4ttergrepp Paket Lenek"},"content":{"rendered":"<p><strong>Lenek \u00e4r ett paket med 8 kl\u00e4ttringsgrepp<\/strong> med en mjuk sandstensstruktur.<\/p>\n<p>De <em>kl\u00e4ttringsgrepp Lenek<\/em> har bra kanter i en av sina positioner och ett platt grepp med en liten kant i den andra. Det platta greppet har ett<strong> extra m\u00f6nster f\u00f6r att f\u00f6rb\u00e4ttra greppet och ge st\u00f6rre s\u00e4kerhet<\/strong>.<\/p>\n<p>Varje grepp \u00e4r utrustat med ett <strong>anti-rotationsh\u00e5l f\u00f6r skruv<\/strong>, vilket garanterar st\u00f6rre stabilitet och s\u00e4kerhet vid anv\u00e4ndning under dina kl\u00e4ttringspass.<\/p>\n<p>F\u00f6r installation av greppen rekommenderas det att anv\u00e4nda skruvar M10x40 eller M8x40 (ing\u00e5r ej).<\/p>\n<p>T\u00e4nk p\u00e5 att f\u00e4rgerna p\u00e5 produkten kan skilja sig fr\u00e5n de som visas p\u00e5 bilden. Om du \u00f6nskar en specifik f\u00e4rg, tveka inte att kontakta oss.<\/p>\n","protected":false},"excerpt":{"rendered":"<ul>\n<li>Lenek \u00e4r ett paket med 8 kl\u00e4ttergrepp.<\/li>\n<li>Mjukt sandstensliknande textur.<\/li>\n<li>Med bra kanter i en av sina positioner och avfasad med liten kant i den andra.<\/li>\n<li>Den avfasade har extra relief f\u00f6r att f\u00f6rb\u00e4ttra greppet.<\/li>\n<li>Alla f\u00f6rsedda med h\u00e5l f\u00f6r skruv med anti-rotation.<\/li>\n<\/ul>\n<p>&nbsp;<\/p>\n","protected":false},"featured_media":19369,"comment_status":"open","ping_status":"closed","template":"","meta":[],"product_brand":[],"product_cat":[425],"product_tag":[],"class_list":{"0":"post-16720","1":"product","2":"type-product","3":"status-publish","4":"has-post-thumbnail","6":"product_cat-klattringrepp","8":"first","9":"instock","10":"taxable","11":"shipping-taxable","12":"purchasable","13":"product-type-simple"},"_links":{"self":[{"href":"https:\/\/mail.topholds.com\/sv\/wp-json\/wp\/v2\/product\/16720","targetHints":{"allow":["GET"]}}],"collection":[{"href":"https:\/\/mail.topholds.com\/sv\/wp-json\/wp\/v2\/product"}],"about":[{"href":"https:\/\/mail.topholds.com\/sv\/wp-json\/wp\/v2\/types\/product"}],"replies":[{"embeddable":true,"href":"https:\/\/mail.topholds.com\/sv\/wp-json\/wp\/v2\/comments?post=16720"}],"wp:featuredmedia":[{"embeddable":true,"href":"https:\/\/mail.topholds.com\/sv\/wp-json\/wp\/v2\/media\/19369"}],"wp:attachment":[{"href":"https:\/\/mail.topholds.com\/sv\/wp-json\/wp\/v2\/media?parent=16720"}],"wp:term":[{"taxonomy":"product_brand","embeddable":true,"href":"https:\/\/mail.topholds.com\/sv\/wp-json\/wp\/v2\/product_brand?post=16720"},{"taxonomy":"product_cat","embeddable":true,"href":"https:\/\/mail.topholds.com\/sv\/wp-json\/wp\/v2\/product_cat?post=16720"},{"taxonomy":"product_tag","embeddable":true,"href":"https:\/\/mail.topholds.com\/sv\/wp-json\/wp\/v2\/product_tag?post=16720"}],"curies":[{"name":"wp","href":"https:\/\/api.w.org\/{rel}","templated":true}]}}