{"id":16935,"date":"2020-04-27T16:39:58","date_gmt":"2020-04-27T16:39:58","guid":{"rendered":"https:\/\/topholds.com\/blandningskanyl\/"},"modified":"2024-08-26T04:25:28","modified_gmt":"2024-08-26T04:25:28","slug":"blandningskanyl","status":"publish","type":"product","link":"https:\/\/mail.topholds.com\/sv\/erbjudande\/fasten\/vaggankare\/blandningskanyl\/","title":{"rendered":"Blandningskanyl"},"content":{"rendered":"<p>Det verkar som att du inte har angett n\u00e5gon text att \u00f6vers\u00e4tta. V\u00e4nligen ange den text du vill ha \u00f6versatt till svenska, s\u00e5 hj\u00e4lper jag dig g\u00e4rna!<\/p>\n","protected":false},"excerpt":{"rendered":"<p>C\u00e1nula f\u00f6r blandning av tv\u00e5 komponenter f\u00f6r kemisk taco fr\u00e5n Fischer<\/p>\n<p>&nbsp;<\/p>\n<p>&nbsp;<\/p>\n<p>&nbsp;<\/p>\n<p>&nbsp;<\/p>\n<p>&nbsp;<\/p>\n","protected":false},"featured_media":8658,"comment_status":"open","ping_status":"closed","template":"","meta":[],"product_brand":[],"product_cat":[424,489],"product_tag":[],"class_list":{"0":"post-16935","1":"product","2":"type-product","3":"status-publish","4":"has-post-thumbnail","6":"product_cat-fasten","7":"product_cat-vaggankare","9":"first","10":"instock","11":"taxable","12":"shipping-taxable","13":"purchasable","14":"product-type-simple"},"_links":{"self":[{"href":"https:\/\/mail.topholds.com\/sv\/wp-json\/wp\/v2\/product\/16935","targetHints":{"allow":["GET"]}}],"collection":[{"href":"https:\/\/mail.topholds.com\/sv\/wp-json\/wp\/v2\/product"}],"about":[{"href":"https:\/\/mail.topholds.com\/sv\/wp-json\/wp\/v2\/types\/product"}],"replies":[{"embeddable":true,"href":"https:\/\/mail.topholds.com\/sv\/wp-json\/wp\/v2\/comments?post=16935"}],"wp:featuredmedia":[{"embeddable":true,"href":"https:\/\/mail.topholds.com\/sv\/wp-json\/wp\/v2\/media\/8658"}],"wp:attachment":[{"href":"https:\/\/mail.topholds.com\/sv\/wp-json\/wp\/v2\/media?parent=16935"}],"wp:term":[{"taxonomy":"product_brand","embeddable":true,"href":"https:\/\/mail.topholds.com\/sv\/wp-json\/wp\/v2\/product_brand?post=16935"},{"taxonomy":"product_cat","embeddable":true,"href":"https:\/\/mail.topholds.com\/sv\/wp-json\/wp\/v2\/product_cat?post=16935"},{"taxonomy":"product_tag","embeddable":true,"href":"https:\/\/mail.topholds.com\/sv\/wp-json\/wp\/v2\/product_tag?post=16935"}],"curies":[{"name":"wp","href":"https:\/\/api.w.org\/{rel}","templated":true}]}}