{"id":16975,"date":"2020-09-03T17:42:21","date_gmt":"2020-09-03T17:42:21","guid":{"rendered":"https:\/\/topholds.com\/wolf-grips\/"},"modified":"2024-12-02T13:03:03","modified_gmt":"2024-12-02T13:03:03","slug":"wolf-grips","status":"publish","type":"product","link":"https:\/\/mail.topholds.com\/sv\/erbjudande\/hinderbana\/traning\/upphangningar\/wolf-grips\/","title":{"rendered":"Hinderbana Upph\u00e4ngningar Wolf Grips"},"content":{"rendered":"<p><strong>Suspension OCR Wolf Grips<\/strong> \u00e4r ett innovativt element f\u00f6r <strong>upph\u00e4ngningar och dragning<\/strong> som ger sp\u00e4nning och utmaning till dina tr\u00e4ningar.<\/p>\n<p>Detta m\u00e5ngsidiga tillbeh\u00f6r \u00e4r utformat f\u00f6r att anv\u00e4ndas med en eller tv\u00e5 h\u00e4nder, vilket m\u00f6jligg\u00f6r ett brett utbud av \u00f6vningar och anpassar sig till dina specifika behov.<\/p>\n<p>Den mjuka och greppv\u00e4nliga texturen p\u00e5 <em>Wolf Grips upph\u00e4ngning<\/em> g\u00f6r det till ett exceptionellt verktyg f\u00f6r <strong>att f\u00f6rb\u00e4ttra dina kl\u00e4ttringstr\u00e4ningar, OCR och Crossfit<\/strong>. Dessutom g\u00f6r dess l\u00e4tta design det perfekt att ta med sig vart som helst och tr\u00e4na n\u00e4r som helst.<\/p>\n<p>Att h\u00e4nga upp Wolf Grips \u00e4r extremt enkelt: p\u00e5 bara tre sekunder kan du <strong>anv\u00e4nda en storspovknut f\u00f6r att f\u00e4sta dem p\u00e5 en gren<\/strong>, chinsst\u00e5ng eller n\u00e5got annat l\u00e4mpligt st\u00f6d. Gl\u00f6m bort urs\u00e4kterna och l\u00e4gg till en utmaning i din dagliga rutin.<\/p>\n<p>T\u00e4nk p\u00e5 att f\u00e4rgerna p\u00e5 Wolf Grips kan variera j\u00e4mf\u00f6rt med bilden som visas. Om du \u00f6nskar en specifik f\u00e4rg, tveka inte att kontakta oss s\u00e5 ska vi g\u00f6ra v\u00e5rt b\u00e4sta f\u00f6r att tillgodose dina preferenser.<\/p>\n","protected":false},"excerpt":{"rendered":"<ul>\n<li>Ideal f\u00f6r upph\u00e4ngningar och dragningar.<\/li>\n<li>Allsidigt grepp: en eller tv\u00e5 h\u00e4nder.<\/li>\n<li>Perfekt f\u00f6r kl\u00e4ttring, OCR och Crossfit.<\/li>\n<li>L\u00e4tt och portabel design.<\/li>\n<li>Enkel installation med l\u00e4rknut.<\/li>\n<\/ul>\n","protected":false},"featured_media":20194,"comment_status":"open","ping_status":"closed","template":"","meta":[],"product_brand":[],"product_cat":[416,515,517],"product_tag":[],"class_list":{"0":"post-16975","1":"product","2":"type-product","3":"status-publish","4":"has-post-thumbnail","6":"product_cat-hinderbana","7":"product_cat-traning","8":"product_cat-upphangningar","10":"first","11":"instock","12":"sale","13":"taxable","14":"shipping-taxable","15":"purchasable","16":"product-type-simple"},"_links":{"self":[{"href":"https:\/\/mail.topholds.com\/sv\/wp-json\/wp\/v2\/product\/16975","targetHints":{"allow":["GET"]}}],"collection":[{"href":"https:\/\/mail.topholds.com\/sv\/wp-json\/wp\/v2\/product"}],"about":[{"href":"https:\/\/mail.topholds.com\/sv\/wp-json\/wp\/v2\/types\/product"}],"replies":[{"embeddable":true,"href":"https:\/\/mail.topholds.com\/sv\/wp-json\/wp\/v2\/comments?post=16975"}],"wp:featuredmedia":[{"embeddable":true,"href":"https:\/\/mail.topholds.com\/sv\/wp-json\/wp\/v2\/media\/20194"}],"wp:attachment":[{"href":"https:\/\/mail.topholds.com\/sv\/wp-json\/wp\/v2\/media?parent=16975"}],"wp:term":[{"taxonomy":"product_brand","embeddable":true,"href":"https:\/\/mail.topholds.com\/sv\/wp-json\/wp\/v2\/product_brand?post=16975"},{"taxonomy":"product_cat","embeddable":true,"href":"https:\/\/mail.topholds.com\/sv\/wp-json\/wp\/v2\/product_cat?post=16975"},{"taxonomy":"product_tag","embeddable":true,"href":"https:\/\/mail.topholds.com\/sv\/wp-json\/wp\/v2\/product_tag?post=16975"}],"curies":[{"name":"wp","href":"https:\/\/api.w.org\/{rel}","templated":true}]}}