{"id":17075,"date":"2021-08-18T16:15:41","date_gmt":"2021-08-18T16:15:41","guid":{"rendered":"https:\/\/topholds.com\/poliedro-02\/"},"modified":"2024-08-26T04:43:12","modified_gmt":"2024-08-26T04:43:12","slug":"poliedro-02","status":"publish","type":"product","link":"https:\/\/mail.topholds.com\/sv\/erbjudande\/klattringrepp\/poliedro-02\/","title":{"rendered":"Kl\u00e4ttergrepp Poliedro 02"},"content":{"rendered":"<p><strong>Lottet av kl\u00e4ttringsgrepp Poliedro 02<\/strong> erbjuder dig 10 grepp med <strong>mjukt sandstenstextur<\/strong> som f\u00e5r dig att k\u00e4nna dig som om du kl\u00e4ttrar p\u00e5 naturlig sten. Det \u00e4r grepp med reglar och kl\u00e4mmor som kommer att utmana dig att f\u00f6rb\u00e4ttra din teknik och styrka.<\/p>\n<p><em>Greppen Poliedro 02<\/em> har ett s\u00e4kert och h\u00e5llbart f\u00e4stsystem: alla har ett h\u00e5l f\u00f6r en anti-rotation skruv som f\u00f6rhindrar att de r\u00f6r sig eller faller av. Dessutom \u00e4r de l\u00e4tta att installera: du beh\u00f6ver bara M10x40 (rekommenderad) eller M8x40 skruvar.<\/p>\n<p>F\u00e4rgerna kan skilja sig fr\u00e5n bilden. Om du \u00f6nskar n\u00e5gon speciell f\u00e4rg, v\u00e4nligen kontakta oss.<\/p>\n","protected":false},"excerpt":{"rendered":"<ul>\n<li>Poliedro 02 \u00e4r ett parti med 10 grepp med mjuk sandstensstruktur.<\/li>\n<li>Grepp med reglar och klor.<\/li>\n<li>Alla f\u00f6rsedda med h\u00e5l f\u00f6r skruv f\u00f6r att motverka rotation.<\/li>\n<\/ul>\n","protected":false},"featured_media":20594,"comment_status":"open","ping_status":"closed","template":"","meta":[],"product_brand":[],"product_cat":[425],"product_tag":[],"class_list":{"0":"post-17075","1":"product","2":"type-product","3":"status-publish","4":"has-post-thumbnail","6":"product_cat-klattringrepp","8":"first","9":"instock","10":"taxable","11":"shipping-taxable","12":"purchasable","13":"product-type-simple"},"_links":{"self":[{"href":"https:\/\/mail.topholds.com\/sv\/wp-json\/wp\/v2\/product\/17075","targetHints":{"allow":["GET"]}}],"collection":[{"href":"https:\/\/mail.topholds.com\/sv\/wp-json\/wp\/v2\/product"}],"about":[{"href":"https:\/\/mail.topholds.com\/sv\/wp-json\/wp\/v2\/types\/product"}],"replies":[{"embeddable":true,"href":"https:\/\/mail.topholds.com\/sv\/wp-json\/wp\/v2\/comments?post=17075"}],"wp:featuredmedia":[{"embeddable":true,"href":"https:\/\/mail.topholds.com\/sv\/wp-json\/wp\/v2\/media\/20594"}],"wp:attachment":[{"href":"https:\/\/mail.topholds.com\/sv\/wp-json\/wp\/v2\/media?parent=17075"}],"wp:term":[{"taxonomy":"product_brand","embeddable":true,"href":"https:\/\/mail.topholds.com\/sv\/wp-json\/wp\/v2\/product_brand?post=17075"},{"taxonomy":"product_cat","embeddable":true,"href":"https:\/\/mail.topholds.com\/sv\/wp-json\/wp\/v2\/product_cat?post=17075"},{"taxonomy":"product_tag","embeddable":true,"href":"https:\/\/mail.topholds.com\/sv\/wp-json\/wp\/v2\/product_tag?post=17075"}],"curies":[{"name":"wp","href":"https:\/\/api.w.org\/{rel}","templated":true}]}}