{"id":17160,"date":"2021-11-21T18:48:11","date_gmt":"2021-11-21T18:48:11","guid":{"rendered":"https:\/\/topholds.com\/top-jump\/"},"modified":"2026-03-08T20:22:19","modified_gmt":"2026-03-08T20:22:19","slug":"top-jump","status":"publish","type":"product","link":"https:\/\/mail.topholds.com\/sv\/erbjudande\/hinderbana\/traning\/upphangningar\/top-jump\/","title":{"rendered":"Hinderbana Upph\u00e4ngningar Top Jump"},"content":{"rendered":"<p><strong>Top Jump \u00e4r en komponent f\u00f6r upph\u00e4ngningar och dragningar<\/strong> som hj\u00e4lper dig att ta dina tr\u00e4ningar till n\u00e4sta niv\u00e5. Designad f\u00f6r att erbjuda sp\u00e4nning och utmaning, \u00e4r denna del perfekt f\u00f6r dem som letar efter n\u00e5got mer.<\/p>\n<p>F\u00f6rutom sin vanliga anv\u00e4ndning, \u00e4r <strong>upph\u00e4ngningen OCR Top Jump<\/strong> designad f\u00f6r att utf\u00f6ra pendelr\u00f6relser eller kast mellan en upph\u00e4ngning och en annan, och ger en mer dynamisk och intensiv tr\u00e4ning.<\/p>\n<p>Dess koniska nederdel f\u00f6rhindrar att den glider och underl\u00e4ttar greppet f\u00f6r nyb\u00f6rjare i upph\u00e4ngningen. Dessutom g\u00f6r dess mjuka men klibbiga textur den till ett idealiskt verktyg f\u00f6r <strong>tr\u00e4ning av OCR, kl\u00e4ttring, kalistenik och CrossFit<\/strong>.<\/p>\n<p><em>Upph\u00e4ngningen OCR Top Jump<\/em> har en n\u00e5got st\u00f6rre diameter \u00e4n v\u00e5r ursprungliga Nunchaku, \u00e4ven om dess l\u00e4ngd \u00e4r mycket st\u00f6rre.<\/p>\n<p>Med sin l\u00e4tta vikt \u00e4r Top Jump l\u00e4tt att ta med sig var som helst och kan <strong>h\u00e4ngas p\u00e5 vilken gren eller pull-up bar<\/strong> som helst p\u00e5 n\u00e5gra sekunder med en larkknop.<\/p>\n<p>Utmanar du dig sj\u00e4lv att \u00f6vervinna dina gr\u00e4nser med Top Jump!<\/p>\n<p>Kom ih\u00e5g att f\u00e4rgerna kan variera, s\u00e5 om du \u00f6nskar en speciell, kontakta oss.<\/p>\n","protected":false},"excerpt":{"rendered":"<ul>\n<li>Ger ett mer dynamiskt och intensivt tr\u00e4ningspass med pendelr\u00f6relser och kast.<\/li>\n<li>Den koniska nederdelen f\u00f6rhindrar halkning och underl\u00e4ttar grepp f\u00f6r nyb\u00f6rjare vid suspension.<\/li>\n<li>Mjukt men greppv\u00e4nligt material, idealiskt f\u00f6r OCR-tr\u00e4ning, kl\u00e4ttring, calisthenics och CrossFit.<\/li>\n<li>L\u00e4tt och enkel att transportera \u00f6verallt.<\/li>\n<\/ul>\n","protected":false},"featured_media":20899,"comment_status":"open","ping_status":"closed","template":"","meta":[],"product_brand":[],"product_cat":[416,515,517],"product_tag":[],"class_list":{"0":"post-17160","1":"product","2":"type-product","3":"status-publish","4":"has-post-thumbnail","6":"product_cat-hinderbana","7":"product_cat-traning","8":"product_cat-upphangningar","10":"first","11":"instock","12":"sale","13":"taxable","14":"shipping-taxable","15":"purchasable","16":"product-type-simple"},"_links":{"self":[{"href":"https:\/\/mail.topholds.com\/sv\/wp-json\/wp\/v2\/product\/17160","targetHints":{"allow":["GET"]}}],"collection":[{"href":"https:\/\/mail.topholds.com\/sv\/wp-json\/wp\/v2\/product"}],"about":[{"href":"https:\/\/mail.topholds.com\/sv\/wp-json\/wp\/v2\/types\/product"}],"replies":[{"embeddable":true,"href":"https:\/\/mail.topholds.com\/sv\/wp-json\/wp\/v2\/comments?post=17160"}],"wp:featuredmedia":[{"embeddable":true,"href":"https:\/\/mail.topholds.com\/sv\/wp-json\/wp\/v2\/media\/20899"}],"wp:attachment":[{"href":"https:\/\/mail.topholds.com\/sv\/wp-json\/wp\/v2\/media?parent=17160"}],"wp:term":[{"taxonomy":"product_brand","embeddable":true,"href":"https:\/\/mail.topholds.com\/sv\/wp-json\/wp\/v2\/product_brand?post=17160"},{"taxonomy":"product_cat","embeddable":true,"href":"https:\/\/mail.topholds.com\/sv\/wp-json\/wp\/v2\/product_cat?post=17160"},{"taxonomy":"product_tag","embeddable":true,"href":"https:\/\/mail.topholds.com\/sv\/wp-json\/wp\/v2\/product_tag?post=17160"}],"curies":[{"name":"wp","href":"https:\/\/api.w.org\/{rel}","templated":true}]}}